{"id":109833,"date":"2024-02-08T06:49:01","date_gmt":"2024-02-08T04:49:01","guid":{"rendered":"https:\/\/exlibris.ee\/toode\/wem-gehort-der-schuh-kinderbuch-deutsch-russisch-mit-mehrsprachiger-hor-cd\/"},"modified":"2026-04-25T19:21:57","modified_gmt":"2026-04-25T16:21:57","slug":"wem-gehort-der-schuh-kinderbuch-deutsch-russisch-mit-mehrsprachiger-hor-cd","status":"publish","type":"product","link":"https:\/\/exlibris.ee\/en\/product\/wem-gehort-der-schuh-kinderbuch-deutsch-russisch-mit-mehrsprachiger-hor-cd\/","title":{"rendered":"Wem geh\u00f6rt der Schuh? \/ Kinderbuch Deutsch-Russisch mit mehrsprachiger H\u00f6r-CD"},"content":{"rendered":"<p>Zielgruppe: Kinder ab 4 Jahren. Als die kleine Maus an diesem Morgen ihr Mauseloch verl\u00e4sst, findet sie einen riesengro\u00dfen Schuh. Wem der wohl geh\u00f6rt? Nach und nach beteiligen sich der Frosch, der Igel, das Eichh\u00f6rnchen und der Hase an der Suche nach dem Besitzer des Schuhs. Und als der schlie\u00dflich gefunden ist, hat der Schuh eine lange Reise und etliche Verwandlungen hinter sich.. Eine Geschichte \u00fcber den Wert eines Gegenstands, den manch einer nur f\u00fcr alt und abgenutzt halten w\u00fcrde. Doch Fantasie, Hilfsbereitschaft und Zusammenhalt machen etwas ganz anderes draus \u2026. Mit mehrsprachiger H\u00f6r-CD!<\/p>\n","protected":false},"excerpt":{"rendered":"<p>Zielgruppe: Kinder ab 4 Jahren. Als die kleine Maus an diesem Morgen ihr Mauseloch verl\u00e4sst, findet sie einen riesengro\u00dfen Schuh. Wem der wohl geh\u00f6rt? Nach und nach beteiligen sich der Frosch, der Igel, das Eichh\u00f6rnchen und der Hase an der&#8230;<\/p>\n","protected":false},"featured_media":474278,"template":"","meta":{"_acf_changed":false,"inline_featured_image":false},"product_brand":[],"product_cat":[851],"product_tag":[],"series":[],"publisher":[{"id":1305,"name":"Edition bi:libri","slug":"edition-bilibri"}],"class_list":{"0":"post-109833","1":"product","2":"type-product","3":"status-publish","4":"has-post-thumbnail","6":"product_cat-lesetexte-deutsch","7":"publisher-edition-bilibri","9":"first","10":"onbackorder","11":"taxable","12":"shipping-taxable","13":"purchasable","14":"product-type-simple"},"acf":[],"_links":{"self":[{"href":"https:\/\/exlibris.ee\/en\/wp-json\/wp\/v2\/product\/109833","targetHints":{"allow":["GET"]}}],"collection":[{"href":"https:\/\/exlibris.ee\/en\/wp-json\/wp\/v2\/product"}],"about":[{"href":"https:\/\/exlibris.ee\/en\/wp-json\/wp\/v2\/types\/product"}],"wp:featuredmedia":[{"embeddable":true,"href":"https:\/\/exlibris.ee\/en\/wp-json\/wp\/v2\/media\/474278"}],"wp:attachment":[{"href":"https:\/\/exlibris.ee\/en\/wp-json\/wp\/v2\/media?parent=109833"}],"wp:term":[{"taxonomy":"product_brand","embeddable":true,"href":"https:\/\/exlibris.ee\/en\/wp-json\/wp\/v2\/product_brand?post=109833"},{"taxonomy":"product_cat","embeddable":true,"href":"https:\/\/exlibris.ee\/en\/wp-json\/wp\/v2\/product_cat?post=109833"},{"taxonomy":"product_tag","embeddable":true,"href":"https:\/\/exlibris.ee\/en\/wp-json\/wp\/v2\/product_tag?post=109833"},{"taxonomy":"series","embeddable":true,"href":"https:\/\/exlibris.ee\/en\/wp-json\/wp\/v2\/series?post=109833"},{"taxonomy":"publisher","embeddable":true,"href":"https:\/\/exlibris.ee\/en\/wp-json\/wp\/v2\/publisher?post=109833"}],"curies":[{"name":"wp","href":"https:\/\/api.w.org\/{rel}","templated":true}]}}