{"id":109835,"date":"2024-02-08T06:49:02","date_gmt":"2024-02-08T04:49:02","guid":{"rendered":"https:\/\/exlibris.ee\/toode\/gute-idee-b1-2-deutsch-fur-jugendliche-kursbuch-plus-interaktive-version\/"},"modified":"2026-04-05T17:22:29","modified_gmt":"2026-04-05T14:22:29","slug":"gute-idee-b1-2-deutsch-fur-jugendliche-kursbuch-plus-interaktive-version","status":"publish","type":"product","link":"https:\/\/exlibris.ee\/en\/product\/gute-idee-b1-2-deutsch-fur-jugendliche-kursbuch-plus-interaktive-version\/","title":{"rendered":"Gute Idee! B1.2 \/ Deutsch f\u00fcr Jugendliche \/ Kursbuch plus interaktive Version"},"content":{"rendered":"<p>Niveau B1.2 bis B1.2<br \/>\nGute Idee! &#8211; das motivierend andere Jugendlichenlehrwerk f\u00fcr Deutsch als Fremdsprache<\/p>\n<p>Gute Idee! Teilband B1.2<\/p>\n<p>Zielgruppe: Jugendliche in B1.2-Kursen an Schulen und anderen Institutionen weltweit<\/p>\n<p>Gute Idee!ist ein jugendlichengerechtes Lehrwerk, das durch emotional ber\u00fchrende, ausgefallene Texte und Themen f\u00fcr den Deutschunterricht motiviert. Es er\u00f6ffnet neue Themenfelder, die nicht der unmittelbaren Alltagsrealit\u00e4t der Jugendlichen entstammen, und erm\u00f6glicht mit diesem Ansatz ein motivierendes und effektives Lernen.<\/p>\n<p>Die Inhalte sind international angelegt und ber\u00fccksichtigen die vielf\u00e4ltigen Lebenswelten junger Menschen weltweit.<\/p>\n<p>Die B\u00e4nde B1.1 und B1.2 bereiten gezielt auf das Zertifikat B1 f\u00fcr Jugendliche und das DSD I vor.<\/p>\n<p>Gute Idee!ist eine Aktualisierung des Lehrwerks Ideenund enth\u00e4lt eine interaktive Version und bietet eine optimale Verzahnung von Print und Digital f\u00fcr Online- und Pr\u00e4senzunterricht.<br \/>\nDie interaktive Version ist wahlweise erh\u00e4ltlich als eigenst\u00e4ndiges Produkt oder \u00fcber Startcode im Buch.<\/p>\n<p>Die interaktive Version des Kursbuchs enth\u00e4lt:<\/p>\n<p>&#8211; alle H\u00f6rdateien und Filme des Buches, direkt bei der jeweiligen Aufgabe abrufbar<\/p>\n<p>&#8211; interaktiv umgesetzte Kurs- und Arbeitsbuch\u00fcbungen zum Einsatz im Unterricht oder zum individuellen Wiederholen der Kursinhalte<\/p>\n<p>&#8211; eine umfangreiche Toolbar mit vielseitigen Funktionen f\u00fcr den Einsatz am Whiteboard (u. a. markieren, Notizen, Schreibwerkzeuge u. v.m.)<\/p>\n","protected":false},"excerpt":{"rendered":"<p>Niveau B1.2 bis B1.2 Gute Idee! &#8211; das motivierend andere Jugendlichenlehrwerk f\u00fcr Deutsch als Fremdsprache Gute Idee! Teilband B1.2 Zielgruppe: Jugendliche in B1.2-Kursen an Schulen und anderen Institutionen weltweit Gute Idee!ist ein jugendlichengerechtes Lehrwerk, das durch emotional ber\u00fchrende, ausgefallene Texte&#8230;<\/p>\n","protected":false},"featured_media":131228,"template":"","meta":{"_acf_changed":false,"inline_featured_image":false},"product_brand":[],"product_cat":[477],"product_tag":[],"series":[{"id":1188,"name":"Gute Idee!","slug":"gute-idee"}],"publisher":[{"id":497,"name":"Hueber Verlag","slug":"hueber-verlag"}],"class_list":{"0":"post-109835","1":"product","2":"type-product","3":"status-publish","4":"has-post-thumbnail","6":"product_cat-lehrwerke-fur-jugendliche","7":"series-gute-idee","8":"publisher-hueber-verlag","10":"first","11":"instock","12":"taxable","13":"shipping-taxable","14":"purchasable","15":"product-type-simple"},"acf":[],"_links":{"self":[{"href":"https:\/\/exlibris.ee\/en\/wp-json\/wp\/v2\/product\/109835","targetHints":{"allow":["GET"]}}],"collection":[{"href":"https:\/\/exlibris.ee\/en\/wp-json\/wp\/v2\/product"}],"about":[{"href":"https:\/\/exlibris.ee\/en\/wp-json\/wp\/v2\/types\/product"}],"wp:featuredmedia":[{"embeddable":true,"href":"https:\/\/exlibris.ee\/en\/wp-json\/wp\/v2\/media\/131228"}],"wp:attachment":[{"href":"https:\/\/exlibris.ee\/en\/wp-json\/wp\/v2\/media?parent=109835"}],"wp:term":[{"taxonomy":"product_brand","embeddable":true,"href":"https:\/\/exlibris.ee\/en\/wp-json\/wp\/v2\/product_brand?post=109835"},{"taxonomy":"product_cat","embeddable":true,"href":"https:\/\/exlibris.ee\/en\/wp-json\/wp\/v2\/product_cat?post=109835"},{"taxonomy":"product_tag","embeddable":true,"href":"https:\/\/exlibris.ee\/en\/wp-json\/wp\/v2\/product_tag?post=109835"},{"taxonomy":"series","embeddable":true,"href":"https:\/\/exlibris.ee\/en\/wp-json\/wp\/v2\/series?post=109835"},{"taxonomy":"publisher","embeddable":true,"href":"https:\/\/exlibris.ee\/en\/wp-json\/wp\/v2\/publisher?post=109835"}],"curies":[{"name":"wp","href":"https:\/\/api.w.org\/{rel}","templated":true}]}}