{"id":109958,"date":"2024-02-08T06:53:15","date_gmt":"2024-02-08T04:53:15","guid":{"rendered":"https:\/\/exlibris.ee\/toode\/bakabu-auf-der-verruckten-bewegungsinsel-11-videos-zur-bewegungsforderung-kinderbuch\/"},"modified":"2026-04-17T17:37:16","modified_gmt":"2026-04-17T14:37:16","slug":"bakabu-auf-der-verruckten-bewegungsinsel-11-videos-zur-bewegungsforderung-kinderbuch","status":"publish","type":"product","link":"https:\/\/exlibris.ee\/en\/product\/bakabu-auf-der-verruckten-bewegungsinsel-11-videos-zur-bewegungsforderung-kinderbuch\/","title":{"rendered":"Bakabu auf der verr\u00fcckten Bewegungsinsel \/ + 11 Videos zur Bewegungsf\u00f6rderung \/ Kinderbuch"},"content":{"rendered":"<p>Eine Bakabu-Geschichte zum Thema Bewegung f\u00fcr Kinder ab 5 Jahren. Bakabu, Mimi Lou und Charlie Gru landen auf einer seltsamen Insel im Stillen Ozean. Jack Embalo ist krank und die drei suchen nach dem Katzuh, einem sagenumwobenen Wesen, das \u00fcber wundersame Kr\u00e4fte verf\u00fcgt. Auf ihrem Weg durch Dschungel und Steppe, \u00fcber wilde Fl\u00fcsse und schneebedeckte Berge erleben sie viele gef\u00e4hrliche Abenteuer, die sie nur bew\u00e4ltigen k\u00f6nnen, indem sie bestimmte Bewegungen ausf\u00fchren. Dabei helfen ihnen neue Freunde und ein Zaubermittel, mit dem alles leichter geht \u2026 nat\u00fcrlich die Musik.. Das neue Bakabu-Abenteuer zur Bewegungsf\u00f6rderung ist in Kooperation mit Physio Austria, dem Bundesverband der Physiotherapeut:innen \u00d6sterreichs, entstanden.. Das Buch enth\u00e4lt 11 lustige Turn\u00fcbungen und QR-Codes zu Erkl\u00e4rvideos und Songs.<\/p>\n","protected":false},"excerpt":{"rendered":"<p>Eine Bakabu-Geschichte zum Thema Bewegung f\u00fcr Kinder ab 5 Jahren. Bakabu, Mimi Lou und Charlie Gru landen auf einer seltsamen Insel im Stillen Ozean. Jack Embalo ist krank und die drei suchen nach dem Katzuh, einem sagenumwobenen Wesen, das \u00fcber&#8230;<\/p>\n","protected":false},"featured_media":321979,"template":"","meta":{"_acf_changed":false,"inline_featured_image":false},"product_brand":[],"product_cat":[851],"product_tag":[],"series":[{"id":2132,"name":"Bakabu","slug":"bakabu"}],"publisher":[{"id":1351,"name":"Vermes-Verlag","slug":"vermes-verlag"}],"class_list":{"0":"post-109958","1":"product","2":"type-product","3":"status-publish","4":"has-post-thumbnail","6":"product_cat-lesetexte-deutsch","7":"series-bakabu","8":"publisher-vermes-verlag","10":"first","11":"onbackorder","12":"taxable","13":"shipping-taxable","14":"purchasable","15":"product-type-simple"},"acf":[],"_links":{"self":[{"href":"https:\/\/exlibris.ee\/en\/wp-json\/wp\/v2\/product\/109958","targetHints":{"allow":["GET"]}}],"collection":[{"href":"https:\/\/exlibris.ee\/en\/wp-json\/wp\/v2\/product"}],"about":[{"href":"https:\/\/exlibris.ee\/en\/wp-json\/wp\/v2\/types\/product"}],"wp:featuredmedia":[{"embeddable":true,"href":"https:\/\/exlibris.ee\/en\/wp-json\/wp\/v2\/media\/321979"}],"wp:attachment":[{"href":"https:\/\/exlibris.ee\/en\/wp-json\/wp\/v2\/media?parent=109958"}],"wp:term":[{"taxonomy":"product_brand","embeddable":true,"href":"https:\/\/exlibris.ee\/en\/wp-json\/wp\/v2\/product_brand?post=109958"},{"taxonomy":"product_cat","embeddable":true,"href":"https:\/\/exlibris.ee\/en\/wp-json\/wp\/v2\/product_cat?post=109958"},{"taxonomy":"product_tag","embeddable":true,"href":"https:\/\/exlibris.ee\/en\/wp-json\/wp\/v2\/product_tag?post=109958"},{"taxonomy":"series","embeddable":true,"href":"https:\/\/exlibris.ee\/en\/wp-json\/wp\/v2\/series?post=109958"},{"taxonomy":"publisher","embeddable":true,"href":"https:\/\/exlibris.ee\/en\/wp-json\/wp\/v2\/publisher?post=109958"}],"curies":[{"name":"wp","href":"https:\/\/api.w.org\/{rel}","templated":true}]}}