{"id":109960,"date":"2024-02-08T06:53:16","date_gmt":"2024-02-08T04:53:16","guid":{"rendered":"https:\/\/exlibris.ee\/toode\/bakabu-abenteuer-in-mintmausen-mit-10-spannenden-experimenten-kinderbuch\/"},"modified":"2026-04-17T17:37:16","modified_gmt":"2026-04-17T14:37:16","slug":"bakabu-abenteuer-in-mintmausen-mit-10-spannenden-experimenten-kinderbuch","status":"publish","type":"product","link":"https:\/\/exlibris.ee\/en\/product\/bakabu-abenteuer-in-mintmausen-mit-10-spannenden-experimenten-kinderbuch\/","title":{"rendered":"Bakabu &#8211; Abenteuer in MINTmausen \/ Mit 10 spannenden Experimenten \/ Kinderbuch"},"content":{"rendered":"<p>Eine Bakabu-Geschichte zum Thema Technik f\u00fcr Kinder ab 5 Jahren. Ein neues Abenteuer f\u00fchrt Bakabu und seine Freunde zur\u00fcck auf die Erde \u2013 und direkt ins Technische Museum Wien, das eine tolle Sammlung von alten und neuen Musikinstrumenten beherbergt. Doch ehe Bakabu, Charlie Gru und Mimi Lou an ihr Ziel gelangen, m\u00fcssen sie im Museum ein paar richtig knifflige Aufgaben l\u00f6sen \u2013 mit viel K\u00f6pfchen, etwas Gl\u00fcck und nat\u00fcrlich mit viel Musik\u2008\u2026. Das neue Bakabu-Abenteuer ist in Zusammenarbeit mit dem Technischen Museum Wien entstanden. Das Buch enth\u00e4lt neben der unterhaltsamen Geschichte, die sich in 10 Episoden untergliedert, auch 10 spannende Experimente f\u00fcr Kinder ab 5 Jahren sowie 11 neue Bakabu-Lieder.<\/p>\n","protected":false},"excerpt":{"rendered":"<p>Eine Bakabu-Geschichte zum Thema Technik f\u00fcr Kinder ab 5 Jahren. Ein neues Abenteuer f\u00fchrt Bakabu und seine Freunde zur\u00fcck auf die Erde \u2013 und direkt ins Technische Museum Wien, das eine tolle Sammlung von alten und neuen Musikinstrumenten beherbergt. Doch&#8230;<\/p>\n","protected":false},"featured_media":321985,"template":"","meta":{"_acf_changed":false,"inline_featured_image":false},"product_brand":[],"product_cat":[851],"product_tag":[],"series":[{"id":2132,"name":"Bakabu","slug":"bakabu"}],"publisher":[{"id":1351,"name":"Vermes-Verlag","slug":"vermes-verlag"}],"class_list":{"0":"post-109960","1":"product","2":"type-product","3":"status-publish","4":"has-post-thumbnail","6":"product_cat-lesetexte-deutsch","7":"series-bakabu","8":"publisher-vermes-verlag","10":"first","11":"onbackorder","12":"taxable","13":"shipping-taxable","14":"purchasable","15":"product-type-simple"},"acf":[],"_links":{"self":[{"href":"https:\/\/exlibris.ee\/en\/wp-json\/wp\/v2\/product\/109960","targetHints":{"allow":["GET"]}}],"collection":[{"href":"https:\/\/exlibris.ee\/en\/wp-json\/wp\/v2\/product"}],"about":[{"href":"https:\/\/exlibris.ee\/en\/wp-json\/wp\/v2\/types\/product"}],"wp:featuredmedia":[{"embeddable":true,"href":"https:\/\/exlibris.ee\/en\/wp-json\/wp\/v2\/media\/321985"}],"wp:attachment":[{"href":"https:\/\/exlibris.ee\/en\/wp-json\/wp\/v2\/media?parent=109960"}],"wp:term":[{"taxonomy":"product_brand","embeddable":true,"href":"https:\/\/exlibris.ee\/en\/wp-json\/wp\/v2\/product_brand?post=109960"},{"taxonomy":"product_cat","embeddable":true,"href":"https:\/\/exlibris.ee\/en\/wp-json\/wp\/v2\/product_cat?post=109960"},{"taxonomy":"product_tag","embeddable":true,"href":"https:\/\/exlibris.ee\/en\/wp-json\/wp\/v2\/product_tag?post=109960"},{"taxonomy":"series","embeddable":true,"href":"https:\/\/exlibris.ee\/en\/wp-json\/wp\/v2\/series?post=109960"},{"taxonomy":"publisher","embeddable":true,"href":"https:\/\/exlibris.ee\/en\/wp-json\/wp\/v2\/publisher?post=109960"}],"curies":[{"name":"wp","href":"https:\/\/api.w.org\/{rel}","templated":true}]}}