{"id":109961,"date":"2024-02-08T06:53:16","date_gmt":"2024-02-08T04:53:16","guid":{"rendered":"https:\/\/exlibris.ee\/toode\/meine-familie-kinderbuch-deutsch-russisch\/"},"modified":"2026-04-27T07:37:02","modified_gmt":"2026-04-27T04:37:02","slug":"meine-familie-kinderbuch-deutsch-russisch","status":"publish","type":"product","link":"https:\/\/exlibris.ee\/en\/product\/meine-familie-kinderbuch-deutsch-russisch\/","title":{"rendered":"Meine Familie \/ Kinderbuch Deutsch-Russisch"},"content":{"rendered":"<p>Zweisprachiges Kinderbuch Deutsch-Russisch ab 3 Jahren. Marie freut sich! Ihre ganze Familie kommt zum Hochzeitstag der Gro\u00dfeltern zu einer Feier zusammen: Tanten und Onkel, Cousins und Cousinen, Schw\u00e4ger und Schw\u00e4gerinnen. Mit dieser kleinen Geschichte lernen Kinder die wichtigsten Verwandtschaftsbezeichnungen in zwei Sprachen.. F\u00fcr weitere Sprachen erh\u00e4ltlich.<\/p>\n","protected":false},"excerpt":{"rendered":"<p>Zweisprachiges Kinderbuch Deutsch-Russisch ab 3 Jahren. Marie freut sich! Ihre ganze Familie kommt zum Hochzeitstag der Gro\u00dfeltern zu einer Feier zusammen: Tanten und Onkel, Cousins und Cousinen, Schw\u00e4ger und Schw\u00e4gerinnen. Mit dieser kleinen Geschichte lernen Kinder die wichtigsten Verwandtschaftsbezeichnungen in&#8230;<\/p>\n","protected":false},"featured_media":508054,"template":"","meta":{"_acf_changed":false,"inline_featured_image":false},"product_brand":[],"product_cat":[851],"product_tag":[],"series":[],"publisher":[{"id":1305,"name":"Edition bi:libri","slug":"edition-bilibri"}],"class_list":{"0":"post-109961","1":"product","2":"type-product","3":"status-publish","4":"has-post-thumbnail","6":"product_cat-lesetexte-deutsch","7":"publisher-edition-bilibri","9":"first","10":"onbackorder","11":"taxable","12":"shipping-taxable","13":"purchasable","14":"product-type-simple"},"acf":[],"_links":{"self":[{"href":"https:\/\/exlibris.ee\/en\/wp-json\/wp\/v2\/product\/109961","targetHints":{"allow":["GET"]}}],"collection":[{"href":"https:\/\/exlibris.ee\/en\/wp-json\/wp\/v2\/product"}],"about":[{"href":"https:\/\/exlibris.ee\/en\/wp-json\/wp\/v2\/types\/product"}],"wp:featuredmedia":[{"embeddable":true,"href":"https:\/\/exlibris.ee\/en\/wp-json\/wp\/v2\/media\/508054"}],"wp:attachment":[{"href":"https:\/\/exlibris.ee\/en\/wp-json\/wp\/v2\/media?parent=109961"}],"wp:term":[{"taxonomy":"product_brand","embeddable":true,"href":"https:\/\/exlibris.ee\/en\/wp-json\/wp\/v2\/product_brand?post=109961"},{"taxonomy":"product_cat","embeddable":true,"href":"https:\/\/exlibris.ee\/en\/wp-json\/wp\/v2\/product_cat?post=109961"},{"taxonomy":"product_tag","embeddable":true,"href":"https:\/\/exlibris.ee\/en\/wp-json\/wp\/v2\/product_tag?post=109961"},{"taxonomy":"series","embeddable":true,"href":"https:\/\/exlibris.ee\/en\/wp-json\/wp\/v2\/series?post=109961"},{"taxonomy":"publisher","embeddable":true,"href":"https:\/\/exlibris.ee\/en\/wp-json\/wp\/v2\/publisher?post=109961"}],"curies":[{"name":"wp","href":"https:\/\/api.w.org\/{rel}","templated":true}]}}