{"id":109967,"date":"2024-02-08T06:53:18","date_gmt":"2024-02-08T04:53:18","guid":{"rendered":"https:\/\/exlibris.ee\/toode\/menschen-a2-berufstrainer-mit-audios-online\/"},"modified":"2026-04-04T05:16:24","modified_gmt":"2026-04-04T02:16:24","slug":"menschen-a2-berufstrainer-mit-audios-online","status":"publish","type":"product","link":"https:\/\/exlibris.ee\/en\/product\/menschen-a2-berufstrainer-mit-audios-online\/","title":{"rendered":"Menschen A2 \/ Berufstrainer mit Audios online"},"content":{"rendered":"<p>Der Berufstrainer greift sprachliche und thematische Aspekte aus dem Kursbuch auf und \u00fcbertr\u00e4gt sie ins berufliche Umfeld. So wird neuer berufsspezifischer Wortschatz eingef\u00fchrt und ge\u00fcbt auf der Grundlage bereits bekannter Grammatikstrukturen, da die Progression an Kursbuch angepasst ist.<\/p>\n","protected":false},"excerpt":{"rendered":"<p>Der Berufstrainer greift sprachliche und thematische Aspekte aus dem Kursbuch auf und \u00fcbertr\u00e4gt sie ins berufliche Umfeld. So wird neuer berufsspezifischer Wortschatz eingef\u00fchrt und ge\u00fcbt auf der Grundlage bereits bekannter Grammatikstrukturen, da die Progression an Kursbuch angepasst ist.<\/p>\n","protected":false},"featured_media":109936,"template":"","meta":{"_acf_changed":false,"inline_featured_image":false},"product_brand":[],"product_cat":[1121],"product_tag":[],"series":[{"id":2109,"name":"Menschen","slug":"menschen"}],"publisher":[{"id":497,"name":"Hueber Verlag","slug":"hueber-verlag"}],"class_list":{"0":"post-109967","1":"product","2":"type-product","3":"status-publish","4":"has-post-thumbnail","6":"product_cat-lehrwerke-fur-jugendliche-und-erwachsene","7":"series-menschen","8":"publisher-hueber-verlag","10":"first","11":"onbackorder","12":"taxable","13":"shipping-taxable","14":"purchasable","15":"product-type-simple"},"acf":[],"_links":{"self":[{"href":"https:\/\/exlibris.ee\/en\/wp-json\/wp\/v2\/product\/109967","targetHints":{"allow":["GET"]}}],"collection":[{"href":"https:\/\/exlibris.ee\/en\/wp-json\/wp\/v2\/product"}],"about":[{"href":"https:\/\/exlibris.ee\/en\/wp-json\/wp\/v2\/types\/product"}],"wp:featuredmedia":[{"embeddable":true,"href":"https:\/\/exlibris.ee\/en\/wp-json\/wp\/v2\/media\/109936"}],"wp:attachment":[{"href":"https:\/\/exlibris.ee\/en\/wp-json\/wp\/v2\/media?parent=109967"}],"wp:term":[{"taxonomy":"product_brand","embeddable":true,"href":"https:\/\/exlibris.ee\/en\/wp-json\/wp\/v2\/product_brand?post=109967"},{"taxonomy":"product_cat","embeddable":true,"href":"https:\/\/exlibris.ee\/en\/wp-json\/wp\/v2\/product_cat?post=109967"},{"taxonomy":"product_tag","embeddable":true,"href":"https:\/\/exlibris.ee\/en\/wp-json\/wp\/v2\/product_tag?post=109967"},{"taxonomy":"series","embeddable":true,"href":"https:\/\/exlibris.ee\/en\/wp-json\/wp\/v2\/series?post=109967"},{"taxonomy":"publisher","embeddable":true,"href":"https:\/\/exlibris.ee\/en\/wp-json\/wp\/v2\/publisher?post=109967"}],"curies":[{"name":"wp","href":"https:\/\/api.w.org\/{rel}","templated":true}]}}