{"id":109969,"date":"2024-02-08T06:53:18","date_gmt":"2024-02-08T04:53:18","guid":{"rendered":"https:\/\/exlibris.ee\/toode\/happy-learning-glucklich-und-erfolgreich-sprachen-lernen-buch\/"},"modified":"2026-04-05T17:25:59","modified_gmt":"2026-04-05T14:25:59","slug":"happy-learning-glucklich-und-erfolgreich-sprachen-lernen-buch","status":"publish","type":"product","link":"https:\/\/exlibris.ee\/en\/product\/happy-learning-glucklich-und-erfolgreich-sprachen-lernen-buch\/","title":{"rendered":"Happy Learning \u2013 Gl\u00fccklich und erfolgreich Sprachen lernen \/ Buch"},"content":{"rendered":"<p>Sprache ist der Schl\u00fcssel zum Bildungs- und Lebenserfolg und \u00f6ffnet Chancen. Mit Happy Learning gelingt das Sprachenlernen und werden Lernende (DaF und Fremdsprachen) gest\u00e4rkt: \u00dcbungen zur Steigerung von Resilienz, Optimismus und Stressbew\u00e4ltigung helfen dabei, die Lernziele zu erreichen und Lernende gl\u00fccklich und erfolgreich zu machen.. Der Ratgeber ist spannend, informativ und gut lesbar:. \u2022 stellt einen neuen Ansatz vor, der auf die besonderen Herausforderungen und Stressoren unserer Zeit reagiert.. \u2022 erkl\u00e4rt Hintergr\u00fcnde und Zusammenh\u00e4nge mit Einblicken in die Forschung.. \u2022 zeigt, wie \u00dcbungen zur Steigerung von Wohlbefinden und mentaler St\u00e4rke mit Sprachlernzielen verbunden werden k\u00f6nnen.. \u2022 stellt direkt umsetzbare, erprobte \u00dcbungen f\u00fcr den Unterricht und zu Hause vor.. \u2022 gibt erg\u00e4nzende Tipps, die bereits Schulkinder und Jugendliche ohne Unterst\u00fctzung umsetzen k\u00f6nnen und die auch von Erwachsenen genutzt werden k\u00f6nnen.. Das Autorenteam:. Prof. Dr. Michaela Sambanis ist Lehrstuhlinhaberin f\u00fcr die Didaktik des Englischen an der Freien Universit\u00e4t Berlin. Sie bildet Lehrkr\u00e4fte aus und forscht dazu, wie wir erfolgreich und gl\u00fccklich Sprachen lernen k\u00f6nnen. Dabei verbindet sie Neurowissenschaften, Psychologie und Didaktik sowie Wissenschaft und Praxis.. Dr. Christian Ludwig ist derzeit Gastprofessor f\u00fcr die Didaktik des Englischen an der Freien Universit\u00e4t Berlin und bildet dort zuk\u00fcnftige Lehrkr\u00e4fte aus. Ein Hauptschwerpunkt seiner Arbeit ist, neben der Literatur- und Kulturdidaktik, die F\u00f6rderung der mentalen Gesundheit von Lehrenden und Lernenden im Sprachunterricht.<\/p>\n","protected":false},"excerpt":{"rendered":"<p>Sprache ist der Schl\u00fcssel zum Bildungs- und Lebenserfolg und \u00f6ffnet Chancen. Mit Happy Learning gelingt das Sprachenlernen und werden Lernende (DaF und Fremdsprachen) gest\u00e4rkt: \u00dcbungen zur Steigerung von Resilienz, Optimismus und Stressbew\u00e4ltigung helfen dabei, die Lernziele zu erreichen und Lernende&#8230;<\/p>\n","protected":false},"featured_media":109942,"template":"","meta":{"_acf_changed":false,"inline_featured_image":false},"product_brand":[],"product_cat":[886],"product_tag":[],"series":[],"publisher":[{"id":497,"name":"Hueber Verlag","slug":"hueber-verlag"}],"class_list":{"0":"post-109969","1":"product","2":"type-product","3":"status-publish","4":"has-post-thumbnail","6":"product_cat-methodik","7":"publisher-hueber-verlag","9":"first","10":"instock","11":"taxable","12":"shipping-taxable","13":"purchasable","14":"product-type-simple"},"acf":[],"_links":{"self":[{"href":"https:\/\/exlibris.ee\/en\/wp-json\/wp\/v2\/product\/109969","targetHints":{"allow":["GET"]}}],"collection":[{"href":"https:\/\/exlibris.ee\/en\/wp-json\/wp\/v2\/product"}],"about":[{"href":"https:\/\/exlibris.ee\/en\/wp-json\/wp\/v2\/types\/product"}],"wp:featuredmedia":[{"embeddable":true,"href":"https:\/\/exlibris.ee\/en\/wp-json\/wp\/v2\/media\/109942"}],"wp:attachment":[{"href":"https:\/\/exlibris.ee\/en\/wp-json\/wp\/v2\/media?parent=109969"}],"wp:term":[{"taxonomy":"product_brand","embeddable":true,"href":"https:\/\/exlibris.ee\/en\/wp-json\/wp\/v2\/product_brand?post=109969"},{"taxonomy":"product_cat","embeddable":true,"href":"https:\/\/exlibris.ee\/en\/wp-json\/wp\/v2\/product_cat?post=109969"},{"taxonomy":"product_tag","embeddable":true,"href":"https:\/\/exlibris.ee\/en\/wp-json\/wp\/v2\/product_tag?post=109969"},{"taxonomy":"series","embeddable":true,"href":"https:\/\/exlibris.ee\/en\/wp-json\/wp\/v2\/series?post=109969"},{"taxonomy":"publisher","embeddable":true,"href":"https:\/\/exlibris.ee\/en\/wp-json\/wp\/v2\/publisher?post=109969"}],"curies":[{"name":"wp","href":"https:\/\/api.w.org\/{rel}","templated":true}]}}