{"id":110431,"date":"2024-02-14T02:55:34","date_gmt":"2024-02-14T00:55:34","guid":{"rendered":"https:\/\/exlibris.ee\/toode\/une-etrange-disparition-a2-cd\/"},"modified":"2026-04-14T22:13:42","modified_gmt":"2026-04-14T19:13:42","slug":"une-etrange-disparition-a2-cd","status":"publish","type":"product","link":"https:\/\/exlibris.ee\/en\/product\/une-etrange-disparition-a2-cd\/","title":{"rendered":"Une etrange disparition A2 + CD"},"content":{"rendered":"<p>Lucille n\u00b4a pas tellement envie de passer la fin de l\u00b4\u00e9t\u00e9 chez sa grand-m\u00e8re: les journ\u00e9es se ressemblent et \u00e0 la campagne, il n\u00b4y a pas grand-chose \u00e0 faire&#8230; M\u00eame l\u00b4arriv\u00e9e de son cousin ne change rien.<br \/>\nMais voil\u00e0 que sans s\u00b4y attendre, Lucille fait une \u00e9trange rencontre : c\u00b4est le d\u00e9but d\u00b4une aventure inattendue. Son nouvel ami est en danger; Lucille fera tout pour l\u00b4aider. Comment notre h\u00e9ro\u00efne sortira-t-elle de ce mauvais pas ? Arrivera-t-elle \u00e0 sauver son ami ?<\/p>\n<p>Tout au long de l\u00b4histoire, vous trouverez :<br \/>\n    \ufeff\ufeffdes exercices de grammaire, de compr\u00e9hension et d\u00b4expression \u00e9crite et orale ;<br \/>\n    \ufeffdes activit\u00e9s type DELF ;<br \/>\n    \ufeffdes dossiers sur Nature et l\u00e9gendes de Broc\u00e9liande et sur l\u00b4informatique;<br \/>\n    \ufeff\ufeffun projet Internet;<br \/>\n    \ufeff\ufeffun test final ;<br \/>\n    \ufeff\ufeffun CD audio avec l\u00b4enregistrement int\u00e9gral du texte.<\/p>\n","protected":false},"excerpt":{"rendered":"<p>Lucille n\u00b4a pas tellement envie de passer la fin de l\u00b4\u00e9t\u00e9 chez sa grand-m\u00e8re: les journ\u00e9es se ressemblent et \u00e0 la campagne, il n\u00b4y a pas grand-chose \u00e0 faire&#8230; M\u00eame l\u00b4arriv\u00e9e de son cousin ne change rien. Mais voil\u00e0 que&#8230;<\/p>\n","protected":false},"featured_media":110266,"template":"","meta":{"_acf_changed":false,"inline_featured_image":false},"product_brand":[],"product_cat":[887],"product_tag":[],"series":[{"id":2089,"name":"Lire et s\u00b4Entrainer","slug":"lire-et-sentrainer-2"}],"publisher":[{"id":1584,"name":"Cideb","slug":"cideb"}],"class_list":{"0":"post-110431","1":"product","2":"type-product","3":"status-publish","4":"has-post-thumbnail","6":"product_cat-prantsuse-keel","7":"series-lire-et-sentrainer-2","8":"publisher-cideb","10":"first","11":"instock","12":"taxable","13":"shipping-taxable","14":"purchasable","15":"product-type-simple"},"acf":[],"_links":{"self":[{"href":"https:\/\/exlibris.ee\/en\/wp-json\/wp\/v2\/product\/110431","targetHints":{"allow":["GET"]}}],"collection":[{"href":"https:\/\/exlibris.ee\/en\/wp-json\/wp\/v2\/product"}],"about":[{"href":"https:\/\/exlibris.ee\/en\/wp-json\/wp\/v2\/types\/product"}],"wp:featuredmedia":[{"embeddable":true,"href":"https:\/\/exlibris.ee\/en\/wp-json\/wp\/v2\/media\/110266"}],"wp:attachment":[{"href":"https:\/\/exlibris.ee\/en\/wp-json\/wp\/v2\/media?parent=110431"}],"wp:term":[{"taxonomy":"product_brand","embeddable":true,"href":"https:\/\/exlibris.ee\/en\/wp-json\/wp\/v2\/product_brand?post=110431"},{"taxonomy":"product_cat","embeddable":true,"href":"https:\/\/exlibris.ee\/en\/wp-json\/wp\/v2\/product_cat?post=110431"},{"taxonomy":"product_tag","embeddable":true,"href":"https:\/\/exlibris.ee\/en\/wp-json\/wp\/v2\/product_tag?post=110431"},{"taxonomy":"series","embeddable":true,"href":"https:\/\/exlibris.ee\/en\/wp-json\/wp\/v2\/series?post=110431"},{"taxonomy":"publisher","embeddable":true,"href":"https:\/\/exlibris.ee\/en\/wp-json\/wp\/v2\/publisher?post=110431"}],"curies":[{"name":"wp","href":"https:\/\/api.w.org\/{rel}","templated":true}]}}