{"id":110447,"date":"2024-02-14T03:05:06","date_gmt":"2024-02-14T01:05:06","guid":{"rendered":"https:\/\/exlibris.ee\/toode\/naufragios\/"},"modified":"2026-04-05T19:30:56","modified_gmt":"2026-04-05T16:30:56","slug":"naufragios","status":"publish","type":"product","link":"https:\/\/exlibris.ee\/en\/product\/naufragios\/","title":{"rendered":"Naufragios"},"content":{"rendered":"<p>Resulta fascinante comprovar en qu\u00e9 estado se encontraba Am\u00e9rica a los treinta a\u00f1os de ser descubierta. En ese instante hist\u00f3rico es cuando llegan los cinco nav\u00edos de P\u00e1nfilo de Narv\u00e1ez.<br \/>\nTen\u00edan nociones geogr\u00e1ficas de la zona pero muy confusas y equivocadas, por lo que solamente cuatro de seiscientos expedicionarios lograr\u00e1n sobrevivir a tan desastrosa expedici\u00f3n. Para sobrevivir a situaciones tan terribles era preciso tener una voluntad y una fe de hierro.<br \/>\nDurante sus nueve a\u00f1os de convivencia con los indios, el autor aprendi\u00f3 a amarlos. Finalmente, tras diez a\u00f1os de aventuras por el Nuevo Mundo, los cuatro sobrevivientes desembarcaron en el puerto de Lisboa.<br \/>\nLa realidad hist\u00f3rica descrita supera a la m\u00e1s emocionante fantas\u00eda de las novelas de aventuras.<br \/>\nEn el libro, el lector encontrar\u00e1 ejercicios y actividades suplementarias.<br \/>\nEl casete adjunto, con retazos de la narraci\u00f3n, le permitir\u00e1 seguir facilmente el hilo de esta conmovedora historia.<\/p>\n","protected":false},"excerpt":{"rendered":"<p>Resulta fascinante comprovar en qu\u00e9 estado se encontraba Am\u00e9rica a los treinta a\u00f1os de ser descubierta. En ese instante hist\u00f3rico es cuando llegan los cinco nav\u00edos de P\u00e1nfilo de Narv\u00e1ez. Ten\u00edan nociones geogr\u00e1ficas de la zona pero muy confusas y&#8230;<\/p>\n","protected":false},"featured_media":110302,"template":"","meta":{"_acf_changed":false,"inline_featured_image":false},"product_brand":[],"product_cat":[889],"product_tag":[],"series":[{"id":1595,"name":"Leer y Aprender","slug":"leer-y-aprender"}],"publisher":[{"id":1584,"name":"Cideb","slug":"cideb"}],"class_list":{"0":"post-110447","1":"product","2":"type-product","3":"status-publish","4":"has-post-thumbnail","6":"product_cat-hispaania-keel","7":"series-leer-y-aprender","8":"publisher-cideb","10":"first","11":"instock","12":"taxable","13":"shipping-taxable","14":"purchasable","15":"product-type-simple"},"acf":[],"_links":{"self":[{"href":"https:\/\/exlibris.ee\/en\/wp-json\/wp\/v2\/product\/110447","targetHints":{"allow":["GET"]}}],"collection":[{"href":"https:\/\/exlibris.ee\/en\/wp-json\/wp\/v2\/product"}],"about":[{"href":"https:\/\/exlibris.ee\/en\/wp-json\/wp\/v2\/types\/product"}],"wp:featuredmedia":[{"embeddable":true,"href":"https:\/\/exlibris.ee\/en\/wp-json\/wp\/v2\/media\/110302"}],"wp:attachment":[{"href":"https:\/\/exlibris.ee\/en\/wp-json\/wp\/v2\/media?parent=110447"}],"wp:term":[{"taxonomy":"product_brand","embeddable":true,"href":"https:\/\/exlibris.ee\/en\/wp-json\/wp\/v2\/product_brand?post=110447"},{"taxonomy":"product_cat","embeddable":true,"href":"https:\/\/exlibris.ee\/en\/wp-json\/wp\/v2\/product_cat?post=110447"},{"taxonomy":"product_tag","embeddable":true,"href":"https:\/\/exlibris.ee\/en\/wp-json\/wp\/v2\/product_tag?post=110447"},{"taxonomy":"series","embeddable":true,"href":"https:\/\/exlibris.ee\/en\/wp-json\/wp\/v2\/series?post=110447"},{"taxonomy":"publisher","embeddable":true,"href":"https:\/\/exlibris.ee\/en\/wp-json\/wp\/v2\/publisher?post=110447"}],"curies":[{"name":"wp","href":"https:\/\/api.w.org\/{rel}","templated":true}]}}