{"id":110448,"date":"2024-02-14T03:05:07","date_gmt":"2024-02-14T01:05:07","guid":{"rendered":"https:\/\/exlibris.ee\/toode\/les-miserables-b1\/"},"modified":"2026-04-14T03:46:04","modified_gmt":"2026-04-14T00:46:04","slug":"les-miserables-b1","status":"publish","type":"product","link":"https:\/\/exlibris.ee\/en\/product\/les-miserables-b1\/","title":{"rendered":"Les Miserables B1"},"content":{"rendered":"<p>Comment un homme myst\u00e9rieux, aux multiples identit\u00e9s, peut-il devenir le bienfaiteur d\u00b4une petite orpheline ? Jean Valjean, ex-gal\u00e9rien, sauve la petite Cosette des griffes des Th\u00e9nardier tenant ainsi la promesse faite \u00e0 Fantine. Traqu\u00e9 par Javert, il se r\u00e9fugie dans un couvent o\u00f9 Cosette sera \u00e9lev\u00e9e. Devenue une belle jeune fille, elle tombe amoureuse de Marius et Jean Valjean va s\u00b4effacer peu \u00e0 peu devant leur amour.<\/p>\n<p>Tout au long de l\u00b4histoire vous trouverez :<br \/>\n    \ufeff\ufeffdes exercices de grammaire et de compr\u00e9hension \u00e9crite et orale;<br \/>\n    \ufeff\ufeffdes activit\u00e9s type DELF ;<br \/>\n    \ufeff\ufeffdes dossiers sur Les erreurs judiciaires et sur La R\u00e9volution de juillet 1830;<br \/>\n    \ufeff\ufeffun CD audio avec l\u00b4enregistrement d\u00b4une partie du texte.<\/p>\n","protected":false},"excerpt":{"rendered":"<p>Comment un homme myst\u00e9rieux, aux multiples identit\u00e9s, peut-il devenir le bienfaiteur d\u00b4une petite orpheline ? Jean Valjean, ex-gal\u00e9rien, sauve la petite Cosette des griffes des Th\u00e9nardier tenant ainsi la promesse faite \u00e0 Fantine. Traqu\u00e9 par Javert, il se r\u00e9fugie dans&#8230;<\/p>\n","protected":false},"featured_media":110311,"template":"","meta":{"_acf_changed":false,"inline_featured_image":false},"product_brand":[],"product_cat":[887],"product_tag":[],"series":[{"id":2089,"name":"Lire et s\u00b4Entrainer","slug":"lire-et-sentrainer-2"}],"publisher":[{"id":1584,"name":"Cideb","slug":"cideb"}],"class_list":{"0":"post-110448","1":"product","2":"type-product","3":"status-publish","4":"has-post-thumbnail","6":"product_cat-prantsuse-keel","7":"series-lire-et-sentrainer-2","8":"publisher-cideb","10":"first","11":"instock","12":"taxable","13":"shipping-taxable","14":"purchasable","15":"product-type-simple"},"acf":[],"_links":{"self":[{"href":"https:\/\/exlibris.ee\/en\/wp-json\/wp\/v2\/product\/110448","targetHints":{"allow":["GET"]}}],"collection":[{"href":"https:\/\/exlibris.ee\/en\/wp-json\/wp\/v2\/product"}],"about":[{"href":"https:\/\/exlibris.ee\/en\/wp-json\/wp\/v2\/types\/product"}],"wp:featuredmedia":[{"embeddable":true,"href":"https:\/\/exlibris.ee\/en\/wp-json\/wp\/v2\/media\/110311"}],"wp:attachment":[{"href":"https:\/\/exlibris.ee\/en\/wp-json\/wp\/v2\/media?parent=110448"}],"wp:term":[{"taxonomy":"product_brand","embeddable":true,"href":"https:\/\/exlibris.ee\/en\/wp-json\/wp\/v2\/product_brand?post=110448"},{"taxonomy":"product_cat","embeddable":true,"href":"https:\/\/exlibris.ee\/en\/wp-json\/wp\/v2\/product_cat?post=110448"},{"taxonomy":"product_tag","embeddable":true,"href":"https:\/\/exlibris.ee\/en\/wp-json\/wp\/v2\/product_tag?post=110448"},{"taxonomy":"series","embeddable":true,"href":"https:\/\/exlibris.ee\/en\/wp-json\/wp\/v2\/series?post=110448"},{"taxonomy":"publisher","embeddable":true,"href":"https:\/\/exlibris.ee\/en\/wp-json\/wp\/v2\/publisher?post=110448"}],"curies":[{"name":"wp","href":"https:\/\/api.w.org\/{rel}","templated":true}]}}