{"id":110693,"date":"2024-02-15T03:05:22","date_gmt":"2024-02-15T01:05:22","guid":{"rendered":"https:\/\/exlibris.ee\/toode\/en-bretagne-cd\/"},"modified":"2026-04-06T11:14:09","modified_gmt":"2026-04-06T08:14:09","slug":"en-bretagne-cd","status":"publish","type":"product","link":"https:\/\/exlibris.ee\/en\/product\/en-bretagne-cd\/","title":{"rendered":"En Bretagne + CD"},"content":{"rendered":"<p>Quatre adolescents en vacances parcourent la Bretagne, accompagn\u00e9s d\u00b4un moniteur. Au cors de huit \u00e9tapes, ils vont d\u00e9couvrir la r\u00e9gion: son histoire, son folklore, ses l\u00e9gendes et ses traditions, sa faune et sa flore, ses paysages typiques, mais aussi ses r\u00e9alisations ultramodernes. L\u00b4enjeu de ce p\u00e9riple est un tr\u00e9sor qu\u00b4ils trouveront apr\u00e9s avoir d\u00e9chiffr\u00e9 un message myst\u00e9rieux. Des m\u00e9galithes de Carnac au mus\u00e9e des t\u00e9l\u00e9communications de Pleumeur-Bodou, les l\u00e9gendes de Merlin l\u00b4Enchanteur aux romas d\u00b4anticipation de Jules Verne, des instruments de musique traditionnels aux vraies cr\u00eapes bretonnes, vous saurez tout sur la Bretagne en suivant nos amis dans leur chasse au tr\u00e9sor.<br \/>\nDes exercises de compr\u00e9hension \u00e9crits et oraux, des activit\u00e9s grammaticales et lexicales, des jeux, des mots crois\u00e9s et des \u00e9nigmes a d\u00e9chiffrer vous permettront d\u00b4am\u00e9liorer votre perspicacit\u00e9.<br \/>\n\u00c0 la fin de ce voyage virtuel, vous serez pr\u00eats pour organiser vous aussi un vrai voyage, et pour partir, sac au dos, a la d\u00e9couverte de cette splendide r\u00e9gion.<\/p>\n","protected":false},"excerpt":{"rendered":"<p>Quatre adolescents en vacances parcourent la Bretagne, accompagn\u00e9s d\u00b4un moniteur. Au cors de huit \u00e9tapes, ils vont d\u00e9couvrir la r\u00e9gion: son histoire, son folklore, ses l\u00e9gendes et ses traditions, sa faune et sa flore, ses paysages typiques, mais aussi ses&#8230;<\/p>\n","protected":false},"featured_media":110263,"template":"","meta":{"_acf_changed":false,"inline_featured_image":false},"product_brand":[],"product_cat":[887],"product_tag":[],"series":[{"id":2172,"name":"Lire et Voyager","slug":"lire-et-voyager"}],"publisher":[{"id":1584,"name":"Cideb","slug":"cideb"}],"class_list":{"0":"post-110693","1":"product","2":"type-product","3":"status-publish","4":"has-post-thumbnail","6":"product_cat-prantsuse-keel","7":"series-lire-et-voyager","8":"publisher-cideb","10":"first","11":"instock","12":"taxable","13":"shipping-taxable","14":"purchasable","15":"product-type-simple"},"acf":[],"_links":{"self":[{"href":"https:\/\/exlibris.ee\/en\/wp-json\/wp\/v2\/product\/110693","targetHints":{"allow":["GET"]}}],"collection":[{"href":"https:\/\/exlibris.ee\/en\/wp-json\/wp\/v2\/product"}],"about":[{"href":"https:\/\/exlibris.ee\/en\/wp-json\/wp\/v2\/types\/product"}],"wp:featuredmedia":[{"embeddable":true,"href":"https:\/\/exlibris.ee\/en\/wp-json\/wp\/v2\/media\/110263"}],"wp:attachment":[{"href":"https:\/\/exlibris.ee\/en\/wp-json\/wp\/v2\/media?parent=110693"}],"wp:term":[{"taxonomy":"product_brand","embeddable":true,"href":"https:\/\/exlibris.ee\/en\/wp-json\/wp\/v2\/product_brand?post=110693"},{"taxonomy":"product_cat","embeddable":true,"href":"https:\/\/exlibris.ee\/en\/wp-json\/wp\/v2\/product_cat?post=110693"},{"taxonomy":"product_tag","embeddable":true,"href":"https:\/\/exlibris.ee\/en\/wp-json\/wp\/v2\/product_tag?post=110693"},{"taxonomy":"series","embeddable":true,"href":"https:\/\/exlibris.ee\/en\/wp-json\/wp\/v2\/series?post=110693"},{"taxonomy":"publisher","embeddable":true,"href":"https:\/\/exlibris.ee\/en\/wp-json\/wp\/v2\/publisher?post=110693"}],"curies":[{"name":"wp","href":"https:\/\/api.w.org\/{rel}","templated":true}]}}