{"id":110697,"date":"2024-02-15T03:14:24","date_gmt":"2024-02-15T01:14:24","guid":{"rendered":"https:\/\/exlibris.ee\/toode\/jamais-de-jasmin-cd\/"},"modified":"2026-04-05T19:30:59","modified_gmt":"2026-04-05T16:30:59","slug":"jamais-de-jasmin-cd","status":"publish","type":"product","link":"https:\/\/exlibris.ee\/en\/product\/jamais-de-jasmin-cd\/","title":{"rendered":"Jamais de Jasmin + CD"},"content":{"rendered":"<p>Dans une r\u00e9sidence assoupie de la banlieue parisienne, une vieille dame est introuvable. Est-elle partie sans lassier d\u00b4adresse? Est-elle en danger? Colette, sexag\u00e9naire juv\u00e9nile et perspicace, intercepte une carte postale inqui\u00e9tante et remue ciel et terre pur r\u00e9soudre ce myst\u00e8re. Suivez, gr\u00e2ce \u00e0 la cassette, cette histoire de fait divers dans la banlieue d\u00e9s\u00e9rt\u00e9e de Paris, au mois d\u00b4ao\u00fbt.<br \/>\nDes exercices d\u00b4\u00e9coute ouvrent des portes et prolongent l\u00b4attention au texte.<br \/>\nUn bref dossier sur le jasmin offre une bouff\u00e9e de fra\u00eecheur dans l\u00b4atmosph\u00e8re suffocante de l\u00b4immeuble Louvois.<br \/>\nUn livret contenant toutes les solutions est \u00e9galement disponible.<\/p>\n","protected":false},"excerpt":{"rendered":"<p>Dans une r\u00e9sidence assoupie de la banlieue parisienne, une vieille dame est introuvable. Est-elle partie sans lassier d\u00b4adresse? Est-elle en danger? Colette, sexag\u00e9naire juv\u00e9nile et perspicace, intercepte une carte postale inqui\u00e9tante et remue ciel et terre pur r\u00e9soudre ce myst\u00e8re&#8230;.<\/p>\n","protected":false},"featured_media":110320,"template":"","meta":{"_acf_changed":false,"inline_featured_image":false},"product_brand":[],"product_cat":[887],"product_tag":[],"series":[{"id":2173,"name":"Pomme Verte","slug":"pomme-verte"}],"publisher":[{"id":1584,"name":"Cideb","slug":"cideb"}],"class_list":{"0":"post-110697","1":"product","2":"type-product","3":"status-publish","4":"has-post-thumbnail","6":"product_cat-prantsuse-keel","7":"series-pomme-verte","8":"publisher-cideb","10":"first","11":"instock","12":"taxable","13":"shipping-taxable","14":"purchasable","15":"product-type-simple"},"acf":[],"_links":{"self":[{"href":"https:\/\/exlibris.ee\/en\/wp-json\/wp\/v2\/product\/110697","targetHints":{"allow":["GET"]}}],"collection":[{"href":"https:\/\/exlibris.ee\/en\/wp-json\/wp\/v2\/product"}],"about":[{"href":"https:\/\/exlibris.ee\/en\/wp-json\/wp\/v2\/types\/product"}],"wp:featuredmedia":[{"embeddable":true,"href":"https:\/\/exlibris.ee\/en\/wp-json\/wp\/v2\/media\/110320"}],"wp:attachment":[{"href":"https:\/\/exlibris.ee\/en\/wp-json\/wp\/v2\/media?parent=110697"}],"wp:term":[{"taxonomy":"product_brand","embeddable":true,"href":"https:\/\/exlibris.ee\/en\/wp-json\/wp\/v2\/product_brand?post=110697"},{"taxonomy":"product_cat","embeddable":true,"href":"https:\/\/exlibris.ee\/en\/wp-json\/wp\/v2\/product_cat?post=110697"},{"taxonomy":"product_tag","embeddable":true,"href":"https:\/\/exlibris.ee\/en\/wp-json\/wp\/v2\/product_tag?post=110697"},{"taxonomy":"series","embeddable":true,"href":"https:\/\/exlibris.ee\/en\/wp-json\/wp\/v2\/series?post=110697"},{"taxonomy":"publisher","embeddable":true,"href":"https:\/\/exlibris.ee\/en\/wp-json\/wp\/v2\/publisher?post=110697"}],"curies":[{"name":"wp","href":"https:\/\/api.w.org\/{rel}","templated":true}]}}