{"id":111347,"date":"2024-02-16T02:25:59","date_gmt":"2024-02-16T00:25:59","guid":{"rendered":"https:\/\/exlibris.ee\/toode\/aspekte-beruf-b1-bruckenelement-kurs-und-ubungsbuch-hybrid\/"},"modified":"2026-04-07T21:15:18","modified_gmt":"2026-04-07T18:15:18","slug":"aspekte-beruf-b1-bruckenelement-kurs-und-ubungsbuch-hybrid","status":"publish","type":"product","link":"https:\/\/exlibris.ee\/en\/product\/aspekte-beruf-b1-bruckenelement-kurs-und-ubungsbuch-hybrid\/","title":{"rendered":"Aspekte Beruf B1+ Br\u00fcckenelement Kurs- und \u00dcbungsbuch hybrid"},"content":{"rendered":"<p>Deutsch f\u00fcr Berufssprachkurse. Kurs- und \u00dcbungsbuch mit Audios inklusive Lizenzschl\u00fcssel allango (24 Monate). Mit der Hybriden Ausgabe erhalten Sie in der Printausgabe einen eingedruckten Lizenzschl\u00fcssel (f\u00fcr Unterrichtende und Lernende) zur Digitalen Ausgabe. So steht Ihnen das Buch auf der Lernplattform allango auch digital zur Verf\u00fcgung und Sie haben digitale Medieninhalte sofort griffbereit. Aspekte Beruf B1\/B2 Br\u00fcckenelement ist speziell f\u00fcr Berufssprachkurse entwickelt deckt zusammen mit Aspekte Beruf B2 die 500 UE des Basisberufssprachkurses B2 ab. Berufsbezogener Unterricht nach dem bew\u00e4hrten Konzept von Aspekte neuKonsequente Umsetzung der Lernziele f\u00fcr BerufssprachkurseModularer und linearer AufbauGezieltes Training aller FertigkeitenSchrittweiser Aufbau von StrategienSensibilisierung f\u00fcr passende Redemittel und RegisterVermittlung von fundiertem Wissen \u00fcber die Arbeitswelt<\/p>\n","protected":false},"excerpt":{"rendered":"<p>Deutsch f\u00fcr Berufssprachkurse. Kurs- und \u00dcbungsbuch mit Audios inklusive Lizenzschl\u00fcssel allango (24 Monate). Mit der Hybriden Ausgabe erhalten Sie in der Printausgabe einen eingedruckten Lizenzschl\u00fcssel (f\u00fcr Unterrichtende und Lernende) zur Digitalen Ausgabe. So steht Ihnen das Buch auf der Lernplattform&#8230;<\/p>\n","protected":false},"featured_media":111339,"template":"","meta":{"_acf_changed":false,"inline_featured_image":false},"product_brand":[],"product_cat":[538],"product_tag":[],"series":[{"id":855,"name":"Aspekte neu","slug":"aspekte-neu"}],"publisher":[{"id":473,"name":"Klett Verlag","slug":"klett-verlag"}],"class_list":{"0":"post-111347","1":"product","2":"type-product","3":"status-publish","4":"has-post-thumbnail","6":"product_cat-lehrwerke-fur-erwachsene","7":"series-aspekte-neu","8":"publisher-klett-verlag","10":"first","11":"onbackorder","12":"taxable","13":"shipping-taxable","14":"purchasable","15":"product-type-simple"},"acf":[],"_links":{"self":[{"href":"https:\/\/exlibris.ee\/en\/wp-json\/wp\/v2\/product\/111347","targetHints":{"allow":["GET"]}}],"collection":[{"href":"https:\/\/exlibris.ee\/en\/wp-json\/wp\/v2\/product"}],"about":[{"href":"https:\/\/exlibris.ee\/en\/wp-json\/wp\/v2\/types\/product"}],"wp:featuredmedia":[{"embeddable":true,"href":"https:\/\/exlibris.ee\/en\/wp-json\/wp\/v2\/media\/111339"}],"wp:attachment":[{"href":"https:\/\/exlibris.ee\/en\/wp-json\/wp\/v2\/media?parent=111347"}],"wp:term":[{"taxonomy":"product_brand","embeddable":true,"href":"https:\/\/exlibris.ee\/en\/wp-json\/wp\/v2\/product_brand?post=111347"},{"taxonomy":"product_cat","embeddable":true,"href":"https:\/\/exlibris.ee\/en\/wp-json\/wp\/v2\/product_cat?post=111347"},{"taxonomy":"product_tag","embeddable":true,"href":"https:\/\/exlibris.ee\/en\/wp-json\/wp\/v2\/product_tag?post=111347"},{"taxonomy":"series","embeddable":true,"href":"https:\/\/exlibris.ee\/en\/wp-json\/wp\/v2\/series?post=111347"},{"taxonomy":"publisher","embeddable":true,"href":"https:\/\/exlibris.ee\/en\/wp-json\/wp\/v2\/publisher?post=111347"}],"curies":[{"name":"wp","href":"https:\/\/api.w.org\/{rel}","templated":true}]}}