{"id":111373,"date":"2024-02-16T02:28:18","date_gmt":"2024-02-16T00:28:18","guid":{"rendered":"https:\/\/exlibris.ee\/toode\/logo-a1-1-kursbuch-hybrid\/"},"modified":"2026-04-04T03:09:35","modified_gmt":"2026-04-04T00:09:35","slug":"logo-a1-1-kursbuch-hybrid","status":"publish","type":"product","link":"https:\/\/exlibris.ee\/en\/product\/logo-a1-1-kursbuch-hybrid\/","title":{"rendered":"Logo! A1.1 Kursbuch hybrid"},"content":{"rendered":"<p>Deutsch f\u00fcr Jugendliche. Kursbuch mit Audios und Videos inklusive Lizenzschl\u00fcssel allango (24 Monate). Mit der Hybriden Ausgabe erhalten Sie in der Printausgabe einen eingedruckten Lizenzschl\u00fcssel (f\u00fcr Unterrichtende und Lernende) zur Digitalen Ausgabe. So steht Ihnen das Buch auf der Lernplattform allango auch digital zur Verf\u00fcgung und Sie haben digitale Medieninhalte sofort griffbereit. Logo! Einfach und sicher Deutsch lernen! F\u00fcr Jugendliche ab 10 Jahren, die schnell und sicher Deutsch lernen wollen F\u00fcr einen Unterricht mit geringer Wochenstundenzahl geeignetPrint- und digitale Ausgabe flexibel kombinierbar &#8211; ob im Unterricht vor Ort oder im Online-UnterrichtKurzweiliges und zeitgem\u00e4\u00dfes Lernen durch integrierte digitale Angebote wie Videos, Grammatikclips, Vokabelspiele und Online\u00fcbungenMit zahlreichen Differenzierungsangeboten f\u00fcr jeden LerntypSpezielle CLIL-Aufgaben f\u00fcr einen fach\u00fcbergreifenden Unterricht, Projektaufgaben und MediationGezielte Fertigkeiten-Trainings und Aufgaben zur LandeskundeIntensives Pr\u00fcfungstraining trotz flacher ProgressionAutonomes Lernen durch Selbstevaluation und Wahlaufgaben Logo! f\u00fchrt zu den Niveaustufen A1, A2 und B1 und bereitet anhand jugendtypischer Themen auf die Pr\u00fcfungen Fit, DSD I, KID und Zertifikat B1 vor.<\/p>\n","protected":false},"excerpt":{"rendered":"<p>Deutsch f\u00fcr Jugendliche. Kursbuch mit Audios und Videos inklusive Lizenzschl\u00fcssel allango (24 Monate). Mit der Hybriden Ausgabe erhalten Sie in der Printausgabe einen eingedruckten Lizenzschl\u00fcssel (f\u00fcr Unterrichtende und Lernende) zur Digitalen Ausgabe. So steht Ihnen das Buch auf der Lernplattform&#8230;<\/p>\n","protected":false},"featured_media":111360,"template":"","meta":{"_acf_changed":false,"inline_featured_image":false},"product_brand":[],"product_cat":[477],"product_tag":[],"series":[{"id":1387,"name":"Logo!","slug":"logo"}],"publisher":[{"id":473,"name":"Klett Verlag","slug":"klett-verlag"}],"class_list":{"0":"post-111373","1":"product","2":"type-product","3":"status-publish","4":"has-post-thumbnail","6":"product_cat-lehrwerke-fur-jugendliche","7":"series-logo","8":"publisher-klett-verlag","10":"first","11":"instock","12":"taxable","13":"shipping-taxable","14":"purchasable","15":"product-type-simple"},"acf":[],"_links":{"self":[{"href":"https:\/\/exlibris.ee\/en\/wp-json\/wp\/v2\/product\/111373","targetHints":{"allow":["GET"]}}],"collection":[{"href":"https:\/\/exlibris.ee\/en\/wp-json\/wp\/v2\/product"}],"about":[{"href":"https:\/\/exlibris.ee\/en\/wp-json\/wp\/v2\/types\/product"}],"wp:featuredmedia":[{"embeddable":true,"href":"https:\/\/exlibris.ee\/en\/wp-json\/wp\/v2\/media\/111360"}],"wp:attachment":[{"href":"https:\/\/exlibris.ee\/en\/wp-json\/wp\/v2\/media?parent=111373"}],"wp:term":[{"taxonomy":"product_brand","embeddable":true,"href":"https:\/\/exlibris.ee\/en\/wp-json\/wp\/v2\/product_brand?post=111373"},{"taxonomy":"product_cat","embeddable":true,"href":"https:\/\/exlibris.ee\/en\/wp-json\/wp\/v2\/product_cat?post=111373"},{"taxonomy":"product_tag","embeddable":true,"href":"https:\/\/exlibris.ee\/en\/wp-json\/wp\/v2\/product_tag?post=111373"},{"taxonomy":"series","embeddable":true,"href":"https:\/\/exlibris.ee\/en\/wp-json\/wp\/v2\/series?post=111373"},{"taxonomy":"publisher","embeddable":true,"href":"https:\/\/exlibris.ee\/en\/wp-json\/wp\/v2\/publisher?post=111373"}],"curies":[{"name":"wp","href":"https:\/\/api.w.org\/{rel}","templated":true}]}}