{"id":111449,"date":"2024-02-16T02:30:48","date_gmt":"2024-02-16T00:30:48","guid":{"rendered":"https:\/\/exlibris.ee\/toode\/die-neue-linie-1-kurs-ubungsbuch-a2-2\/"},"modified":"2026-04-17T15:28:01","modified_gmt":"2026-04-17T12:28:01","slug":"die-neue-linie-1-kurs-ubungsbuch-a2-2","status":"publish","type":"product","link":"https:\/\/exlibris.ee\/en\/product\/die-neue-linie-1-kurs-ubungsbuch-a2-2\/","title":{"rendered":"Die neue Linie 1 Kurs-\/\u00dcbungsbuch A2.2"},"content":{"rendered":"<p>Deutsch f\u00fcr Alltag und Beruf. Kurs- und \u00dcbungsbuch mit Audios und Videos inklusive Lizenzschl\u00fcssel allango (24 Monate). Mit der Hybriden Ausgabe erhalten Sie in der Printausgabe einen eingedruckten Lizenzschl\u00fcssel (f\u00fcr Unterrichtende und Lernende) zur Digitalen Ausgabe. So steht Ihnen das Buch auf der Lernplattform allango auch digital zur Verf\u00fcgung und Sie haben digitale Medieninhalte sofort griffbereit. Die neue Linie 1 f\u00fchrt jugendliche und erwachsene Lernende in heterogenen Lerngruppen zielsicher und zuverl\u00e4ssig zu den Niveaus A1, A2 und B1. Einfach unterrichten &#8211; leicht lernen Schnelle Zug\u00e4nglichkeit durch \u00fcbersichtliche und kleinschrittige LernsequenzenBinnendifferenzierung durch alternative Aufgaben und ZusatzmaterialienIndividuelle Vertiefung durch ein breites digitales Angebot: Videoclips zu Grammatik, Aussprache und Kommunikation, Wortschatzspiele, Online-\u00dcbungen u.v.m.Flexibles Lehren und Lernen im Pr\u00e4senz-, Online- und Blended-Learning-Unterricht durch verschiedene Ausgaben (Print und Digital) Sprachlich handeln in Alltag und Beruf Handlungsorientierte Aufgaben zu allen vier FertigkeitenBeispiele f\u00fcr erfolgreiche Kommunikation im Alltag durch SzenarienAktivierung der Lernenden zu eigenst\u00e4ndigem Sprachhandeln Erfolge erleben und die Pr\u00fcfung bestehen Regelm\u00e4\u00dfige Lernerfolgskontrollen durch Kapitel- und Zwischentests sowie TesttrainingsIntensive Vorbereitung auf die Pr\u00fcfungen telc Deutsch A1 und A2 (Start Deutsch 1 und 2), Goethe-Zertifikat A1 und A2, Deutsch-Test f\u00fcr Zuwanderer (DTZ), telc Deutsch B1 (Zertifikat Deutsch) und Goethe-\/\u00d6SD-Zertifikat B1<\/p>\n","protected":false},"excerpt":{"rendered":"<p>Deutsch f\u00fcr Alltag und Beruf. Kurs- und \u00dcbungsbuch mit Audios und Videos inklusive Lizenzschl\u00fcssel allango (24 Monate). Mit der Hybriden Ausgabe erhalten Sie in der Printausgabe einen eingedruckten Lizenzschl\u00fcssel (f\u00fcr Unterrichtende und Lernende) zur Digitalen Ausgabe. So steht Ihnen das&#8230;<\/p>\n","protected":false},"featured_media":320287,"template":"","meta":{"_acf_changed":false,"inline_featured_image":false},"product_brand":[],"product_cat":[538],"product_tag":[],"series":[{"id":2183,"name":"Die neue Linie","slug":"die-neue-linie"}],"publisher":[{"id":473,"name":"Klett Verlag","slug":"klett-verlag"}],"class_list":{"0":"post-111449","1":"product","2":"type-product","3":"status-publish","4":"has-post-thumbnail","6":"product_cat-lehrwerke-fur-erwachsene","7":"series-die-neue-linie","8":"publisher-klett-verlag","10":"first","11":"onbackorder","12":"taxable","13":"shipping-taxable","14":"purchasable","15":"product-type-simple"},"acf":[],"_links":{"self":[{"href":"https:\/\/exlibris.ee\/en\/wp-json\/wp\/v2\/product\/111449","targetHints":{"allow":["GET"]}}],"collection":[{"href":"https:\/\/exlibris.ee\/en\/wp-json\/wp\/v2\/product"}],"about":[{"href":"https:\/\/exlibris.ee\/en\/wp-json\/wp\/v2\/types\/product"}],"wp:featuredmedia":[{"embeddable":true,"href":"https:\/\/exlibris.ee\/en\/wp-json\/wp\/v2\/media\/320287"}],"wp:attachment":[{"href":"https:\/\/exlibris.ee\/en\/wp-json\/wp\/v2\/media?parent=111449"}],"wp:term":[{"taxonomy":"product_brand","embeddable":true,"href":"https:\/\/exlibris.ee\/en\/wp-json\/wp\/v2\/product_brand?post=111449"},{"taxonomy":"product_cat","embeddable":true,"href":"https:\/\/exlibris.ee\/en\/wp-json\/wp\/v2\/product_cat?post=111449"},{"taxonomy":"product_tag","embeddable":true,"href":"https:\/\/exlibris.ee\/en\/wp-json\/wp\/v2\/product_tag?post=111449"},{"taxonomy":"series","embeddable":true,"href":"https:\/\/exlibris.ee\/en\/wp-json\/wp\/v2\/series?post=111449"},{"taxonomy":"publisher","embeddable":true,"href":"https:\/\/exlibris.ee\/en\/wp-json\/wp\/v2\/publisher?post=111449"}],"curies":[{"name":"wp","href":"https:\/\/api.w.org\/{rel}","templated":true}]}}