{"id":111452,"date":"2024-02-16T02:30:49","date_gmt":"2024-02-16T00:30:49","guid":{"rendered":"https:\/\/exlibris.ee\/toode\/linie-1-a2-2-kurs-ubungsbuch-hybrid\/"},"modified":"2026-04-04T03:11:38","modified_gmt":"2026-04-04T00:11:38","slug":"linie-1-a2-2-kurs-ubungsbuch-hybrid","status":"publish","type":"product","link":"https:\/\/exlibris.ee\/en\/product\/linie-1-a2-2-kurs-ubungsbuch-hybrid\/","title":{"rendered":"Linie 1, A2.2 Kurs-\/\u00dcbungsbuch hybrid"},"content":{"rendered":"<p>Deutsch in Alltag und Beruf. Kurs- und \u00dcbungsbuch mit Audios und Videos inklusive Lizenzschl\u00fcssel allango (24 Monate). Mit der Hybriden Ausgabe erhalten Sie in der Printausgabe einen eingedruckten Lizenzschl\u00fcssel (f\u00fcr Unterrichtende und Lernende) zur Digitalen Ausgabe. So steht Ihnen das Buch auf der Lernplattform allango auch digital zur Verf\u00fcgung und Sie haben digitale Medieninhalte sofort griffbereit. Linie 1 A2 richtet sich an Deutschlernende, die in Alltag und Beruf angemessen kommunizieren m\u00f6chten. Linie 1 zeichnet sich aus durch lineare Lernwege und ein breites Angebot an Differenzierungsm\u00f6glichkeiten f\u00fcr heterogene Lernergruppen. Durch regelm\u00e4\u00dfige Aktivierung und Individualisierung des Gelernten f\u00fchrt Linie 1 zu stetigen Erfolgserlebnissen und motiviert zum eigenen Sprachhandeln au\u00dferhalb des Sprachkurses. Das Lehrwerk ist zum Einsatz im Einstiegskurs und Integrationskurs geeignet und hat die BAMF-Zulassung. Alle Video-Clips, H\u00f6rtexte und Aussprache\u00fcbungen zum Kurs- und \u00dcbungsbuch von Linie 1 A2.2 sind online verf\u00fcgbar (im MP3 und MP4-Format). In zwei Teilb\u00e4nden f\u00fchrt Linie 1 A2 zur Niveaustufe A2 und bereitet auf die Pr\u00fcfungen telc Deutsch A2 (Start Deutsch 2), Goethe-Zertifikat A2 und Deutsch-Test f\u00fcr Zuwanderer vor.<\/p>\n","protected":false},"excerpt":{"rendered":"<p>Deutsch in Alltag und Beruf. Kurs- und \u00dcbungsbuch mit Audios und Videos inklusive Lizenzschl\u00fcssel allango (24 Monate). Mit der Hybriden Ausgabe erhalten Sie in der Printausgabe einen eingedruckten Lizenzschl\u00fcssel (f\u00fcr Unterrichtende und Lernende) zur Digitalen Ausgabe. So steht Ihnen das&#8230;<\/p>\n","protected":false},"featured_media":111397,"template":"","meta":{"_acf_changed":false,"inline_featured_image":false},"product_brand":[],"product_cat":[538],"product_tag":[],"series":[{"id":2182,"name":"Linie","slug":"linie"}],"publisher":[{"id":473,"name":"Klett Verlag","slug":"klett-verlag"}],"class_list":{"0":"post-111452","1":"product","2":"type-product","3":"status-publish","4":"has-post-thumbnail","6":"product_cat-lehrwerke-fur-erwachsene","7":"series-linie","8":"publisher-klett-verlag","10":"first","11":"onbackorder","12":"taxable","13":"shipping-taxable","14":"purchasable","15":"product-type-simple"},"acf":[],"_links":{"self":[{"href":"https:\/\/exlibris.ee\/en\/wp-json\/wp\/v2\/product\/111452","targetHints":{"allow":["GET"]}}],"collection":[{"href":"https:\/\/exlibris.ee\/en\/wp-json\/wp\/v2\/product"}],"about":[{"href":"https:\/\/exlibris.ee\/en\/wp-json\/wp\/v2\/types\/product"}],"wp:featuredmedia":[{"embeddable":true,"href":"https:\/\/exlibris.ee\/en\/wp-json\/wp\/v2\/media\/111397"}],"wp:attachment":[{"href":"https:\/\/exlibris.ee\/en\/wp-json\/wp\/v2\/media?parent=111452"}],"wp:term":[{"taxonomy":"product_brand","embeddable":true,"href":"https:\/\/exlibris.ee\/en\/wp-json\/wp\/v2\/product_brand?post=111452"},{"taxonomy":"product_cat","embeddable":true,"href":"https:\/\/exlibris.ee\/en\/wp-json\/wp\/v2\/product_cat?post=111452"},{"taxonomy":"product_tag","embeddable":true,"href":"https:\/\/exlibris.ee\/en\/wp-json\/wp\/v2\/product_tag?post=111452"},{"taxonomy":"series","embeddable":true,"href":"https:\/\/exlibris.ee\/en\/wp-json\/wp\/v2\/series?post=111452"},{"taxonomy":"publisher","embeddable":true,"href":"https:\/\/exlibris.ee\/en\/wp-json\/wp\/v2\/publisher?post=111452"}],"curies":[{"name":"wp","href":"https:\/\/api.w.org\/{rel}","templated":true}]}}