{"id":111455,"date":"2024-02-16T02:30:50","date_gmt":"2024-02-16T00:30:50","guid":{"rendered":"https:\/\/exlibris.ee\/toode\/kompass-daf-c1-2-kurs-ubungsbuch-hybrid\/"},"modified":"2026-04-07T21:16:49","modified_gmt":"2026-04-07T18:16:49","slug":"kompass-daf-c1-2-kurs-ubungsbuch-hybrid","status":"publish","type":"product","link":"https:\/\/exlibris.ee\/en\/product\/kompass-daf-c1-2-kurs-ubungsbuch-hybrid\/","title":{"rendered":"Kompass DaF C1.2, Kurs-\/\u00dcbungsbuch hybrid"},"content":{"rendered":"<p>Deutsch f\u00fcr Studium und Beruf. Kurs- und \u00dcbungsbuch mit Audios und Videos inklusive Lizenzschl\u00fcssel allango (24 Monate). Mit der Hybriden Ausgabe erhalten Sie in der Printausgabe einen eingedruckten Lizenzschl\u00fcssel (f\u00fcr Unterrichtende und Lernende) zur Digitalen Ausgabe. So steht Ihnen das Buch auf der Lernplattform allango auch digital zur Verf\u00fcgung und Sie haben digitale Medieninhalte sofort griffbereit. Konsequenter kleinschrittiger Kompetenzaufbau&#8221;Wozu mache ich, was ich mache?&#8221; Sprachhandlungen in kleinen Etappen mit konkretem ZielVermittlung der Schl\u00fcsselkompetenz Mediation \/ SprachmittlungPerfekte Pr\u00fcfungsvorbereitung auf die Pr\u00fcfungen digitaler Test DaF (neu), DSH, Goethe Zertifikat C1, telc Deutsch C1 HochschuleExtras f\u00fcr unterwegs: Wortschatzk\u00e4rtchen online verf\u00fcgbar<\/p>\n","protected":false},"excerpt":{"rendered":"<p>Deutsch f\u00fcr Studium und Beruf. Kurs- und \u00dcbungsbuch mit Audios und Videos inklusive Lizenzschl\u00fcssel allango (24 Monate). Mit der Hybriden Ausgabe erhalten Sie in der Printausgabe einen eingedruckten Lizenzschl\u00fcssel (f\u00fcr Unterrichtende und Lernende) zur Digitalen Ausgabe. So steht Ihnen das&#8230;<\/p>\n","protected":false},"featured_media":111406,"template":"","meta":{"_acf_changed":false,"inline_featured_image":false},"product_brand":[],"product_cat":[885],"product_tag":[],"series":[{"id":2184,"name":"Kompass","slug":"kompass"}],"publisher":[{"id":473,"name":"Klett Verlag","slug":"klett-verlag"}],"class_list":{"0":"post-111455","1":"product","2":"type-product","3":"status-publish","4":"has-post-thumbnail","6":"product_cat-berufssprache","7":"series-kompass","8":"publisher-klett-verlag","10":"first","11":"onbackorder","12":"taxable","13":"shipping-taxable","14":"purchasable","15":"product-type-simple"},"acf":[],"_links":{"self":[{"href":"https:\/\/exlibris.ee\/en\/wp-json\/wp\/v2\/product\/111455","targetHints":{"allow":["GET"]}}],"collection":[{"href":"https:\/\/exlibris.ee\/en\/wp-json\/wp\/v2\/product"}],"about":[{"href":"https:\/\/exlibris.ee\/en\/wp-json\/wp\/v2\/types\/product"}],"wp:featuredmedia":[{"embeddable":true,"href":"https:\/\/exlibris.ee\/en\/wp-json\/wp\/v2\/media\/111406"}],"wp:attachment":[{"href":"https:\/\/exlibris.ee\/en\/wp-json\/wp\/v2\/media?parent=111455"}],"wp:term":[{"taxonomy":"product_brand","embeddable":true,"href":"https:\/\/exlibris.ee\/en\/wp-json\/wp\/v2\/product_brand?post=111455"},{"taxonomy":"product_cat","embeddable":true,"href":"https:\/\/exlibris.ee\/en\/wp-json\/wp\/v2\/product_cat?post=111455"},{"taxonomy":"product_tag","embeddable":true,"href":"https:\/\/exlibris.ee\/en\/wp-json\/wp\/v2\/product_tag?post=111455"},{"taxonomy":"series","embeddable":true,"href":"https:\/\/exlibris.ee\/en\/wp-json\/wp\/v2\/series?post=111455"},{"taxonomy":"publisher","embeddable":true,"href":"https:\/\/exlibris.ee\/en\/wp-json\/wp\/v2\/publisher?post=111455"}],"curies":[{"name":"wp","href":"https:\/\/api.w.org\/{rel}","templated":true}]}}