{"id":111464,"date":"2024-02-16T02:30:52","date_gmt":"2024-02-16T00:30:52","guid":{"rendered":"https:\/\/exlibris.ee\/toode\/wir-alle-a2-1-kurs-ubungsbuch-hybrid\/"},"modified":"2026-04-04T03:11:41","modified_gmt":"2026-04-04T00:11:41","slug":"wir-alle-a2-1-kurs-ubungsbuch-hybrid","status":"publish","type":"product","link":"https:\/\/exlibris.ee\/en\/product\/wir-alle-a2-1-kurs-ubungsbuch-hybrid\/","title":{"rendered":"Wir alle A2.1, Kurs-\/\u00dcbungsbuch hybrid"},"content":{"rendered":"<p>Deutsch f\u00fcr junge Lernende. Kurs- und \u00dcbungsbuch mit Audios und Videos inklusive Lizenzschl\u00fcssel allango (24 Monate). Mit der Hybriden Ausgabe erhalten Sie in der Printausgabe einen eingedruckten Lizenzschl\u00fcssel (f\u00fcr Unterrichtende und Lernende) zur Digitalen Ausgabe. So steht Ihnen das Buch auf der Lernplattform allango auch digital zur Verf\u00fcgung und Sie haben digitale Medieninhalte sofort griffbereit. Die Neubearbeitung des erfolgreichen Lehrwerks &#8220;Wir neu&#8221; richtet sich an Kinder und Jugendliche ab 10 Jahren und ist besonders geeignet f\u00fcr den Unterricht mit wenigen Wochenstunden. Viele digitale Materialien bringen Spa\u00df und Abwechslung in den Unterricht. 2 Module pro Teilbandpro Modul 3 Lektionen mit flacher Progression, kleinschrittigen Aufgaben und vielen Sprech\u00fcbungenEinstieg \u00fcber Foto-Situationen rund um eine deutsche Familie in BerlinSpiele in jeder Lektionam Ende der Lektionen wiederkehrende Rubriken zur Auswahl: Wortschatz, Aussprache, Raps und Lieder, Deutsch im Alltag, Mini-Projekte, SelbstevaluationOnline-\u00dcbungen zur Festigungabschlie\u00dfend in jedem Modul: Fertigkeitentraining (Lesen, H\u00f6ren, Schreiben, Sprechen, Mediation), Zusammenfassung der Grammatik mit Clips, Landeskunde extra mit Filmim integrierten \u00dcbungsbuch-Teil kleinschrittige, abwechslungsreiche \u00dcbungen f\u00fcr die Einzelarbeitam Ende der Module Lernwortschatz mit \u00fcbergreifenden Wortschatz\u00fcbungenspielerische Wiederholung in den Startmodulen zu BeginnAudios, Grammatik-Clips und Filme online abrufbarSpielvorlagen online<\/p>\n","protected":false},"excerpt":{"rendered":"<p>Deutsch f\u00fcr junge Lernende. Kurs- und \u00dcbungsbuch mit Audios und Videos inklusive Lizenzschl\u00fcssel allango (24 Monate). Mit der Hybriden Ausgabe erhalten Sie in der Printausgabe einen eingedruckten Lizenzschl\u00fcssel (f\u00fcr Unterrichtende und Lernende) zur Digitalen Ausgabe. So steht Ihnen das Buch&#8230;<\/p>\n","protected":false},"featured_media":111433,"template":"","meta":{"_acf_changed":false,"inline_featured_image":false},"product_brand":[],"product_cat":[477],"product_tag":[],"series":[{"id":1289,"name":"Wir alle","slug":"wir-alle"}],"publisher":[{"id":473,"name":"Klett Verlag","slug":"klett-verlag"}],"class_list":{"0":"post-111464","1":"product","2":"type-product","3":"status-publish","4":"has-post-thumbnail","6":"product_cat-lehrwerke-fur-jugendliche","7":"series-wir-alle","8":"publisher-klett-verlag","10":"first","11":"onbackorder","12":"taxable","13":"shipping-taxable","14":"purchasable","15":"product-type-simple"},"acf":[],"_links":{"self":[{"href":"https:\/\/exlibris.ee\/en\/wp-json\/wp\/v2\/product\/111464","targetHints":{"allow":["GET"]}}],"collection":[{"href":"https:\/\/exlibris.ee\/en\/wp-json\/wp\/v2\/product"}],"about":[{"href":"https:\/\/exlibris.ee\/en\/wp-json\/wp\/v2\/types\/product"}],"wp:featuredmedia":[{"embeddable":true,"href":"https:\/\/exlibris.ee\/en\/wp-json\/wp\/v2\/media\/111433"}],"wp:attachment":[{"href":"https:\/\/exlibris.ee\/en\/wp-json\/wp\/v2\/media?parent=111464"}],"wp:term":[{"taxonomy":"product_brand","embeddable":true,"href":"https:\/\/exlibris.ee\/en\/wp-json\/wp\/v2\/product_brand?post=111464"},{"taxonomy":"product_cat","embeddable":true,"href":"https:\/\/exlibris.ee\/en\/wp-json\/wp\/v2\/product_cat?post=111464"},{"taxonomy":"product_tag","embeddable":true,"href":"https:\/\/exlibris.ee\/en\/wp-json\/wp\/v2\/product_tag?post=111464"},{"taxonomy":"series","embeddable":true,"href":"https:\/\/exlibris.ee\/en\/wp-json\/wp\/v2\/series?post=111464"},{"taxonomy":"publisher","embeddable":true,"href":"https:\/\/exlibris.ee\/en\/wp-json\/wp\/v2\/publisher?post=111464"}],"curies":[{"name":"wp","href":"https:\/\/api.w.org\/{rel}","templated":true}]}}