{"id":111468,"date":"2024-02-16T02:30:54","date_gmt":"2024-02-16T00:30:54","guid":{"rendered":"https:\/\/exlibris.ee\/toode\/wir-alle-b1-2-kurs-ubungsbuch-hybrid\/"},"modified":"2026-04-07T03:25:22","modified_gmt":"2026-04-07T00:25:22","slug":"wir-alle-b1-2-kurs-ubungsbuch-hybrid","status":"publish","type":"product","link":"https:\/\/exlibris.ee\/en\/product\/wir-alle-b1-2-kurs-ubungsbuch-hybrid\/","title":{"rendered":"Wir alle B1.2, Kurs-\/\u00dcbungsbuch hybrid"},"content":{"rendered":"<p>Deutsch f\u00fcr junge Lernende. Kurs- und \u00dcbungsbuch mit Audios und Videos inklusive Lizenzschl\u00fcssel allango (24 Monate). Mit der Hybriden Ausgabe erhalten Sie in der Printausgabe einen eingedruckten Lizenzschl\u00fcssel (f\u00fcr Unterrichtende und Lernende) zur Digitalen Ausgabe. So steht Ihnen das Buch auf der Lernplattform allango auch digital zur Verf\u00fcgung und Sie haben digitale Medieninhalte sofort griffbereit. 2 Module pro Teilbandpro Modul 3 Lektionen mit flacher Progression, kleinschrittigen Aufgaben und vielen Sprech\u00fcbungenEinstieg \u00fcber Foto-Situationen rund um befreundete Teenager in Berlinviele Spieleam Ende der Lektionen wiederkehrende Rubriken zur Auswahl: Wortschatz, Aussprache, Deutsch im Alltag, Mini-Projekte, SelbstevaluationOnline-\u00dcbungen zur Festigungabschlie\u00dfend in jedem Modul: Fertigkeitentraining (Lesen, H\u00f6ren, Schreiben, Sprechen, Mediation), Zusammenfassung der Grammatik mit Clips, erweiterte Landeskunde mit Filmseiteim integrierten \u00dcbungsbuch-Teil kleinschrittige, abwechslungsreiche \u00dcbungen f\u00fcr die Einzelarbeitam Ende der Module Lernwortschatz mit \u00fcbergreifenden Wortschatz\u00fcbungen und Schreibtrainingspielerische Wiederholung in den Startmodulen zu BeginnAudios, Grammatik-Clips und Filme online abrufbar<\/p>\n","protected":false},"excerpt":{"rendered":"<p>Deutsch f\u00fcr junge Lernende. Kurs- und \u00dcbungsbuch mit Audios und Videos inklusive Lizenzschl\u00fcssel allango (24 Monate). Mit der Hybriden Ausgabe erhalten Sie in der Printausgabe einen eingedruckten Lizenzschl\u00fcssel (f\u00fcr Unterrichtende und Lernende) zur Digitalen Ausgabe. So steht Ihnen das Buch&#8230;<\/p>\n","protected":false},"featured_media":111445,"template":"","meta":{"_acf_changed":false,"inline_featured_image":false},"product_brand":[],"product_cat":[477],"product_tag":[],"series":[{"id":1289,"name":"Wir alle","slug":"wir-alle"}],"publisher":[{"id":473,"name":"Klett Verlag","slug":"klett-verlag"}],"class_list":{"0":"post-111468","1":"product","2":"type-product","3":"status-publish","4":"has-post-thumbnail","6":"product_cat-lehrwerke-fur-jugendliche","7":"series-wir-alle","8":"publisher-klett-verlag","10":"first","11":"onbackorder","12":"taxable","13":"shipping-taxable","14":"purchasable","15":"product-type-simple"},"acf":[],"_links":{"self":[{"href":"https:\/\/exlibris.ee\/en\/wp-json\/wp\/v2\/product\/111468","targetHints":{"allow":["GET"]}}],"collection":[{"href":"https:\/\/exlibris.ee\/en\/wp-json\/wp\/v2\/product"}],"about":[{"href":"https:\/\/exlibris.ee\/en\/wp-json\/wp\/v2\/types\/product"}],"wp:featuredmedia":[{"embeddable":true,"href":"https:\/\/exlibris.ee\/en\/wp-json\/wp\/v2\/media\/111445"}],"wp:attachment":[{"href":"https:\/\/exlibris.ee\/en\/wp-json\/wp\/v2\/media?parent=111468"}],"wp:term":[{"taxonomy":"product_brand","embeddable":true,"href":"https:\/\/exlibris.ee\/en\/wp-json\/wp\/v2\/product_brand?post=111468"},{"taxonomy":"product_cat","embeddable":true,"href":"https:\/\/exlibris.ee\/en\/wp-json\/wp\/v2\/product_cat?post=111468"},{"taxonomy":"product_tag","embeddable":true,"href":"https:\/\/exlibris.ee\/en\/wp-json\/wp\/v2\/product_tag?post=111468"},{"taxonomy":"series","embeddable":true,"href":"https:\/\/exlibris.ee\/en\/wp-json\/wp\/v2\/series?post=111468"},{"taxonomy":"publisher","embeddable":true,"href":"https:\/\/exlibris.ee\/en\/wp-json\/wp\/v2\/publisher?post=111468"}],"curies":[{"name":"wp","href":"https:\/\/api.w.org\/{rel}","templated":true}]}}