{"id":111532,"date":"2024-02-16T02:37:58","date_gmt":"2024-02-16T00:37:58","guid":{"rendered":"https:\/\/exlibris.ee\/toode\/die-miniprofis-1-ubungsblock-mit-audios\/"},"modified":"2026-04-14T19:19:56","modified_gmt":"2026-04-14T16:19:56","slug":"die-miniprofis-1-ubungsblock-mit-audios","status":"publish","type":"product","link":"https:\/\/exlibris.ee\/en\/product\/die-miniprofis-1-ubungsblock-mit-audios\/","title":{"rendered":"Die Miniprofis 1 \u00dcbungsblock mit Audios"},"content":{"rendered":"<p>Deutsch f\u00fcr Kinder. \u00dcbungsblock mit Audios inklusive Lizenzschl\u00fcssel allango (24 Monate). Mit der Hybriden Ausgabe erhalten Sie in der Printausgabe einen eingedruckten Lizenzschl\u00fcssel (f\u00fcr Unterrichtende und Lernende) zur Digitalen Ausgabe. So steht Ihnen das Buch auf der Lernplattform allango auch digital zur Verf\u00fcgung und Sie haben digitale Medieninhalte sofort griffbereit. Mit Nele, Jonas und Pi die deutsche Sprache entdecken! &#8211; Mit allen Sinnen eine abenteuerliche Geschichte erleben &#8211; Mit dem Bilderbuchkino Begeisterung wecken &#8211; Mit Musik und Bewegungsspielen in die Sprache eintauchen &#8211; Im \u00dcbungsblock aktiv und kreativ werden &#8211; Auf der Kinderseite online \u00fcben und spielen<\/p>\n","protected":false},"excerpt":{"rendered":"<p>Deutsch f\u00fcr Kinder. \u00dcbungsblock mit Audios inklusive Lizenzschl\u00fcssel allango (24 Monate). Mit der Hybriden Ausgabe erhalten Sie in der Printausgabe einen eingedruckten Lizenzschl\u00fcssel (f\u00fcr Unterrichtende und Lernende) zur Digitalen Ausgabe. So steht Ihnen das Buch auf der Lernplattform allango auch&#8230;<\/p>\n","protected":false},"featured_media":269187,"template":"","meta":{"_acf_changed":false,"inline_featured_image":false},"product_brand":[],"product_cat":[471],"product_tag":[],"series":[{"id":2186,"name":"Die Miniprofis","slug":"die-miniprofis"}],"publisher":[{"id":473,"name":"Klett Verlag","slug":"klett-verlag"}],"class_list":{"0":"post-111532","1":"product","2":"type-product","3":"status-publish","4":"has-post-thumbnail","6":"product_cat-lehrwerke-fur-kinder","7":"series-die-miniprofis","8":"publisher-klett-verlag","10":"first","11":"onbackorder","12":"taxable","13":"shipping-taxable","14":"purchasable","15":"product-type-simple"},"acf":[],"_links":{"self":[{"href":"https:\/\/exlibris.ee\/en\/wp-json\/wp\/v2\/product\/111532","targetHints":{"allow":["GET"]}}],"collection":[{"href":"https:\/\/exlibris.ee\/en\/wp-json\/wp\/v2\/product"}],"about":[{"href":"https:\/\/exlibris.ee\/en\/wp-json\/wp\/v2\/types\/product"}],"wp:featuredmedia":[{"embeddable":true,"href":"https:\/\/exlibris.ee\/en\/wp-json\/wp\/v2\/media\/269187"}],"wp:attachment":[{"href":"https:\/\/exlibris.ee\/en\/wp-json\/wp\/v2\/media?parent=111532"}],"wp:term":[{"taxonomy":"product_brand","embeddable":true,"href":"https:\/\/exlibris.ee\/en\/wp-json\/wp\/v2\/product_brand?post=111532"},{"taxonomy":"product_cat","embeddable":true,"href":"https:\/\/exlibris.ee\/en\/wp-json\/wp\/v2\/product_cat?post=111532"},{"taxonomy":"product_tag","embeddable":true,"href":"https:\/\/exlibris.ee\/en\/wp-json\/wp\/v2\/product_tag?post=111532"},{"taxonomy":"series","embeddable":true,"href":"https:\/\/exlibris.ee\/en\/wp-json\/wp\/v2\/series?post=111532"},{"taxonomy":"publisher","embeddable":true,"href":"https:\/\/exlibris.ee\/en\/wp-json\/wp\/v2\/publisher?post=111532"}],"curies":[{"name":"wp","href":"https:\/\/api.w.org\/{rel}","templated":true}]}}