{"id":111870,"date":"2024-02-20T03:16:27","date_gmt":"2024-02-20T01:16:27","guid":{"rendered":"https:\/\/exlibris.ee\/toode\/neljas-suzee\/"},"modified":"2026-04-20T13:35:51","modified_gmt":"2026-04-20T10:35:51","slug":"neljas-suzee","status":"publish","type":"product","link":"https:\/\/exlibris.ee\/en\/product\/neljas-suzee\/","title":{"rendered":"Neljas s\u00fc\u017eee"},"content":{"rendered":"<p>Jelena Skulskaja on tuntud kirjanik, kes on avaldanud enam kui kolmk\u00fcmnend luule-, proosa-, t\u00f5lke- ja esseeraamatut ning keda on p\u00e4rjatud paljude Eesti ja rahvusvaheliste preemiatega. Autor seab oma uues raamatus kahtluse alla kuulsa argentina kirjaniku ja filosoofi Jorge Luis Borgese v\u00e4ite, nagu valitseks maailmakirjanduses vaid neli s\u00fc\u017eeed, mida omakorda saaks taandada ning alles j\u00e4\u00e4ks kolm.<\/p>\n<p>J. Skulskaja t\u00f5deb: \u201eJorge Luis Borges on silmapaistev paradokside meister ning poeet. Kuid iga paradoks ja poeetiline metafoor moonutavad v\u00e4ite ilu nimel m\u00f5nev\u00f5rra tegelikkust. Seep\u00e4rast olengi sellesse raamatusse koondanud kahek\u00fcmne neljast riigist p\u00e4rit kahek\u00fcmne nelja autori lood, millest iga\u00fcht v\u00f5iks minu arvates nimetada &#8220;neljandaks s\u00fc\u017eeeks&#8221;. P\u00fc\u00fcangi selgitada, kuidas muutsid k\u00f5ik need autorid midagi kirjanduses ja seega ka inimkonna ajaloos.\u201c<\/p>\n","protected":false},"excerpt":{"rendered":"<p>Jelena Skulskaja on tuntud kirjanik, kes on avaldanud enam kui kolmk\u00fcmnend luule-, proosa-, t\u00f5lke- ja esseeraamatut ning keda on p\u00e4rjatud paljude Eesti ja rahvusvaheliste preemiatega. Autor seab oma uues raamatus kahtluse alla kuulsa argentina kirjaniku ja filosoofi Jorge Luis Borgese&#8230;<\/p>\n","protected":false},"featured_media":111781,"template":"","meta":{"_acf_changed":false,"inline_featured_image":false},"product_brand":[],"product_cat":[2264],"product_tag":[],"series":[],"publisher":[{"id":2202,"name":"Originaalne KesKus O\u00dc","slug":"originaalne-keskus-ou"}],"class_list":{"0":"post-111870","1":"product","2":"type-product","3":"status-publish","4":"has-post-thumbnail","6":"product_cat-kirjanduse-ajalugu","7":"publisher-originaalne-keskus-ou","9":"first","10":"instock","11":"taxable","12":"shipping-taxable","13":"purchasable","14":"product-type-simple"},"acf":[],"_links":{"self":[{"href":"https:\/\/exlibris.ee\/en\/wp-json\/wp\/v2\/product\/111870","targetHints":{"allow":["GET"]}}],"collection":[{"href":"https:\/\/exlibris.ee\/en\/wp-json\/wp\/v2\/product"}],"about":[{"href":"https:\/\/exlibris.ee\/en\/wp-json\/wp\/v2\/types\/product"}],"wp:featuredmedia":[{"embeddable":true,"href":"https:\/\/exlibris.ee\/en\/wp-json\/wp\/v2\/media\/111781"}],"wp:attachment":[{"href":"https:\/\/exlibris.ee\/en\/wp-json\/wp\/v2\/media?parent=111870"}],"wp:term":[{"taxonomy":"product_brand","embeddable":true,"href":"https:\/\/exlibris.ee\/en\/wp-json\/wp\/v2\/product_brand?post=111870"},{"taxonomy":"product_cat","embeddable":true,"href":"https:\/\/exlibris.ee\/en\/wp-json\/wp\/v2\/product_cat?post=111870"},{"taxonomy":"product_tag","embeddable":true,"href":"https:\/\/exlibris.ee\/en\/wp-json\/wp\/v2\/product_tag?post=111870"},{"taxonomy":"series","embeddable":true,"href":"https:\/\/exlibris.ee\/en\/wp-json\/wp\/v2\/series?post=111870"},{"taxonomy":"publisher","embeddable":true,"href":"https:\/\/exlibris.ee\/en\/wp-json\/wp\/v2\/publisher?post=111870"}],"curies":[{"name":"wp","href":"https:\/\/api.w.org\/{rel}","templated":true}]}}