{"id":111872,"date":"2024-02-20T03:16:28","date_gmt":"2024-02-20T01:16:28","guid":{"rendered":"https:\/\/exlibris.ee\/toode\/piiriarmastus\/"},"modified":"2026-04-17T19:48:10","modified_gmt":"2026-04-17T16:48:10","slug":"piiriarmastus","status":"publish","type":"product","link":"https:\/\/exlibris.ee\/en\/product\/piiriarmastus\/","title":{"rendered":"Piiriarmastus"},"content":{"rendered":"<p>Mainekate rahvusvaheliste kirjanduspreemiate laureaadi Jelena Skulskaja uus romaan ilmus esimest korda Peterburi ajakirjas Zvezda ja see sai m\u00f6\u00f6dunud aastal Eesti Kultuurkapitali venekeelse kirjanduse auhinna. Loo minategelane on Lilja (nii kutsuvad tegelikult Jelenat tema head s\u00f5brad) Skulskaja, kes on selle mitmekihilise satiirilise ja samas l\u00fc\u00fcrilise teose k\u00f5ige naljakam, totram, karikatuursem ja fantastilisem tegelaskuju. Jelena Skulskaja tegelane Lilja Skulskaja t\u00f6\u00f6tab teatris (see on t\u00e4iesti fantasmagooriline koht), peab p\u00e4evikut, kirjutab n\u00e4idendit, luuletusi&#8230; Ja l\u00f5puks paneb kokku stsenaariumi kahe noore inimese armastusest: mees elab Tallinnas, kuid unistab naasmisest oma juurte juurde Peterburi, kus tema kauge esivanem teenis Peeter I Neevalinna ehitades, tema v\u00e4ljavalitu aga unistab kolimisest Eestisse, kus tema vana-vana-vana-vanaema oli Katariina I \u00f5uedaamiks. Pragmaatiliselt alguse saanud piiterlanna ja tallinlase armastus osutub t\u00f5eliseks, s\u00fcgavaks ja l\u00f5peb t\u00f5elisele armastusele kohaselt kurvalt.<\/p>\n","protected":false},"excerpt":{"rendered":"<p>Mainekate rahvusvaheliste kirjanduspreemiate laureaadi Jelena Skulskaja uus romaan ilmus esimest korda Peterburi ajakirjas Zvezda ja see sai m\u00f6\u00f6dunud aastal Eesti Kultuurkapitali venekeelse kirjanduse auhinna. Loo minategelane on Lilja (nii kutsuvad tegelikult Jelenat tema head s\u00f5brad) Skulskaja, kes on selle mitmekihilise&#8230;<\/p>\n","protected":false},"featured_media":111787,"template":"","meta":{"_acf_changed":false,"inline_featured_image":false},"product_brand":[],"product_cat":[870],"product_tag":[],"series":[],"publisher":[{"id":2202,"name":"Originaalne KesKus O\u00dc","slug":"originaalne-keskus-ou"}],"class_list":{"0":"post-111872","1":"product","2":"type-product","3":"status-publish","4":"has-post-thumbnail","6":"product_cat-proosa","7":"publisher-originaalne-keskus-ou","9":"first","10":"instock","11":"taxable","12":"shipping-taxable","13":"purchasable","14":"product-type-simple"},"acf":[],"_links":{"self":[{"href":"https:\/\/exlibris.ee\/en\/wp-json\/wp\/v2\/product\/111872","targetHints":{"allow":["GET"]}}],"collection":[{"href":"https:\/\/exlibris.ee\/en\/wp-json\/wp\/v2\/product"}],"about":[{"href":"https:\/\/exlibris.ee\/en\/wp-json\/wp\/v2\/types\/product"}],"wp:featuredmedia":[{"embeddable":true,"href":"https:\/\/exlibris.ee\/en\/wp-json\/wp\/v2\/media\/111787"}],"wp:attachment":[{"href":"https:\/\/exlibris.ee\/en\/wp-json\/wp\/v2\/media?parent=111872"}],"wp:term":[{"taxonomy":"product_brand","embeddable":true,"href":"https:\/\/exlibris.ee\/en\/wp-json\/wp\/v2\/product_brand?post=111872"},{"taxonomy":"product_cat","embeddable":true,"href":"https:\/\/exlibris.ee\/en\/wp-json\/wp\/v2\/product_cat?post=111872"},{"taxonomy":"product_tag","embeddable":true,"href":"https:\/\/exlibris.ee\/en\/wp-json\/wp\/v2\/product_tag?post=111872"},{"taxonomy":"series","embeddable":true,"href":"https:\/\/exlibris.ee\/en\/wp-json\/wp\/v2\/series?post=111872"},{"taxonomy":"publisher","embeddable":true,"href":"https:\/\/exlibris.ee\/en\/wp-json\/wp\/v2\/publisher?post=111872"}],"curies":[{"name":"wp","href":"https:\/\/api.w.org\/{rel}","templated":true}]}}