{"id":111874,"date":"2024-02-20T03:16:28","date_gmt":"2024-02-20T01:16:28","guid":{"rendered":"https:\/\/exlibris.ee\/toode\/simson-lahkub-juuksuri-juurest\/"},"modified":"2026-04-20T13:35:52","modified_gmt":"2026-04-20T10:35:52","slug":"simson-lahkub-juuksuri-juurest","status":"publish","type":"product","link":"https:\/\/exlibris.ee\/en\/product\/simson-lahkub-juuksuri-juurest\/","title":{"rendered":"Simson lahkub juuksuri juurest"},"content":{"rendered":"<p>Piibli Simson, kelle v\u00f5itmatu j\u00f5ud peitus tema juustes, armus Delilasse, kes uuris v\u00e4lja ta saladuse ning paljastas selle vaenlastele \u2013 vilistitele; Simsoni palmikud l\u00f5igati maha\u2026<br \/>\nPaljude prestii\u017esete kirjandusauhindade laureaadi Jelena Skulskaja uuel romaanil pole midagi pistmist m\u00f6\u00f6danikuga, vaid see ennustab autorile omases fantasmagoorilises ja satiirilises laadis tulevikku \u2013 k\u00e4ib ettevalmistus tuumas\u00f5jaks kahe riigi vahel, mis meenutavad Eestit ja Venemaad. Teadlased pakuvad v\u00e4lja k\u00f5ige julgemaid projekte inimkonna p\u00e4\u00e4stmiseks: n\u00e4iteks v\u00f5iks juba ette siirdada k\u00f5ige hinnalisemad pead rottidele, rotte ju kiiritus ei tapa\u2026<br \/>\nSiiski pole raamatus esiplaanil antiutoopia ega satiir, vaid huumor, l\u00fc\u00fcrika ja armastus. S\u00f5jatandri asemel n\u00e4eme me autorile s\u00fcdamel\u00e4hedast teatrit selle pidevas valmisolekus \u00fcmberkehastumiseks, maskide vahetuseks; teatrit tema igavese v\u00e4rvipimedusega \u2013 suutmatusega eristada head ja kurja, p\u00f5letava kuulsusihaga, rutaka musta valgeks ja valge mustaks tunnistamisega\u2026<\/p>\n","protected":false},"excerpt":{"rendered":"<p>Piibli Simson, kelle v\u00f5itmatu j\u00f5ud peitus tema juustes, armus Delilasse, kes uuris v\u00e4lja ta saladuse ning paljastas selle vaenlastele \u2013 vilistitele; Simsoni palmikud l\u00f5igati maha\u2026 Paljude prestii\u017esete kirjandusauhindade laureaadi Jelena Skulskaja uuel romaanil pole midagi pistmist m\u00f6\u00f6danikuga, vaid see ennustab&#8230;<\/p>\n","protected":false},"featured_media":111793,"template":"","meta":{"_acf_changed":false,"inline_featured_image":false},"product_brand":[],"product_cat":[870],"product_tag":[],"series":[],"publisher":[{"id":2202,"name":"Originaalne KesKus O\u00dc","slug":"originaalne-keskus-ou"}],"class_list":{"0":"post-111874","1":"product","2":"type-product","3":"status-publish","4":"has-post-thumbnail","6":"product_cat-proosa","7":"publisher-originaalne-keskus-ou","9":"first","10":"instock","11":"taxable","12":"shipping-taxable","13":"purchasable","14":"product-type-simple"},"acf":[],"_links":{"self":[{"href":"https:\/\/exlibris.ee\/en\/wp-json\/wp\/v2\/product\/111874","targetHints":{"allow":["GET"]}}],"collection":[{"href":"https:\/\/exlibris.ee\/en\/wp-json\/wp\/v2\/product"}],"about":[{"href":"https:\/\/exlibris.ee\/en\/wp-json\/wp\/v2\/types\/product"}],"wp:featuredmedia":[{"embeddable":true,"href":"https:\/\/exlibris.ee\/en\/wp-json\/wp\/v2\/media\/111793"}],"wp:attachment":[{"href":"https:\/\/exlibris.ee\/en\/wp-json\/wp\/v2\/media?parent=111874"}],"wp:term":[{"taxonomy":"product_brand","embeddable":true,"href":"https:\/\/exlibris.ee\/en\/wp-json\/wp\/v2\/product_brand?post=111874"},{"taxonomy":"product_cat","embeddable":true,"href":"https:\/\/exlibris.ee\/en\/wp-json\/wp\/v2\/product_cat?post=111874"},{"taxonomy":"product_tag","embeddable":true,"href":"https:\/\/exlibris.ee\/en\/wp-json\/wp\/v2\/product_tag?post=111874"},{"taxonomy":"series","embeddable":true,"href":"https:\/\/exlibris.ee\/en\/wp-json\/wp\/v2\/series?post=111874"},{"taxonomy":"publisher","embeddable":true,"href":"https:\/\/exlibris.ee\/en\/wp-json\/wp\/v2\/publisher?post=111874"}],"curies":[{"name":"wp","href":"https:\/\/api.w.org\/{rel}","templated":true}]}}