{"id":111878,"date":"2024-02-20T03:16:29","date_gmt":"2024-02-20T01:16:29","guid":{"rendered":"https:\/\/exlibris.ee\/toode\/raudne-tatjana\/"},"modified":"2026-04-20T13:38:08","modified_gmt":"2026-04-20T10:38:08","slug":"raudne-tatjana","status":"publish","type":"product","link":"https:\/\/exlibris.ee\/en\/product\/raudne-tatjana\/","title":{"rendered":"Raudne Tatjana"},"content":{"rendered":"<p>Pikki aastaid Eestis elanud populaarne vene kirjanik Grigori Skulski (1912\u20131987) on mitmete tunnustust p\u00e4lvinud romaanide, jutustuste ja novellide autor. Tema loomingut on t\u00f5lgitud eesti, saksa, poola, t\u0161ehhi, hiina jt keeltesse.<br \/>\nSellesse raamatusse on kogutud novellid armastusest. Need on erinevad, aga r\u00e4\u00e4givad k\u00f5ik \u00f5nnetust armastusest. Ja samaaegselt \u00f5nnelikust. Armastusest naise vastu; pimedast kiindumusest iidoli vastu; kuulsuse- ja tunnustusejanust; armastusest lapse vastu; piiritust tundest tugevama vastu; \u00f5rnusest n\u00f5rgema vastu. Uhkusest, s\u00f5ltumatusest, \u00f5ndsast s\u00f5ltuvusest inimesest, kelleta oma elu ette ei kujuta.<br \/>\nNeed novellid on kinematograafilised: te n\u00e4ete k\u00f5iki tegelasi, te \u00f5pite neid tundma ja hakkate armastama, te olete nendega kohtunud. Nad sarnanevad teiega, neis, ehkki kordumatutes, on olemas k\u00f5ik, mis on olemas igas inimeses, kes igatseb jagatud \u00fcksinduse j\u00e4rele. Autor ei m\u00f5ista kellegi \u00fcle kohut, ta \u00fcritab k\u00f5iki m\u00f5ista ja n\u00e4itab lihtsalt, kuidas saatuste ristumine p\u00f5hjustab v\u00e4ltimatult h\u00e4\u00e4letuid draamasid, mis viivad meid vaikse lootusetuseni, aga mitte ilma naeratuse, soojuse ja valguseta, mis kiirgavad ka siis, kui ollakse ummikusse jooksnud. Seda nimetatakse helgeks nukruseks.<\/p>\n","protected":false},"excerpt":{"rendered":"<p>Pikki aastaid Eestis elanud populaarne vene kirjanik Grigori Skulski (1912\u20131987) on mitmete tunnustust p\u00e4lvinud romaanide, jutustuste ja novellide autor. Tema loomingut on t\u00f5lgitud eesti, saksa, poola, t\u0161ehhi, hiina jt keeltesse. Sellesse raamatusse on kogutud novellid armastusest. Need on erinevad, aga&#8230;<\/p>\n","protected":false},"featured_media":111805,"template":"","meta":{"_acf_changed":false,"inline_featured_image":false},"product_brand":[],"product_cat":[870],"product_tag":[],"series":[],"publisher":[{"id":2205,"name":"Petrone Print","slug":"petrone-print"}],"class_list":{"0":"post-111878","1":"product","2":"type-product","3":"status-publish","4":"has-post-thumbnail","6":"product_cat-proosa","7":"publisher-petrone-print","9":"first","10":"instock","11":"taxable","12":"shipping-taxable","13":"purchasable","14":"product-type-simple"},"acf":[],"_links":{"self":[{"href":"https:\/\/exlibris.ee\/en\/wp-json\/wp\/v2\/product\/111878","targetHints":{"allow":["GET"]}}],"collection":[{"href":"https:\/\/exlibris.ee\/en\/wp-json\/wp\/v2\/product"}],"about":[{"href":"https:\/\/exlibris.ee\/en\/wp-json\/wp\/v2\/types\/product"}],"wp:featuredmedia":[{"embeddable":true,"href":"https:\/\/exlibris.ee\/en\/wp-json\/wp\/v2\/media\/111805"}],"wp:attachment":[{"href":"https:\/\/exlibris.ee\/en\/wp-json\/wp\/v2\/media?parent=111878"}],"wp:term":[{"taxonomy":"product_brand","embeddable":true,"href":"https:\/\/exlibris.ee\/en\/wp-json\/wp\/v2\/product_brand?post=111878"},{"taxonomy":"product_cat","embeddable":true,"href":"https:\/\/exlibris.ee\/en\/wp-json\/wp\/v2\/product_cat?post=111878"},{"taxonomy":"product_tag","embeddable":true,"href":"https:\/\/exlibris.ee\/en\/wp-json\/wp\/v2\/product_tag?post=111878"},{"taxonomy":"series","embeddable":true,"href":"https:\/\/exlibris.ee\/en\/wp-json\/wp\/v2\/series?post=111878"},{"taxonomy":"publisher","embeddable":true,"href":"https:\/\/exlibris.ee\/en\/wp-json\/wp\/v2\/publisher?post=111878"}],"curies":[{"name":"wp","href":"https:\/\/api.w.org\/{rel}","templated":true}]}}