{"id":111879,"date":"2024-02-20T03:16:29","date_gmt":"2024-02-20T01:16:29","guid":{"rendered":"https:\/\/exlibris.ee\/toode\/oige-valik\/"},"modified":"2026-04-23T11:47:15","modified_gmt":"2026-04-23T08:47:15","slug":"oige-valik","status":"publish","type":"product","link":"https:\/\/exlibris.ee\/en\/product\/oige-valik\/","title":{"rendered":"\u00d5ige valik"},"content":{"rendered":"<p>Helju Rebase l\u00fchijutud on p\u00f5neva intriigi ja ootamatu l\u00f5puga. Luubi all on inimese ps\u00fchholoogia keerdk\u00e4igud, altruism, egoism ja vastavate tegude tagaj\u00e4rjed. Tegelaste iseloomu avamisel on sageli abiks ulmelised olukorrad.<\/p>\n","protected":false},"excerpt":{"rendered":"<p>Helju Rebase l\u00fchijutud on p\u00f5neva intriigi ja ootamatu l\u00f5puga. Luubi all on inimese ps\u00fchholoogia keerdk\u00e4igud, altruism, egoism ja vastavate tegude tagaj\u00e4rjed. Tegelaste iseloomu avamisel on sageli abiks ulmelised olukorrad.<\/p>\n","protected":false},"featured_media":111739,"template":"","meta":{"_acf_changed":false,"inline_featured_image":false},"product_brand":[],"product_cat":[2429],"product_tag":[],"series":[],"publisher":[],"class_list":{"0":"post-111879","1":"product","2":"type-product","3":"status-publish","4":"has-post-thumbnail","6":"product_cat-rpro-eesti","8":"first","9":"instock","10":"taxable","11":"shipping-taxable","12":"purchasable","13":"product-type-simple"},"acf":[],"_links":{"self":[{"href":"https:\/\/exlibris.ee\/en\/wp-json\/wp\/v2\/product\/111879","targetHints":{"allow":["GET"]}}],"collection":[{"href":"https:\/\/exlibris.ee\/en\/wp-json\/wp\/v2\/product"}],"about":[{"href":"https:\/\/exlibris.ee\/en\/wp-json\/wp\/v2\/types\/product"}],"wp:featuredmedia":[{"embeddable":true,"href":"https:\/\/exlibris.ee\/en\/wp-json\/wp\/v2\/media\/111739"}],"wp:attachment":[{"href":"https:\/\/exlibris.ee\/en\/wp-json\/wp\/v2\/media?parent=111879"}],"wp:term":[{"taxonomy":"product_brand","embeddable":true,"href":"https:\/\/exlibris.ee\/en\/wp-json\/wp\/v2\/product_brand?post=111879"},{"taxonomy":"product_cat","embeddable":true,"href":"https:\/\/exlibris.ee\/en\/wp-json\/wp\/v2\/product_cat?post=111879"},{"taxonomy":"product_tag","embeddable":true,"href":"https:\/\/exlibris.ee\/en\/wp-json\/wp\/v2\/product_tag?post=111879"},{"taxonomy":"series","embeddable":true,"href":"https:\/\/exlibris.ee\/en\/wp-json\/wp\/v2\/series?post=111879"},{"taxonomy":"publisher","embeddable":true,"href":"https:\/\/exlibris.ee\/en\/wp-json\/wp\/v2\/publisher?post=111879"}],"curies":[{"name":"wp","href":"https:\/\/api.w.org\/{rel}","templated":true}]}}