{"id":111880,"date":"2024-02-20T03:16:29","date_gmt":"2024-02-20T01:16:29","guid":{"rendered":"https:\/\/exlibris.ee\/toode\/armastus-vene-kirjanduses\/"},"modified":"2026-04-20T13:38:11","modified_gmt":"2026-04-20T10:38:11","slug":"armastus-vene-kirjanduses","status":"publish","type":"product","link":"https:\/\/exlibris.ee\/en\/product\/armastus-vene-kirjanduses\/","title":{"rendered":"Armastus vene kirjanduses"},"content":{"rendered":"<p>Armastus vene kirjanduses seisab nagu antiiktrag\u00f6\u00f6dias kohuse ja keelu ristteel pea kogu kuldse 19. sajandi. Kohusetunne on armastusest tugevam ja pikaealisem, aga keeld on selle poolest hea, et selle vastu v\u00f5ib m\u00e4ssu t\u00f5sta ja hukkuda nagu muistsed kangelased.<br \/>\n20. sajandil osutus kirjandus tarbetuks ja hakkas kasutama mimikrit, heites endale T\u0161ernob\u00f5li metafooride ja revolutsioonilise julmuse m\u00fcrgiseid \u00f5isi. Ja selle armastus oli selge kui noatera, mis oli leidnud \u00f5dusa tupe haavas.<br \/>\nJa veel paar 21. sajandi uudisteost, mis tundusid mulle t\u00e4helepanuv\u00e4\u00e4rsed.<br \/>\nMa jutustan teile kaksk\u00fcmmend neli armastuslugu vene kirjanduses &#8211; mitte neid, mis kirjanike endaga juhtusid, vaid ainult nende tegelastega.<\/p>\n","protected":false},"excerpt":{"rendered":"<p>Armastus vene kirjanduses seisab nagu antiiktrag\u00f6\u00f6dias kohuse ja keelu ristteel pea kogu kuldse 19. sajandi. Kohusetunne on armastusest tugevam ja pikaealisem, aga keeld on selle poolest hea, et selle vastu v\u00f5ib m\u00e4ssu t\u00f5sta ja hukkuda nagu muistsed kangelased. 20. sajandil&#8230;<\/p>\n","protected":false},"featured_media":111808,"template":"","meta":{"_acf_changed":false,"inline_featured_image":false},"product_brand":[],"product_cat":[2264],"product_tag":[],"series":[],"publisher":[{"id":2202,"name":"Originaalne KesKus O\u00dc","slug":"originaalne-keskus-ou"}],"class_list":{"0":"post-111880","1":"product","2":"type-product","3":"status-publish","4":"has-post-thumbnail","6":"product_cat-kirjanduse-ajalugu","7":"publisher-originaalne-keskus-ou","9":"first","10":"instock","11":"taxable","12":"shipping-taxable","13":"purchasable","14":"product-type-simple"},"acf":[],"_links":{"self":[{"href":"https:\/\/exlibris.ee\/en\/wp-json\/wp\/v2\/product\/111880","targetHints":{"allow":["GET"]}}],"collection":[{"href":"https:\/\/exlibris.ee\/en\/wp-json\/wp\/v2\/product"}],"about":[{"href":"https:\/\/exlibris.ee\/en\/wp-json\/wp\/v2\/types\/product"}],"wp:featuredmedia":[{"embeddable":true,"href":"https:\/\/exlibris.ee\/en\/wp-json\/wp\/v2\/media\/111808"}],"wp:attachment":[{"href":"https:\/\/exlibris.ee\/en\/wp-json\/wp\/v2\/media?parent=111880"}],"wp:term":[{"taxonomy":"product_brand","embeddable":true,"href":"https:\/\/exlibris.ee\/en\/wp-json\/wp\/v2\/product_brand?post=111880"},{"taxonomy":"product_cat","embeddable":true,"href":"https:\/\/exlibris.ee\/en\/wp-json\/wp\/v2\/product_cat?post=111880"},{"taxonomy":"product_tag","embeddable":true,"href":"https:\/\/exlibris.ee\/en\/wp-json\/wp\/v2\/product_tag?post=111880"},{"taxonomy":"series","embeddable":true,"href":"https:\/\/exlibris.ee\/en\/wp-json\/wp\/v2\/series?post=111880"},{"taxonomy":"publisher","embeddable":true,"href":"https:\/\/exlibris.ee\/en\/wp-json\/wp\/v2\/publisher?post=111880"}],"curies":[{"name":"wp","href":"https:\/\/api.w.org\/{rel}","templated":true}]}}