{"id":111882,"date":"2024-02-20T03:16:30","date_gmt":"2024-02-20T01:16:30","guid":{"rendered":"https:\/\/exlibris.ee\/toode\/pusja-uus-elu-eestis\/"},"modified":"2026-04-28T03:38:14","modified_gmt":"2026-04-28T00:38:14","slug":"pusja-uus-elu-eestis","status":"publish","type":"product","link":"https:\/\/exlibris.ee\/en\/product\/pusja-uus-elu-eestis\/","title":{"rendered":"Pusja uus elu Eestis"},"content":{"rendered":"<p>Allegooriline muinasjutt. V\u00f5\u00f5ralt maalt p\u00e4rit kass Pusja pannakse proovile, enne kui ta kassikambas omaks v\u00f5etakse. Pusja \u00f5pib \u00e4ra kohaliku keele, teeb tutvust kohalike kommete ja tavadega ning saavutab Muuga suguvendade- ja \u00f5dede poolehoiu.<\/p>\n","protected":false},"excerpt":{"rendered":"<p>Allegooriline muinasjutt. V\u00f5\u00f5ralt maalt p\u00e4rit kass Pusja pannakse proovile, enne kui ta kassikambas omaks v\u00f5etakse. Pusja \u00f5pib \u00e4ra kohaliku keele, teeb tutvust kohalike kommete ja tavadega ning saavutab Muuga suguvendade- ja \u00f5dede poolehoiu.<\/p>\n","protected":false},"featured_media":111906,"template":"","meta":{"_acf_changed":false,"inline_featured_image":false},"product_brand":[],"product_cat":[870],"product_tag":[],"series":[],"publisher":[{"id":2203,"name":"\u0410\u043b\u0435\u043a\u0441\u0430\u043d\u0434\u0440\u0430","slug":"aleksandra"}],"class_list":{"0":"post-111882","1":"product","2":"type-product","3":"status-publish","4":"has-post-thumbnail","6":"product_cat-proosa","7":"publisher-aleksandra","9":"first","10":"instock","11":"taxable","12":"shipping-taxable","13":"purchasable","14":"product-type-simple"},"acf":[],"_links":{"self":[{"href":"https:\/\/exlibris.ee\/en\/wp-json\/wp\/v2\/product\/111882","targetHints":{"allow":["GET"]}}],"collection":[{"href":"https:\/\/exlibris.ee\/en\/wp-json\/wp\/v2\/product"}],"about":[{"href":"https:\/\/exlibris.ee\/en\/wp-json\/wp\/v2\/types\/product"}],"wp:featuredmedia":[{"embeddable":true,"href":"https:\/\/exlibris.ee\/en\/wp-json\/wp\/v2\/media\/111906"}],"wp:attachment":[{"href":"https:\/\/exlibris.ee\/en\/wp-json\/wp\/v2\/media?parent=111882"}],"wp:term":[{"taxonomy":"product_brand","embeddable":true,"href":"https:\/\/exlibris.ee\/en\/wp-json\/wp\/v2\/product_brand?post=111882"},{"taxonomy":"product_cat","embeddable":true,"href":"https:\/\/exlibris.ee\/en\/wp-json\/wp\/v2\/product_cat?post=111882"},{"taxonomy":"product_tag","embeddable":true,"href":"https:\/\/exlibris.ee\/en\/wp-json\/wp\/v2\/product_tag?post=111882"},{"taxonomy":"series","embeddable":true,"href":"https:\/\/exlibris.ee\/en\/wp-json\/wp\/v2\/series?post=111882"},{"taxonomy":"publisher","embeddable":true,"href":"https:\/\/exlibris.ee\/en\/wp-json\/wp\/v2\/publisher?post=111882"}],"curies":[{"name":"wp","href":"https:\/\/api.w.org\/{rel}","templated":true}]}}