{"id":113409,"date":"2024-02-21T03:19:51","date_gmt":"2024-02-21T01:19:51","guid":{"rendered":"https:\/\/exlibris.ee\/toode\/boses-foul-digital-edition-allango-e-only\/"},"modified":"2026-04-05T19:44:49","modified_gmt":"2026-04-05T16:44:49","slug":"boses-foul-digital-edition-allango-e-only","status":"publish","type":"product","link":"https:\/\/exlibris.ee\/en\/product\/boses-foul-digital-edition-allango-e-only\/","title":{"rendered":"B\u00f6ses Foul Digital Edition allango, e-only"},"content":{"rendered":"<p>B\u00f6ses Foul beim Fu\u00dfball \u2013 digital version allango, book with additional material for teachers\/learners, 24 months. Type or target group &#8211; readers.<\/p>\n","protected":false},"excerpt":{"rendered":"<p>B\u00f6ses Foul beim Fu\u00dfball \u2013 digital version allango, book with additional material for teachers\/learners, 24 months. Type or target group &#8211; readers.<\/p>\n","protected":false},"featured_media":113157,"template":"","meta":{"_acf_changed":false,"inline_featured_image":false},"product_brand":[],"product_cat":[851],"product_tag":[],"series":[{"id":2228,"name":"Deutsch\u00b3","slug":"deutsch%c2%b3"}],"publisher":[{"id":473,"name":"Klett Verlag","slug":"klett-verlag"}],"class_list":{"0":"post-113409","1":"product","2":"type-product","3":"status-publish","4":"has-post-thumbnail","6":"product_cat-lesetexte-deutsch","7":"series-deutsch","8":"publisher-klett-verlag","10":"first","11":"onbackorder","12":"taxable","13":"shipping-taxable","14":"purchasable","15":"product-type-simple"},"acf":[],"_links":{"self":[{"href":"https:\/\/exlibris.ee\/en\/wp-json\/wp\/v2\/product\/113409","targetHints":{"allow":["GET"]}}],"collection":[{"href":"https:\/\/exlibris.ee\/en\/wp-json\/wp\/v2\/product"}],"about":[{"href":"https:\/\/exlibris.ee\/en\/wp-json\/wp\/v2\/types\/product"}],"wp:featuredmedia":[{"embeddable":true,"href":"https:\/\/exlibris.ee\/en\/wp-json\/wp\/v2\/media\/113157"}],"wp:attachment":[{"href":"https:\/\/exlibris.ee\/en\/wp-json\/wp\/v2\/media?parent=113409"}],"wp:term":[{"taxonomy":"product_brand","embeddable":true,"href":"https:\/\/exlibris.ee\/en\/wp-json\/wp\/v2\/product_brand?post=113409"},{"taxonomy":"product_cat","embeddable":true,"href":"https:\/\/exlibris.ee\/en\/wp-json\/wp\/v2\/product_cat?post=113409"},{"taxonomy":"product_tag","embeddable":true,"href":"https:\/\/exlibris.ee\/en\/wp-json\/wp\/v2\/product_tag?post=113409"},{"taxonomy":"series","embeddable":true,"href":"https:\/\/exlibris.ee\/en\/wp-json\/wp\/v2\/series?post=113409"},{"taxonomy":"publisher","embeddable":true,"href":"https:\/\/exlibris.ee\/en\/wp-json\/wp\/v2\/publisher?post=113409"}],"curies":[{"name":"wp","href":"https:\/\/api.w.org\/{rel}","templated":true}]}}