{"id":116661,"date":"2024-02-24T02:45:05","date_gmt":"2024-02-24T00:45:05","guid":{"rendered":"https:\/\/exlibris.ee\/toode\/schritte-international-1-2-ubungs-cd-rom\/"},"modified":"2026-04-04T21:24:45","modified_gmt":"2026-04-04T18:24:45","slug":"schritte-international-1-2-ubungs-cd-rom","status":"publish","type":"product","link":"https:\/\/exlibris.ee\/en\/product\/schritte-international-1-2-ubungs-cd-rom\/","title":{"rendered":"Schritte international 1\/2 \u00dcbungs-CD-ROM"},"content":{"rendered":"<p>Die CD-ROM ist genau abgestimmt auf die Inhalte von Schritte international 1 und 2, Kurs- und Arbeitsbuch. Sie enth\u00e4lt zahlreiche motivierende \u00dcbungen zu Wortschatz, H\u00f6r- und Leseverst\u00e4ndis, Kommunikation und Schreiben.<br \/>\nEine vielf\u00e4ltige \u00dcbungstypologie (Drag&amp;Drop, Markieren, Multiple Choice, Kreutzwortr\u00e4tsel, Memo-spiel usw.) garantiert abwechslungsreiches Lernen. Am Ende jeder \u00dcbungssequenz befindet sich eine Auswertung der Aufgabe.<\/p>\n","protected":false},"excerpt":{"rendered":"<p>Die CD-ROM ist genau abgestimmt auf die Inhalte von Schritte international 1 und 2, Kurs- und Arbeitsbuch. Sie enth\u00e4lt zahlreiche motivierende \u00dcbungen zu Wortschatz, H\u00f6r- und Leseverst\u00e4ndis, Kommunikation und Schreiben. Eine vielf\u00e4ltige \u00dcbungstypologie (Drag&amp;Drop, Markieren, Multiple Choice, Kreutzwortr\u00e4tsel, Memo-spiel usw.)&#8230;<\/p>\n","protected":false},"featured_media":111159,"template":"","meta":{"_acf_changed":false,"inline_featured_image":false},"product_brand":[],"product_cat":[1121],"product_tag":[],"series":[{"id":1252,"name":"Schritte international","slug":"schritte-international"}],"publisher":[{"id":497,"name":"Hueber Verlag","slug":"hueber-verlag"}],"class_list":{"0":"post-116661","1":"product","2":"type-product","3":"status-publish","4":"has-post-thumbnail","6":"product_cat-lehrwerke-fur-jugendliche-und-erwachsene","7":"series-schritte-international","8":"publisher-hueber-verlag","10":"first","11":"instock","12":"taxable","13":"shipping-taxable","14":"purchasable","15":"product-type-simple"},"acf":[],"_links":{"self":[{"href":"https:\/\/exlibris.ee\/en\/wp-json\/wp\/v2\/product\/116661","targetHints":{"allow":["GET"]}}],"collection":[{"href":"https:\/\/exlibris.ee\/en\/wp-json\/wp\/v2\/product"}],"about":[{"href":"https:\/\/exlibris.ee\/en\/wp-json\/wp\/v2\/types\/product"}],"wp:featuredmedia":[{"embeddable":true,"href":"https:\/\/exlibris.ee\/en\/wp-json\/wp\/v2\/media\/111159"}],"wp:attachment":[{"href":"https:\/\/exlibris.ee\/en\/wp-json\/wp\/v2\/media?parent=116661"}],"wp:term":[{"taxonomy":"product_brand","embeddable":true,"href":"https:\/\/exlibris.ee\/en\/wp-json\/wp\/v2\/product_brand?post=116661"},{"taxonomy":"product_cat","embeddable":true,"href":"https:\/\/exlibris.ee\/en\/wp-json\/wp\/v2\/product_cat?post=116661"},{"taxonomy":"product_tag","embeddable":true,"href":"https:\/\/exlibris.ee\/en\/wp-json\/wp\/v2\/product_tag?post=116661"},{"taxonomy":"series","embeddable":true,"href":"https:\/\/exlibris.ee\/en\/wp-json\/wp\/v2\/series?post=116661"},{"taxonomy":"publisher","embeddable":true,"href":"https:\/\/exlibris.ee\/en\/wp-json\/wp\/v2\/publisher?post=116661"}],"curies":[{"name":"wp","href":"https:\/\/api.w.org\/{rel}","templated":true}]}}