{"id":116675,"date":"2024-02-24T02:53:59","date_gmt":"2024-02-24T00:53:59","guid":{"rendered":"https:\/\/exlibris.ee\/toode\/themen-aktuelle-1-cd-rom\/"},"modified":"2026-04-14T21:18:52","modified_gmt":"2026-04-14T18:18:52","slug":"themen-aktuelle-1-cd-rom","status":"publish","type":"product","link":"https:\/\/exlibris.ee\/en\/product\/themen-aktuelle-1-cd-rom\/","title":{"rendered":"Themen aktuell 1 CD-ROM"},"content":{"rendered":"<p>F\u00fcr Windows 95\/98\/ME\/2000\/XP <\/p>\n<p>Die CD-ROM zum Kursbuch &#8220;Themen aktuell 1&#8221; (ISBN 3-19-001690-9)<br \/>\nDieses Programm macht die Seiten des Kursbuchs lebendig. Es erz\u00e4hlt viele \u00dcbungen zu den Lese- und H\u00f6rtexten, zum Wortschatz und zur Grammatik. So k\u00f6nnen Sie den Stoff individuell wiederholen und vertiefen. <\/p>\n<p>Niveau A1<\/p>\n","protected":false},"excerpt":{"rendered":"<p>F\u00fcr Windows 95\/98\/ME\/2000\/XP Die CD-ROM zum Kursbuch &#8220;Themen aktuell 1&#8221; (ISBN 3-19-001690-9) Dieses Programm macht die Seiten des Kursbuchs lebendig. Es erz\u00e4hlt viele \u00dcbungen zu den Lese- und H\u00f6rtexten, zum Wortschatz und zur Grammatik. So k\u00f6nnen Sie den Stoff individuell&#8230;<\/p>\n","protected":false},"featured_media":111237,"template":"","meta":{"_acf_changed":false,"inline_featured_image":false},"product_brand":[],"product_cat":[1121],"product_tag":[],"series":[{"id":1292,"name":"Themen aktuell","slug":"themen-aktuell"}],"publisher":[{"id":497,"name":"Hueber Verlag","slug":"hueber-verlag"}],"class_list":{"0":"post-116675","1":"product","2":"type-product","3":"status-publish","4":"has-post-thumbnail","6":"product_cat-lehrwerke-fur-jugendliche-und-erwachsene","7":"series-themen-aktuell","8":"publisher-hueber-verlag","10":"first","11":"instock","12":"taxable","13":"shipping-taxable","14":"purchasable","15":"product-type-simple"},"acf":[],"_links":{"self":[{"href":"https:\/\/exlibris.ee\/en\/wp-json\/wp\/v2\/product\/116675","targetHints":{"allow":["GET"]}}],"collection":[{"href":"https:\/\/exlibris.ee\/en\/wp-json\/wp\/v2\/product"}],"about":[{"href":"https:\/\/exlibris.ee\/en\/wp-json\/wp\/v2\/types\/product"}],"wp:featuredmedia":[{"embeddable":true,"href":"https:\/\/exlibris.ee\/en\/wp-json\/wp\/v2\/media\/111237"}],"wp:attachment":[{"href":"https:\/\/exlibris.ee\/en\/wp-json\/wp\/v2\/media?parent=116675"}],"wp:term":[{"taxonomy":"product_brand","embeddable":true,"href":"https:\/\/exlibris.ee\/en\/wp-json\/wp\/v2\/product_brand?post=116675"},{"taxonomy":"product_cat","embeddable":true,"href":"https:\/\/exlibris.ee\/en\/wp-json\/wp\/v2\/product_cat?post=116675"},{"taxonomy":"product_tag","embeddable":true,"href":"https:\/\/exlibris.ee\/en\/wp-json\/wp\/v2\/product_tag?post=116675"},{"taxonomy":"series","embeddable":true,"href":"https:\/\/exlibris.ee\/en\/wp-json\/wp\/v2\/series?post=116675"},{"taxonomy":"publisher","embeddable":true,"href":"https:\/\/exlibris.ee\/en\/wp-json\/wp\/v2\/publisher?post=116675"}],"curies":[{"name":"wp","href":"https:\/\/api.w.org\/{rel}","templated":true}]}}