{"id":116692,"date":"2024-02-27T02:43:03","date_gmt":"2024-02-27T00:43:03","guid":{"rendered":"https:\/\/exlibris.ee\/toode\/delfin-teil-1-2-3-cd-roms\/"},"modified":"2026-04-05T15:29:57","modified_gmt":"2026-04-05T12:29:57","slug":"delfin-teil-1-2-3-cd-roms","status":"publish","type":"product","link":"https:\/\/exlibris.ee\/en\/product\/delfin-teil-1-2-3-cd-roms\/","title":{"rendered":"Delfin Teil 1, 2, 3 CD-ROMs"},"content":{"rendered":"<p>3 CD-ROMs zum Kursbuch &#8220;Delfin&#8221; f\u00fcr Windows 98\/ME\/2000\/NT 4.0\/XP<br \/>\n(passend zur einb\u00e4ndigen, zweib\u00e4ndigen und dreib\u00e4ndigen Ausgabe) <\/p>\n<p>Dieses Programm macht die Seiten des Kursbuchs lebendig. Es enth\u00e4lt viele \u00dcbungen zu den Lese- und H\u00f6rtexten, zum Wortschatz und zur Grammatik. So k\u00f6nnen Sie den Stoff individuell wiederholen und vertiefen.<\/p>\n","protected":false},"excerpt":{"rendered":"<p>3 CD-ROMs zum Kursbuch &#8220;Delfin&#8221; f\u00fcr Windows 98\/ME\/2000\/NT 4.0\/XP (passend zur einb\u00e4ndigen, zweib\u00e4ndigen und dreib\u00e4ndigen Ausgabe) Dieses Programm macht die Seiten des Kursbuchs lebendig. Es enth\u00e4lt viele \u00dcbungen zu den Lese- und H\u00f6rtexten, zum Wortschatz und zur Grammatik. So k\u00f6nnen&#8230;<\/p>\n","protected":false},"featured_media":111135,"template":"","meta":{"_acf_changed":false,"inline_featured_image":false},"product_brand":[],"product_cat":[1121],"product_tag":[],"series":[{"id":945,"name":"Delfin","slug":"delfin"}],"publisher":[{"id":497,"name":"Hueber Verlag","slug":"hueber-verlag"}],"class_list":{"0":"post-116692","1":"product","2":"type-product","3":"status-publish","4":"has-post-thumbnail","6":"product_cat-lehrwerke-fur-jugendliche-und-erwachsene","7":"series-delfin","8":"publisher-hueber-verlag","10":"first","11":"instock","12":"taxable","13":"shipping-taxable","14":"purchasable","15":"product-type-simple"},"acf":[],"_links":{"self":[{"href":"https:\/\/exlibris.ee\/en\/wp-json\/wp\/v2\/product\/116692","targetHints":{"allow":["GET"]}}],"collection":[{"href":"https:\/\/exlibris.ee\/en\/wp-json\/wp\/v2\/product"}],"about":[{"href":"https:\/\/exlibris.ee\/en\/wp-json\/wp\/v2\/types\/product"}],"wp:featuredmedia":[{"embeddable":true,"href":"https:\/\/exlibris.ee\/en\/wp-json\/wp\/v2\/media\/111135"}],"wp:attachment":[{"href":"https:\/\/exlibris.ee\/en\/wp-json\/wp\/v2\/media?parent=116692"}],"wp:term":[{"taxonomy":"product_brand","embeddable":true,"href":"https:\/\/exlibris.ee\/en\/wp-json\/wp\/v2\/product_brand?post=116692"},{"taxonomy":"product_cat","embeddable":true,"href":"https:\/\/exlibris.ee\/en\/wp-json\/wp\/v2\/product_cat?post=116692"},{"taxonomy":"product_tag","embeddable":true,"href":"https:\/\/exlibris.ee\/en\/wp-json\/wp\/v2\/product_tag?post=116692"},{"taxonomy":"series","embeddable":true,"href":"https:\/\/exlibris.ee\/en\/wp-json\/wp\/v2\/series?post=116692"},{"taxonomy":"publisher","embeddable":true,"href":"https:\/\/exlibris.ee\/en\/wp-json\/wp\/v2\/publisher?post=116692"}],"curies":[{"name":"wp","href":"https:\/\/api.w.org\/{rel}","templated":true}]}}