{"id":116694,"date":"2024-02-27T02:47:37","date_gmt":"2024-02-27T00:47:37","guid":{"rendered":"https:\/\/exlibris.ee\/toode\/lagune-2-cd-rom\/"},"modified":"2026-04-05T15:31:35","modified_gmt":"2026-04-05T12:31:35","slug":"lagune-2-cd-rom","status":"publish","type":"product","link":"https:\/\/exlibris.ee\/en\/product\/lagune-2-cd-rom\/","title":{"rendered":"Lagune 2 CD-ROM"},"content":{"rendered":"<p>Lehrwerk f\u00fcr Deutsch als Fremdsprache<br \/>\nF\u00fcr Windows 98\/ME\/2000\/ NT 4.0\/XP\/ Vista <\/p>\n<p>Dieses Programm macht die Seiten des Kursbuchs lebendig. Es enth\u00e4lt viele \u00dcbungen zu den Lese- und H\u00f6rtexte, zum Wortschatz und zur Grammatik. So k\u00f6nnen Sie den Stoff individuell wiederholen und vertiefen.<\/p>\n","protected":false},"excerpt":{"rendered":"<p>Lehrwerk f\u00fcr Deutsch als Fremdsprache F\u00fcr Windows 98\/ME\/2000\/ NT 4.0\/XP\/ Vista Dieses Programm macht die Seiten des Kursbuchs lebendig. Es enth\u00e4lt viele \u00dcbungen zu den Lese- und H\u00f6rtexte, zum Wortschatz und zur Grammatik. So k\u00f6nnen Sie den Stoff individuell wiederholen&#8230;<\/p>\n","protected":false},"featured_media":111156,"template":"","meta":{"_acf_changed":false,"inline_featured_image":false},"product_brand":[],"product_cat":[477],"product_tag":[],"series":[{"id":1122,"name":"Lagune","slug":"lagune"}],"publisher":[{"id":497,"name":"Hueber Verlag","slug":"hueber-verlag"}],"class_list":{"0":"post-116694","1":"product","2":"type-product","3":"status-publish","4":"has-post-thumbnail","6":"product_cat-lehrwerke-fur-jugendliche","7":"series-lagune","8":"publisher-hueber-verlag","10":"first","11":"instock","12":"taxable","13":"shipping-taxable","14":"purchasable","15":"product-type-simple"},"acf":[],"_links":{"self":[{"href":"https:\/\/exlibris.ee\/en\/wp-json\/wp\/v2\/product\/116694","targetHints":{"allow":["GET"]}}],"collection":[{"href":"https:\/\/exlibris.ee\/en\/wp-json\/wp\/v2\/product"}],"about":[{"href":"https:\/\/exlibris.ee\/en\/wp-json\/wp\/v2\/types\/product"}],"wp:featuredmedia":[{"embeddable":true,"href":"https:\/\/exlibris.ee\/en\/wp-json\/wp\/v2\/media\/111156"}],"wp:attachment":[{"href":"https:\/\/exlibris.ee\/en\/wp-json\/wp\/v2\/media?parent=116694"}],"wp:term":[{"taxonomy":"product_brand","embeddable":true,"href":"https:\/\/exlibris.ee\/en\/wp-json\/wp\/v2\/product_brand?post=116694"},{"taxonomy":"product_cat","embeddable":true,"href":"https:\/\/exlibris.ee\/en\/wp-json\/wp\/v2\/product_cat?post=116694"},{"taxonomy":"product_tag","embeddable":true,"href":"https:\/\/exlibris.ee\/en\/wp-json\/wp\/v2\/product_tag?post=116694"},{"taxonomy":"series","embeddable":true,"href":"https:\/\/exlibris.ee\/en\/wp-json\/wp\/v2\/series?post=116694"},{"taxonomy":"publisher","embeddable":true,"href":"https:\/\/exlibris.ee\/en\/wp-json\/wp\/v2\/publisher?post=116694"}],"curies":[{"name":"wp","href":"https:\/\/api.w.org\/{rel}","templated":true}]}}