{"id":118033,"date":"2024-02-29T02:55:43","date_gmt":"2024-02-29T00:55:43","guid":{"rendered":"https:\/\/exlibris.ee\/toode\/schritte-plus-im-beruf-mit-2-audio-cds-booklet\/"},"modified":"2026-04-13T23:35:39","modified_gmt":"2026-04-13T20:35:39","slug":"schritte-plus-im-beruf-mit-2-audio-cds-booklet","status":"publish","type":"product","link":"https:\/\/exlibris.ee\/en\/product\/schritte-plus-im-beruf-mit-2-audio-cds-booklet\/","title":{"rendered":"Schritte plus im Beruf mit 2 Audio-CDs + Booklet"},"content":{"rendered":"<p>Deutsch in der Kaffeepause<br \/>\nNiveau A2\/B1<\/p>\n<p>Bei Deutsch in der Kaffeepause handelt es sich um 2 Audio-CDs mit zwanzig typischen Gespr\u00e4chen aus dem Arbeitsleben. Durch Zuh\u00f6ren lernen die Kursteilnehmer\/innen verschiedene und f\u00fcr das Berufsleben wichtige Redemittel und Wendungen kennen, die sie durch Nachsprechen wiederholen und ein\u00fcben. Geeignet als unterrichtsbegleitendes Material und f\u00fcr das Selbststudium ab Niveau A2.<\/p>\n","protected":false},"excerpt":{"rendered":"<p>Deutsch in der Kaffeepause Niveau A2\/B1 Bei Deutsch in der Kaffeepause handelt es sich um 2 Audio-CDs mit zwanzig typischen Gespr\u00e4chen aus dem Arbeitsleben. Durch Zuh\u00f6ren lernen die Kursteilnehmer\/innen verschiedene und f\u00fcr das Berufsleben wichtige Redemittel und Wendungen kennen, die&#8230;<\/p>\n","protected":false},"featured_media":111138,"template":"","meta":{"_acf_changed":false,"inline_featured_image":false},"product_brand":[],"product_cat":[885],"product_tag":[],"series":[{"id":1262,"name":"Schritte plus im Beruf","slug":"schritte-plus-im-beruf"}],"publisher":[{"id":497,"name":"Hueber Verlag","slug":"hueber-verlag"}],"class_list":{"0":"post-118033","1":"product","2":"type-product","3":"status-publish","4":"has-post-thumbnail","6":"product_cat-berufssprache","7":"series-schritte-plus-im-beruf","8":"publisher-hueber-verlag","10":"first","11":"instock","12":"taxable","13":"shipping-taxable","14":"purchasable","15":"product-type-simple"},"acf":[],"_links":{"self":[{"href":"https:\/\/exlibris.ee\/en\/wp-json\/wp\/v2\/product\/118033","targetHints":{"allow":["GET"]}}],"collection":[{"href":"https:\/\/exlibris.ee\/en\/wp-json\/wp\/v2\/product"}],"about":[{"href":"https:\/\/exlibris.ee\/en\/wp-json\/wp\/v2\/types\/product"}],"wp:featuredmedia":[{"embeddable":true,"href":"https:\/\/exlibris.ee\/en\/wp-json\/wp\/v2\/media\/111138"}],"wp:attachment":[{"href":"https:\/\/exlibris.ee\/en\/wp-json\/wp\/v2\/media?parent=118033"}],"wp:term":[{"taxonomy":"product_brand","embeddable":true,"href":"https:\/\/exlibris.ee\/en\/wp-json\/wp\/v2\/product_brand?post=118033"},{"taxonomy":"product_cat","embeddable":true,"href":"https:\/\/exlibris.ee\/en\/wp-json\/wp\/v2\/product_cat?post=118033"},{"taxonomy":"product_tag","embeddable":true,"href":"https:\/\/exlibris.ee\/en\/wp-json\/wp\/v2\/product_tag?post=118033"},{"taxonomy":"series","embeddable":true,"href":"https:\/\/exlibris.ee\/en\/wp-json\/wp\/v2\/series?post=118033"},{"taxonomy":"publisher","embeddable":true,"href":"https:\/\/exlibris.ee\/en\/wp-json\/wp\/v2\/publisher?post=118033"}],"curies":[{"name":"wp","href":"https:\/\/api.w.org\/{rel}","templated":true}]}}