{"id":118038,"date":"2024-02-29T03:00:26","date_gmt":"2024-02-29T01:00:26","guid":{"rendered":"https:\/\/exlibris.ee\/toode\/ziel-b2-filme-und-arbeitsblatter-dvd\/"},"modified":"2026-04-04T03:21:02","modified_gmt":"2026-04-04T00:21:02","slug":"ziel-b2-filme-und-arbeitsblatter-dvd","status":"publish","type":"product","link":"https:\/\/exlibris.ee\/en\/product\/ziel-b2-filme-und-arbeitsblatter-dvd\/","title":{"rendered":"Ziel B2 Filme und Arbeitsbl\u00e4tter DVD"},"content":{"rendered":"<p>Zu Band 1 &amp; 2, Lektion 1-16 <\/p>\n<p>25 Filme f\u00fcr den Einsatz im Unterricht, im Medienraum oder f\u00fcr zu Hause<br \/>\n70 Arbeitsbl\u00e4tter zu den Filmen. <\/p>\n<p>Die Filme beleuchten das Leben im deutschsprachigen Raum unter verschiedenen interessanten Aspekten. Die Themen kommen aus den unterschiedlichsten Bereichen, u.a. aus Alltag und Beruf, Forschung und Technik. <\/p>\n","protected":false},"excerpt":{"rendered":"<p>Zu Band 1 &amp; 2, Lektion 1-16 25 Filme f\u00fcr den Einsatz im Unterricht, im Medienraum oder f\u00fcr zu Hause 70 Arbeitsbl\u00e4tter zu den Filmen. Die Filme beleuchten das Leben im deutschsprachigen Raum unter verschiedenen interessanten Aspekten. Die Themen kommen&#8230;<\/p>\n","protected":false},"featured_media":111195,"template":"","meta":{"_acf_changed":false,"inline_featured_image":false},"product_brand":[],"product_cat":[1121],"product_tag":[],"series":[{"id":2263,"name":"Ziel","slug":"ziel"}],"publisher":[{"id":497,"name":"Hueber Verlag","slug":"hueber-verlag"}],"class_list":{"0":"post-118038","1":"product","2":"type-product","3":"status-publish","4":"has-post-thumbnail","6":"product_cat-lehrwerke-fur-jugendliche-und-erwachsene","7":"series-ziel","8":"publisher-hueber-verlag","10":"first","11":"instock","12":"taxable","13":"shipping-taxable","14":"purchasable","15":"product-type-simple"},"acf":[],"_links":{"self":[{"href":"https:\/\/exlibris.ee\/en\/wp-json\/wp\/v2\/product\/118038","targetHints":{"allow":["GET"]}}],"collection":[{"href":"https:\/\/exlibris.ee\/en\/wp-json\/wp\/v2\/product"}],"about":[{"href":"https:\/\/exlibris.ee\/en\/wp-json\/wp\/v2\/types\/product"}],"wp:featuredmedia":[{"embeddable":true,"href":"https:\/\/exlibris.ee\/en\/wp-json\/wp\/v2\/media\/111195"}],"wp:attachment":[{"href":"https:\/\/exlibris.ee\/en\/wp-json\/wp\/v2\/media?parent=118038"}],"wp:term":[{"taxonomy":"product_brand","embeddable":true,"href":"https:\/\/exlibris.ee\/en\/wp-json\/wp\/v2\/product_brand?post=118038"},{"taxonomy":"product_cat","embeddable":true,"href":"https:\/\/exlibris.ee\/en\/wp-json\/wp\/v2\/product_cat?post=118038"},{"taxonomy":"product_tag","embeddable":true,"href":"https:\/\/exlibris.ee\/en\/wp-json\/wp\/v2\/product_tag?post=118038"},{"taxonomy":"series","embeddable":true,"href":"https:\/\/exlibris.ee\/en\/wp-json\/wp\/v2\/series?post=118038"},{"taxonomy":"publisher","embeddable":true,"href":"https:\/\/exlibris.ee\/en\/wp-json\/wp\/v2\/publisher?post=118038"}],"curies":[{"name":"wp","href":"https:\/\/api.w.org\/{rel}","templated":true}]}}