{"id":119893,"date":"2024-03-15T03:45:04","date_gmt":"2024-03-15T01:45:04","guid":{"rendered":"https:\/\/exlibris.ee\/toode\/georg-ots-100\/"},"modified":"2026-04-25T21:28:42","modified_gmt":"2026-04-25T18:28:42","slug":"georg-ots-100","status":"publish","type":"product","link":"https:\/\/exlibris.ee\/en\/product\/georg-ots-100\/","title":{"rendered":"Georg Ots 100"},"content":{"rendered":"<p>Georg Otsa lauludega kasvas Eestis \u00fcles kogu s\u00f5jaj\u00e4rgne p\u00f5lvkond ning mitte ainult Eestis, vaid ka Venemaal. Seal sai laulja eriti kuulsaks p\u00e4rast seda, kui 1958. aastal oli k\u00f5igil N\u00f5ukogude Liidu kinoekraanidel linas tuntud film \u201eMister X\u201c. Venemaal kujunes filmi peategelase Mister X-i aariast Georg Otsa firmam\u00e4rk. Siiani on laulja populaarne Soomes, kus tema esitatud \u201eSaaremaa valsist\u201c on saanud peaaegu rahvalaul. Georg Otsa vokaalne meisterlikkus aga v\u00f5imaldas palju rohkemat. Unustama &#8211; tud on tema Deemon, Escamillo, Figaro, Jago, Papageno, Rigoletto, Don Juan ja mitmed teised maailma ooperiklassika rollid. Sama h\u00e4sti k\u00f5las Georg Otsa soe ja pehme bariton ka operetis, kammerlaulus ja estraadis, kus ta laulis suureks m\u00f5nikord \u00fcsna t\u00fchisedki meloodiad. Nagu \u00fctles \u00fcks tema austajatest: ka valsse ja polkasid laulis ta paremini kui need, kes midagi muud ei laulnudki. Kokku sisaldas Otsa repertuaar \u00fcle poole tuhande laulu, mida ta oli v\u00f5imeline esitama paarik\u00fcmnes keeles. Inimesi lummasid tema kauni k\u00f5laga l\u00fc\u00fcriline bariton, suur musikaalsus ja suurep\u00e4rased n\u00e4itlejav\u00f5i &#8211; med. Legendi tekkimisele aitasid kaasa hea haridus, mitme keele oskus ja korralik lastetuba ning kindlasti ka suurep\u00e4rane v\u00e4limus. Georg Ots oli oma aja t\u00f5eline prominent, karismaatiline ja elegantne inimene.<\/p>\n","protected":false},"excerpt":{"rendered":"<p>Georg Otsa lauludega kasvas Eestis \u00fcles kogu s\u00f5jaj\u00e4rgne p\u00f5lvkond ning mitte ainult Eestis, vaid ka Venemaal. Seal sai laulja eriti kuulsaks p\u00e4rast seda, kui 1958. aastal oli k\u00f5igil N\u00f5ukogude Liidu kinoekraanidel linas tuntud film \u201eMister X\u201c. Venemaal kujunes filmi peategelase&#8230;<\/p>\n","protected":false},"featured_media":119812,"template":"","meta":{"_acf_changed":false,"inline_featured_image":false},"product_brand":[],"product_cat":[868],"product_tag":[],"series":[],"publisher":[{"id":2292,"name":"Kirjastus Aleksandra","slug":"kirjastus-aleksandra"}],"class_list":{"0":"post-119893","1":"product","2":"type-product","3":"status-publish","4":"has-post-thumbnail","6":"product_cat-malestused-ja-elulood","7":"publisher-kirjastus-aleksandra","9":"first","10":"instock","11":"taxable","12":"shipping-taxable","13":"purchasable","14":"product-type-simple"},"acf":[],"_links":{"self":[{"href":"https:\/\/exlibris.ee\/en\/wp-json\/wp\/v2\/product\/119893","targetHints":{"allow":["GET"]}}],"collection":[{"href":"https:\/\/exlibris.ee\/en\/wp-json\/wp\/v2\/product"}],"about":[{"href":"https:\/\/exlibris.ee\/en\/wp-json\/wp\/v2\/types\/product"}],"wp:featuredmedia":[{"embeddable":true,"href":"https:\/\/exlibris.ee\/en\/wp-json\/wp\/v2\/media\/119812"}],"wp:attachment":[{"href":"https:\/\/exlibris.ee\/en\/wp-json\/wp\/v2\/media?parent=119893"}],"wp:term":[{"taxonomy":"product_brand","embeddable":true,"href":"https:\/\/exlibris.ee\/en\/wp-json\/wp\/v2\/product_brand?post=119893"},{"taxonomy":"product_cat","embeddable":true,"href":"https:\/\/exlibris.ee\/en\/wp-json\/wp\/v2\/product_cat?post=119893"},{"taxonomy":"product_tag","embeddable":true,"href":"https:\/\/exlibris.ee\/en\/wp-json\/wp\/v2\/product_tag?post=119893"},{"taxonomy":"series","embeddable":true,"href":"https:\/\/exlibris.ee\/en\/wp-json\/wp\/v2\/series?post=119893"},{"taxonomy":"publisher","embeddable":true,"href":"https:\/\/exlibris.ee\/en\/wp-json\/wp\/v2\/publisher?post=119893"}],"curies":[{"name":"wp","href":"https:\/\/api.w.org\/{rel}","templated":true}]}}