{"id":120590,"date":"2024-03-26T02:24:41","date_gmt":"2024-03-26T00:24:41","guid":{"rendered":"https:\/\/exlibris.ee\/toode\/lagune-3-3-cds\/"},"modified":"2026-04-10T23:30:30","modified_gmt":"2026-04-10T20:30:30","slug":"lagune-3-3-cds","status":"publish","type":"product","link":"https:\/\/exlibris.ee\/en\/product\/lagune-3-3-cds\/","title":{"rendered":"Lagune 3, 3 CDs"},"content":{"rendered":"<p>H\u00f6rverstehentexte, Sprech\u00fcbungen und Diktate.<br \/>\nDie 3 CDs enthalten alle H\u00f6rtexte zu Lagune Kursbuch 3.<\/p>\n","protected":false},"excerpt":{"rendered":"<p>H\u00f6rverstehentexte, Sprech\u00fcbungen und Diktate. Die 3 CDs enthalten alle H\u00f6rtexte zu Lagune Kursbuch 3.<\/p>\n","protected":false},"featured_media":120305,"template":"","meta":{"_acf_changed":false,"inline_featured_image":false},"product_brand":[],"product_cat":[470],"product_tag":[],"series":[{"id":1122,"name":"Lagune","slug":"lagune"}],"publisher":[{"id":497,"name":"Hueber Verlag","slug":"hueber-verlag"}],"class_list":{"0":"post-120590","1":"product","2":"type-product","3":"status-publish","4":"has-post-thumbnail","6":"product_cat-saksa-keel","7":"series-lagune","8":"publisher-hueber-verlag","10":"first","11":"instock","12":"taxable","13":"shipping-taxable","14":"purchasable","15":"product-type-simple"},"acf":[],"_links":{"self":[{"href":"https:\/\/exlibris.ee\/en\/wp-json\/wp\/v2\/product\/120590","targetHints":{"allow":["GET"]}}],"collection":[{"href":"https:\/\/exlibris.ee\/en\/wp-json\/wp\/v2\/product"}],"about":[{"href":"https:\/\/exlibris.ee\/en\/wp-json\/wp\/v2\/types\/product"}],"wp:featuredmedia":[{"embeddable":true,"href":"https:\/\/exlibris.ee\/en\/wp-json\/wp\/v2\/media\/120305"}],"wp:attachment":[{"href":"https:\/\/exlibris.ee\/en\/wp-json\/wp\/v2\/media?parent=120590"}],"wp:term":[{"taxonomy":"product_brand","embeddable":true,"href":"https:\/\/exlibris.ee\/en\/wp-json\/wp\/v2\/product_brand?post=120590"},{"taxonomy":"product_cat","embeddable":true,"href":"https:\/\/exlibris.ee\/en\/wp-json\/wp\/v2\/product_cat?post=120590"},{"taxonomy":"product_tag","embeddable":true,"href":"https:\/\/exlibris.ee\/en\/wp-json\/wp\/v2\/product_tag?post=120590"},{"taxonomy":"series","embeddable":true,"href":"https:\/\/exlibris.ee\/en\/wp-json\/wp\/v2\/series?post=120590"},{"taxonomy":"publisher","embeddable":true,"href":"https:\/\/exlibris.ee\/en\/wp-json\/wp\/v2\/publisher?post=120590"}],"curies":[{"name":"wp","href":"https:\/\/api.w.org\/{rel}","templated":true}]}}