{"id":120622,"date":"2024-03-26T02:30:01","date_gmt":"2024-03-26T00:30:01","guid":{"rendered":"https:\/\/exlibris.ee\/toode\/vera-heidelberg-audio-cd-leseheft\/"},"modified":"2026-04-05T15:31:33","modified_gmt":"2026-04-05T12:31:33","slug":"vera-heidelberg-audio-cd-leseheft","status":"publish","type":"product","link":"https:\/\/exlibris.ee\/en\/product\/vera-heidelberg-audio-cd-leseheft\/","title":{"rendered":"Vera, Heidelberg (Audio-CD + Leseheft)"},"content":{"rendered":"<p>Vera ist Single und steht kurz vor dem Examen. Die Universit\u00e4t ist Mittelpunkt ihres Lebens. Sie lernt Tag und Nacht und geht nie aus. Aber eines Tages hat sie genug und geht in eine Kneipe. Dort sitzt der smarte Student Marco mit einem unbekannten Mann &#8230;<\/p>\n<p>Gro\u00dfe Gef\u00fchle f\u00fcr die Niveaustufe A1 &#8211; das echte Lese- und H\u00f6rerlebnis schon am Anfang der Grundstufe!<\/p>\n","protected":false},"excerpt":{"rendered":"<p>Vera ist Single und steht kurz vor dem Examen. Die Universit\u00e4t ist Mittelpunkt ihres Lebens. Sie lernt Tag und Nacht und geht nie aus. Aber eines Tages hat sie genug und geht in eine Kneipe. Dort sitzt der smarte Student&#8230;<\/p>\n","protected":false},"featured_media":120619,"template":"","meta":{"_acf_changed":false,"inline_featured_image":false},"product_brand":[],"product_cat":[851],"product_tag":[],"series":[{"id":2332,"name":"Lese-Novelas","slug":"lese-novelas"}],"publisher":[{"id":497,"name":"Hueber Verlag","slug":"hueber-verlag"}],"class_list":{"0":"post-120622","1":"product","2":"type-product","3":"status-publish","4":"has-post-thumbnail","6":"product_cat-lesetexte-deutsch","7":"series-lese-novelas","8":"publisher-hueber-verlag","10":"first","11":"instock","12":"taxable","13":"shipping-taxable","14":"purchasable","15":"product-type-simple"},"acf":[],"_links":{"self":[{"href":"https:\/\/exlibris.ee\/en\/wp-json\/wp\/v2\/product\/120622","targetHints":{"allow":["GET"]}}],"collection":[{"href":"https:\/\/exlibris.ee\/en\/wp-json\/wp\/v2\/product"}],"about":[{"href":"https:\/\/exlibris.ee\/en\/wp-json\/wp\/v2\/types\/product"}],"wp:featuredmedia":[{"embeddable":true,"href":"https:\/\/exlibris.ee\/en\/wp-json\/wp\/v2\/media\/120619"}],"wp:attachment":[{"href":"https:\/\/exlibris.ee\/en\/wp-json\/wp\/v2\/media?parent=120622"}],"wp:term":[{"taxonomy":"product_brand","embeddable":true,"href":"https:\/\/exlibris.ee\/en\/wp-json\/wp\/v2\/product_brand?post=120622"},{"taxonomy":"product_cat","embeddable":true,"href":"https:\/\/exlibris.ee\/en\/wp-json\/wp\/v2\/product_cat?post=120622"},{"taxonomy":"product_tag","embeddable":true,"href":"https:\/\/exlibris.ee\/en\/wp-json\/wp\/v2\/product_tag?post=120622"},{"taxonomy":"series","embeddable":true,"href":"https:\/\/exlibris.ee\/en\/wp-json\/wp\/v2\/series?post=120622"},{"taxonomy":"publisher","embeddable":true,"href":"https:\/\/exlibris.ee\/en\/wp-json\/wp\/v2\/publisher?post=120622"}],"curies":[{"name":"wp","href":"https:\/\/api.w.org\/{rel}","templated":true}]}}