{"id":120633,"date":"2024-03-26T02:35:27","date_gmt":"2024-03-26T00:35:27","guid":{"rendered":"https:\/\/exlibris.ee\/toode\/franz-munchen-audio-cd-leseheft\/"},"modified":"2026-04-05T15:36:03","modified_gmt":"2026-04-05T12:36:03","slug":"franz-munchen-audio-cd-leseheft","status":"publish","type":"product","link":"https:\/\/exlibris.ee\/en\/product\/franz-munchen-audio-cd-leseheft\/","title":{"rendered":"Franz, M\u00fcnchen (Audio-CD + Leseheft)"},"content":{"rendered":"<p>Franz soll von seinem Vater die Dorfwirtschaft \u00fcbernehmen, aber er weigert sich. Das Dorf ist zu eng f\u00fcr ihn, er geht in die Gro\u00dfstadt und will die gro\u00dfe Welt kennenlernen. Als Star-Koch feiert er Triumphe\u2026<\/p>\n<p>Gro\u00dfe Gef\u00fchle f\u00fcr die Niveaustufe A1 &#8211; das echte Lese- und H\u00f6rerlebnis schon am Anfang der Grundstufe!<\/p>\n","protected":false},"excerpt":{"rendered":"<p>Franz soll von seinem Vater die Dorfwirtschaft \u00fcbernehmen, aber er weigert sich. Das Dorf ist zu eng f\u00fcr ihn, er geht in die Gro\u00dfstadt und will die gro\u00dfe Welt kennenlernen. Als Star-Koch feiert er Triumphe\u2026 Gro\u00dfe Gef\u00fchle f\u00fcr die Niveaustufe&#8230;<\/p>\n","protected":false},"featured_media":55654,"template":"","meta":{"_acf_changed":false,"inline_featured_image":false},"product_brand":[],"product_cat":[851],"product_tag":[],"series":[{"id":2332,"name":"Lese-Novelas","slug":"lese-novelas"}],"publisher":[{"id":497,"name":"Hueber Verlag","slug":"hueber-verlag"}],"class_list":{"0":"post-120633","1":"product","2":"type-product","3":"status-publish","4":"has-post-thumbnail","6":"product_cat-lesetexte-deutsch","7":"series-lese-novelas","8":"publisher-hueber-verlag","10":"first","11":"instock","12":"taxable","13":"shipping-taxable","14":"purchasable","15":"product-type-simple"},"acf":[],"_links":{"self":[{"href":"https:\/\/exlibris.ee\/en\/wp-json\/wp\/v2\/product\/120633","targetHints":{"allow":["GET"]}}],"collection":[{"href":"https:\/\/exlibris.ee\/en\/wp-json\/wp\/v2\/product"}],"about":[{"href":"https:\/\/exlibris.ee\/en\/wp-json\/wp\/v2\/types\/product"}],"wp:featuredmedia":[{"embeddable":true,"href":"https:\/\/exlibris.ee\/en\/wp-json\/wp\/v2\/media\/55654"}],"wp:attachment":[{"href":"https:\/\/exlibris.ee\/en\/wp-json\/wp\/v2\/media?parent=120633"}],"wp:term":[{"taxonomy":"product_brand","embeddable":true,"href":"https:\/\/exlibris.ee\/en\/wp-json\/wp\/v2\/product_brand?post=120633"},{"taxonomy":"product_cat","embeddable":true,"href":"https:\/\/exlibris.ee\/en\/wp-json\/wp\/v2\/product_cat?post=120633"},{"taxonomy":"product_tag","embeddable":true,"href":"https:\/\/exlibris.ee\/en\/wp-json\/wp\/v2\/product_tag?post=120633"},{"taxonomy":"series","embeddable":true,"href":"https:\/\/exlibris.ee\/en\/wp-json\/wp\/v2\/series?post=120633"},{"taxonomy":"publisher","embeddable":true,"href":"https:\/\/exlibris.ee\/en\/wp-json\/wp\/v2\/publisher?post=120633"}],"curies":[{"name":"wp","href":"https:\/\/api.w.org\/{rel}","templated":true}]}}