{"id":120635,"date":"2024-03-26T02:37:12","date_gmt":"2024-03-26T00:37:12","guid":{"rendered":"https:\/\/exlibris.ee\/toode\/lara-frankfurt-audio-cd-leseheft\/"},"modified":"2026-04-05T15:36:59","modified_gmt":"2026-04-05T12:36:59","slug":"lara-frankfurt-audio-cd-leseheft","status":"publish","type":"product","link":"https:\/\/exlibris.ee\/en\/product\/lara-frankfurt-audio-cd-leseheft\/","title":{"rendered":"Lara, Frankfurt (Audio-CD + Leseheft)"},"content":{"rendered":"<p>Lara bewirbt sich um einen Job bei einer exklusiven Privatbank in Frankfurt. Sie lernt Peter kennen, einen der Direktoren dieser Bank. Er f\u00fchrt sie in den Frankfurter Jetset ein, und die beiden kommen sich n\u00e4her. Allerdings gibt es da auch noch den geheimnisvollen Fremden im Caf\u00e9 \u201eRothschild\u201c \u2026<\/p>\n<p>Gro\u00dfe Gef\u00fchle f\u00fcr die Niveaustufe A1 &#8211; das echte Lese- und H\u00f6rerlebnis schon am Anfang der Grundstufe!<\/p>\n","protected":false},"excerpt":{"rendered":"<p>Lara bewirbt sich um einen Job bei einer exklusiven Privatbank in Frankfurt. Sie lernt Peter kennen, einen der Direktoren dieser Bank. Er f\u00fchrt sie in den Frankfurter Jetset ein, und die beiden kommen sich n\u00e4her. Allerdings gibt es da auch&#8230;<\/p>\n","protected":false},"featured_media":58054,"template":"","meta":{"_acf_changed":false,"inline_featured_image":false},"product_brand":[],"product_cat":[851],"product_tag":[],"series":[{"id":2332,"name":"Lese-Novelas","slug":"lese-novelas"}],"publisher":[{"id":497,"name":"Hueber Verlag","slug":"hueber-verlag"}],"class_list":{"0":"post-120635","1":"product","2":"type-product","3":"status-publish","4":"has-post-thumbnail","6":"product_cat-lesetexte-deutsch","7":"series-lese-novelas","8":"publisher-hueber-verlag","10":"first","11":"instock","12":"taxable","13":"shipping-taxable","14":"purchasable","15":"product-type-simple"},"acf":[],"_links":{"self":[{"href":"https:\/\/exlibris.ee\/en\/wp-json\/wp\/v2\/product\/120635","targetHints":{"allow":["GET"]}}],"collection":[{"href":"https:\/\/exlibris.ee\/en\/wp-json\/wp\/v2\/product"}],"about":[{"href":"https:\/\/exlibris.ee\/en\/wp-json\/wp\/v2\/types\/product"}],"wp:featuredmedia":[{"embeddable":true,"href":"https:\/\/exlibris.ee\/en\/wp-json\/wp\/v2\/media\/58054"}],"wp:attachment":[{"href":"https:\/\/exlibris.ee\/en\/wp-json\/wp\/v2\/media?parent=120635"}],"wp:term":[{"taxonomy":"product_brand","embeddable":true,"href":"https:\/\/exlibris.ee\/en\/wp-json\/wp\/v2\/product_brand?post=120635"},{"taxonomy":"product_cat","embeddable":true,"href":"https:\/\/exlibris.ee\/en\/wp-json\/wp\/v2\/product_cat?post=120635"},{"taxonomy":"product_tag","embeddable":true,"href":"https:\/\/exlibris.ee\/en\/wp-json\/wp\/v2\/product_tag?post=120635"},{"taxonomy":"series","embeddable":true,"href":"https:\/\/exlibris.ee\/en\/wp-json\/wp\/v2\/series?post=120635"},{"taxonomy":"publisher","embeddable":true,"href":"https:\/\/exlibris.ee\/en\/wp-json\/wp\/v2\/publisher?post=120635"}],"curies":[{"name":"wp","href":"https:\/\/api.w.org\/{rel}","templated":true}]}}