{"id":120636,"date":"2024-03-26T02:38:50","date_gmt":"2024-03-26T00:38:50","guid":{"rendered":"https:\/\/exlibris.ee\/toode\/eva-wien-audio-cd-leseheft\/"},"modified":"2026-04-13T07:22:35","modified_gmt":"2026-04-13T04:22:35","slug":"eva-wien-audio-cd-leseheft","status":"publish","type":"product","link":"https:\/\/exlibris.ee\/en\/product\/eva-wien-audio-cd-leseheft\/","title":{"rendered":"Eva, Wien (Audio-CD + Leseheft)"},"content":{"rendered":"<p>Die Studentin Eva f\u00fchlt sich in Wien einsam. \u00dcber eine Kontaktb\u00f6rse im Internet lernt sie Arnold kennen. Arnold ist sehr aufmerksam und unterst\u00fctzt die mittellose Studentin gro\u00dfz\u00fcgig mit Geld. Allm\u00e4hlich beschleicht Eva aber das Gef\u00fchl, dass mit Arnold vielleicht etwas nicht ganz stimmt\u2026 <\/p>\n<p>Gro\u00dfe Gef\u00fchle f\u00fcr die Niveaustufe A1 &#8211; das echte Lese- und H\u00f6rerlebnis schon am Anfang der Grundstufe!<\/p>\n","protected":false},"excerpt":{"rendered":"<p>Die Studentin Eva f\u00fchlt sich in Wien einsam. \u00dcber eine Kontaktb\u00f6rse im Internet lernt sie Arnold kennen. Arnold ist sehr aufmerksam und unterst\u00fctzt die mittellose Studentin gro\u00dfz\u00fcgig mit Geld. Allm\u00e4hlich beschleicht Eva aber das Gef\u00fchl, dass mit Arnold vielleicht etwas&#8230;<\/p>\n","protected":false},"featured_media":57250,"template":"","meta":{"_acf_changed":false,"inline_featured_image":false},"product_brand":[],"product_cat":[851],"product_tag":[],"series":[{"id":2332,"name":"Lese-Novelas","slug":"lese-novelas"}],"publisher":[{"id":497,"name":"Hueber Verlag","slug":"hueber-verlag"}],"class_list":{"0":"post-120636","1":"product","2":"type-product","3":"status-publish","4":"has-post-thumbnail","6":"product_cat-lesetexte-deutsch","7":"series-lese-novelas","8":"publisher-hueber-verlag","10":"first","11":"instock","12":"taxable","13":"shipping-taxable","14":"purchasable","15":"product-type-simple"},"acf":[],"_links":{"self":[{"href":"https:\/\/exlibris.ee\/en\/wp-json\/wp\/v2\/product\/120636","targetHints":{"allow":["GET"]}}],"collection":[{"href":"https:\/\/exlibris.ee\/en\/wp-json\/wp\/v2\/product"}],"about":[{"href":"https:\/\/exlibris.ee\/en\/wp-json\/wp\/v2\/types\/product"}],"wp:featuredmedia":[{"embeddable":true,"href":"https:\/\/exlibris.ee\/en\/wp-json\/wp\/v2\/media\/57250"}],"wp:attachment":[{"href":"https:\/\/exlibris.ee\/en\/wp-json\/wp\/v2\/media?parent=120636"}],"wp:term":[{"taxonomy":"product_brand","embeddable":true,"href":"https:\/\/exlibris.ee\/en\/wp-json\/wp\/v2\/product_brand?post=120636"},{"taxonomy":"product_cat","embeddable":true,"href":"https:\/\/exlibris.ee\/en\/wp-json\/wp\/v2\/product_cat?post=120636"},{"taxonomy":"product_tag","embeddable":true,"href":"https:\/\/exlibris.ee\/en\/wp-json\/wp\/v2\/product_tag?post=120636"},{"taxonomy":"series","embeddable":true,"href":"https:\/\/exlibris.ee\/en\/wp-json\/wp\/v2\/series?post=120636"},{"taxonomy":"publisher","embeddable":true,"href":"https:\/\/exlibris.ee\/en\/wp-json\/wp\/v2\/publisher?post=120636"}],"curies":[{"name":"wp","href":"https:\/\/api.w.org\/{rel}","templated":true}]}}