{"id":120637,"date":"2024-03-26T02:40:41","date_gmt":"2024-03-26T00:40:41","guid":{"rendered":"https:\/\/exlibris.ee\/toode\/nora-zurich-audio-cd-leseheft\/"},"modified":"2026-04-13T07:24:06","modified_gmt":"2026-04-13T04:24:06","slug":"nora-zurich-audio-cd-leseheft","status":"publish","type":"product","link":"https:\/\/exlibris.ee\/en\/product\/nora-zurich-audio-cd-leseheft\/","title":{"rendered":"Nora, Z\u00fcrich (Audio-CD + Leseheft)"},"content":{"rendered":"<p>Nora ist jung und superreich, aber ihr Leben ist leer. Ein Artikel in der NZZ bringt sie auf eine Idee: Sie nimmt Boxunterricht. Das bringt sie in Kontakt zu einem Polizeiagenten, der sie in seine Spezialtruppe aufnimmt. Der Kampf gegen eine Bande von Drogendealern f\u00fchrt in die Schweizer Alpen \u2026 <\/p>\n<p>Gro\u00dfe Gef\u00fchle f\u00fcr die Niveaustufe A1 &#8211; das echte Lese- und H\u00f6rerlebnis schon am Anfang der Grundstufe!<\/p>\n","protected":false},"excerpt":{"rendered":"<p>Nora ist jung und superreich, aber ihr Leben ist leer. Ein Artikel in der NZZ bringt sie auf eine Idee: Sie nimmt Boxunterricht. Das bringt sie in Kontakt zu einem Polizeiagenten, der sie in seine Spezialtruppe aufnimmt. Der Kampf gegen&#8230;<\/p>\n","protected":false},"featured_media":55663,"template":"","meta":{"_acf_changed":false,"inline_featured_image":false},"product_brand":[],"product_cat":[851],"product_tag":[],"series":[{"id":2332,"name":"Lese-Novelas","slug":"lese-novelas"}],"publisher":[{"id":497,"name":"Hueber Verlag","slug":"hueber-verlag"}],"class_list":{"0":"post-120637","1":"product","2":"type-product","3":"status-publish","4":"has-post-thumbnail","6":"product_cat-lesetexte-deutsch","7":"series-lese-novelas","8":"publisher-hueber-verlag","10":"first","11":"instock","12":"taxable","13":"shipping-taxable","14":"purchasable","15":"product-type-simple"},"acf":[],"_links":{"self":[{"href":"https:\/\/exlibris.ee\/en\/wp-json\/wp\/v2\/product\/120637","targetHints":{"allow":["GET"]}}],"collection":[{"href":"https:\/\/exlibris.ee\/en\/wp-json\/wp\/v2\/product"}],"about":[{"href":"https:\/\/exlibris.ee\/en\/wp-json\/wp\/v2\/types\/product"}],"wp:featuredmedia":[{"embeddable":true,"href":"https:\/\/exlibris.ee\/en\/wp-json\/wp\/v2\/media\/55663"}],"wp:attachment":[{"href":"https:\/\/exlibris.ee\/en\/wp-json\/wp\/v2\/media?parent=120637"}],"wp:term":[{"taxonomy":"product_brand","embeddable":true,"href":"https:\/\/exlibris.ee\/en\/wp-json\/wp\/v2\/product_brand?post=120637"},{"taxonomy":"product_cat","embeddable":true,"href":"https:\/\/exlibris.ee\/en\/wp-json\/wp\/v2\/product_cat?post=120637"},{"taxonomy":"product_tag","embeddable":true,"href":"https:\/\/exlibris.ee\/en\/wp-json\/wp\/v2\/product_tag?post=120637"},{"taxonomy":"series","embeddable":true,"href":"https:\/\/exlibris.ee\/en\/wp-json\/wp\/v2\/series?post=120637"},{"taxonomy":"publisher","embeddable":true,"href":"https:\/\/exlibris.ee\/en\/wp-json\/wp\/v2\/publisher?post=120637"}],"curies":[{"name":"wp","href":"https:\/\/api.w.org\/{rel}","templated":true}]}}