{"id":120642,"date":"2024-03-26T02:42:17","date_gmt":"2024-03-26T00:42:17","guid":{"rendered":"https:\/\/exlibris.ee\/toode\/der-sandmann-horbuch\/"},"modified":"2026-04-05T17:25:59","modified_gmt":"2026-04-05T14:25:59","slug":"der-sandmann-horbuch","status":"publish","type":"product","link":"https:\/\/exlibris.ee\/en\/product\/der-sandmann-horbuch\/","title":{"rendered":"Der Sandmann H\u00f6rbuch"},"content":{"rendered":"<p>Als sich der Student Nathanael in die sch\u00f6ne Olimpia verliebt, vermischen sich Realit\u00e4t und Wahn.<br \/>\nE.T.A. Hoffmanns wohl ber\u00fchmteste Erz\u00e4hlung als H\u00f6rbuch.<\/p>\n","protected":false},"excerpt":{"rendered":"<p>Als sich der Student Nathanael in die sch\u00f6ne Olimpia verliebt, vermischen sich Realit\u00e4t und Wahn. E.T.A. Hoffmanns wohl ber\u00fchmteste Erz\u00e4hlung als H\u00f6rbuch.<\/p>\n","protected":false},"featured_media":120422,"template":"","meta":{"_acf_changed":false,"inline_featured_image":false},"product_brand":[],"product_cat":[851],"product_tag":[],"series":[],"publisher":[{"id":2333,"name":"Argon Verlag","slug":"argon-verlag"}],"class_list":{"0":"post-120642","1":"product","2":"type-product","3":"status-publish","4":"has-post-thumbnail","6":"product_cat-lesetexte-deutsch","7":"publisher-argon-verlag","9":"first","10":"instock","11":"taxable","12":"shipping-taxable","13":"purchasable","14":"product-type-simple"},"acf":[],"_links":{"self":[{"href":"https:\/\/exlibris.ee\/en\/wp-json\/wp\/v2\/product\/120642","targetHints":{"allow":["GET"]}}],"collection":[{"href":"https:\/\/exlibris.ee\/en\/wp-json\/wp\/v2\/product"}],"about":[{"href":"https:\/\/exlibris.ee\/en\/wp-json\/wp\/v2\/types\/product"}],"wp:featuredmedia":[{"embeddable":true,"href":"https:\/\/exlibris.ee\/en\/wp-json\/wp\/v2\/media\/120422"}],"wp:attachment":[{"href":"https:\/\/exlibris.ee\/en\/wp-json\/wp\/v2\/media?parent=120642"}],"wp:term":[{"taxonomy":"product_brand","embeddable":true,"href":"https:\/\/exlibris.ee\/en\/wp-json\/wp\/v2\/product_brand?post=120642"},{"taxonomy":"product_cat","embeddable":true,"href":"https:\/\/exlibris.ee\/en\/wp-json\/wp\/v2\/product_cat?post=120642"},{"taxonomy":"product_tag","embeddable":true,"href":"https:\/\/exlibris.ee\/en\/wp-json\/wp\/v2\/product_tag?post=120642"},{"taxonomy":"series","embeddable":true,"href":"https:\/\/exlibris.ee\/en\/wp-json\/wp\/v2\/series?post=120642"},{"taxonomy":"publisher","embeddable":true,"href":"https:\/\/exlibris.ee\/en\/wp-json\/wp\/v2\/publisher?post=120642"}],"curies":[{"name":"wp","href":"https:\/\/api.w.org\/{rel}","templated":true}]}}