{"id":120643,"date":"2024-03-26T02:42:17","date_gmt":"2024-03-26T00:42:17","guid":{"rendered":"https:\/\/exlibris.ee\/toode\/novelle-horbuch\/"},"modified":"2026-04-14T21:23:17","modified_gmt":"2026-04-14T18:23:17","slug":"novelle-horbuch","status":"publish","type":"product","link":"https:\/\/exlibris.ee\/en\/product\/novelle-horbuch\/","title":{"rendered":"Novelle H\u00f6rbuch"},"content":{"rendered":"<p>Eines Tages im Herbst, an dem ein Zirkus mit wilden Raubtieren in der Stadt ist, reitet das f\u00fcrstliche Jagdgefolge aus. Durch ein pl\u00f6tzliches Feuer entfliehen Tiger und L\u00f6we und bedrohen die Gemahlin des F\u00fcrsten. Ein Knabe mit einer Fl\u00f6te verspricht Rettung, an die zun\u00e4chst niemand glaubt.<br \/>\nDie meisterhaft erz\u00e4hlte Novelle von Johann Wolfgang Goethe.<\/p>\n","protected":false},"excerpt":{"rendered":"<p>Eines Tages im Herbst, an dem ein Zirkus mit wilden Raubtieren in der Stadt ist, reitet das f\u00fcrstliche Jagdgefolge aus. Durch ein pl\u00f6tzliches Feuer entfliehen Tiger und L\u00f6we und bedrohen die Gemahlin des F\u00fcrsten. Ein Knabe mit einer Fl\u00f6te verspricht&#8230;<\/p>\n","protected":false},"featured_media":120425,"template":"","meta":{"_acf_changed":false,"inline_featured_image":false},"product_brand":[],"product_cat":[851],"product_tag":[],"series":[],"publisher":[{"id":2333,"name":"Argon Verlag","slug":"argon-verlag"}],"class_list":{"0":"post-120643","1":"product","2":"type-product","3":"status-publish","4":"has-post-thumbnail","6":"product_cat-lesetexte-deutsch","7":"publisher-argon-verlag","9":"first","10":"instock","11":"taxable","12":"shipping-taxable","13":"purchasable","14":"product-type-simple"},"acf":[],"_links":{"self":[{"href":"https:\/\/exlibris.ee\/en\/wp-json\/wp\/v2\/product\/120643","targetHints":{"allow":["GET"]}}],"collection":[{"href":"https:\/\/exlibris.ee\/en\/wp-json\/wp\/v2\/product"}],"about":[{"href":"https:\/\/exlibris.ee\/en\/wp-json\/wp\/v2\/types\/product"}],"wp:featuredmedia":[{"embeddable":true,"href":"https:\/\/exlibris.ee\/en\/wp-json\/wp\/v2\/media\/120425"}],"wp:attachment":[{"href":"https:\/\/exlibris.ee\/en\/wp-json\/wp\/v2\/media?parent=120643"}],"wp:term":[{"taxonomy":"product_brand","embeddable":true,"href":"https:\/\/exlibris.ee\/en\/wp-json\/wp\/v2\/product_brand?post=120643"},{"taxonomy":"product_cat","embeddable":true,"href":"https:\/\/exlibris.ee\/en\/wp-json\/wp\/v2\/product_cat?post=120643"},{"taxonomy":"product_tag","embeddable":true,"href":"https:\/\/exlibris.ee\/en\/wp-json\/wp\/v2\/product_tag?post=120643"},{"taxonomy":"series","embeddable":true,"href":"https:\/\/exlibris.ee\/en\/wp-json\/wp\/v2\/series?post=120643"},{"taxonomy":"publisher","embeddable":true,"href":"https:\/\/exlibris.ee\/en\/wp-json\/wp\/v2\/publisher?post=120643"}],"curies":[{"name":"wp","href":"https:\/\/api.w.org\/{rel}","templated":true}]}}