{"id":120645,"date":"2024-03-26T02:42:17","date_gmt":"2024-03-26T00:42:17","guid":{"rendered":"https:\/\/exlibris.ee\/toode\/das-hassliche-entlein-und-andere-marchen-horbuch\/"},"modified":"2026-04-11T01:29:45","modified_gmt":"2026-04-10T22:29:45","slug":"das-hassliche-entlein-und-andere-marchen-horbuch","status":"publish","type":"product","link":"https:\/\/exlibris.ee\/en\/product\/das-hassliche-entlein-und-andere-marchen-horbuch\/","title":{"rendered":"Das h\u00e4ssliche Entlein und andere M\u00e4rchen H\u00f6rbuch"},"content":{"rendered":"<p>Eine zeitlose Auswahl der sch\u00f6nsten M\u00e4rchen von Hans Christian Andersen:<br \/>\n1. Das h\u00e4ssliche Entlein<br \/>\n2. Der fliegende Koffer<br \/>\n3. Der Schweinehirt<\/p>\n","protected":false},"excerpt":{"rendered":"<p>Eine zeitlose Auswahl der sch\u00f6nsten M\u00e4rchen von Hans Christian Andersen: 1. Das h\u00e4ssliche Entlein 2. Der fliegende Koffer 3. Der Schweinehirt<\/p>\n","protected":false},"featured_media":120431,"template":"","meta":{"_acf_changed":false,"inline_featured_image":false},"product_brand":[],"product_cat":[851],"product_tag":[],"series":[],"publisher":[{"id":2333,"name":"Argon Verlag","slug":"argon-verlag"}],"class_list":{"0":"post-120645","1":"product","2":"type-product","3":"status-publish","4":"has-post-thumbnail","6":"product_cat-lesetexte-deutsch","7":"publisher-argon-verlag","9":"first","10":"instock","11":"taxable","12":"shipping-taxable","13":"purchasable","14":"product-type-simple"},"acf":[],"_links":{"self":[{"href":"https:\/\/exlibris.ee\/en\/wp-json\/wp\/v2\/product\/120645","targetHints":{"allow":["GET"]}}],"collection":[{"href":"https:\/\/exlibris.ee\/en\/wp-json\/wp\/v2\/product"}],"about":[{"href":"https:\/\/exlibris.ee\/en\/wp-json\/wp\/v2\/types\/product"}],"wp:featuredmedia":[{"embeddable":true,"href":"https:\/\/exlibris.ee\/en\/wp-json\/wp\/v2\/media\/120431"}],"wp:attachment":[{"href":"https:\/\/exlibris.ee\/en\/wp-json\/wp\/v2\/media?parent=120645"}],"wp:term":[{"taxonomy":"product_brand","embeddable":true,"href":"https:\/\/exlibris.ee\/en\/wp-json\/wp\/v2\/product_brand?post=120645"},{"taxonomy":"product_cat","embeddable":true,"href":"https:\/\/exlibris.ee\/en\/wp-json\/wp\/v2\/product_cat?post=120645"},{"taxonomy":"product_tag","embeddable":true,"href":"https:\/\/exlibris.ee\/en\/wp-json\/wp\/v2\/product_tag?post=120645"},{"taxonomy":"series","embeddable":true,"href":"https:\/\/exlibris.ee\/en\/wp-json\/wp\/v2\/series?post=120645"},{"taxonomy":"publisher","embeddable":true,"href":"https:\/\/exlibris.ee\/en\/wp-json\/wp\/v2\/publisher?post=120645"}],"curies":[{"name":"wp","href":"https:\/\/api.w.org\/{rel}","templated":true}]}}