{"id":120672,"date":"2024-03-27T02:49:21","date_gmt":"2024-03-27T00:49:21","guid":{"rendered":"https:\/\/exlibris.ee\/toode\/die-angst-und-der-tod-carsten-tsara-macht-sich-sorgen-cd-taschenbuch\/"},"modified":"2026-04-04T03:15:58","modified_gmt":"2026-04-04T00:15:58","slug":"die-angst-und-der-tod-carsten-tsara-macht-sich-sorgen-cd-taschenbuch","status":"publish","type":"product","link":"https:\/\/exlibris.ee\/en\/product\/die-angst-und-der-tod-carsten-tsara-macht-sich-sorgen-cd-taschenbuch\/","title":{"rendered":"Die Angst und der Tod. Carsten Tsara macht sich Sorgen CD + Taschenbuch"},"content":{"rendered":"<p>Niveau B1<br \/>\nCarsten Tsara ist Anfang 30 und Privatdetektiv. Er vertraut seiner Intuition und seinem Wahlspruch: Probieren geht \u00fcber Studieren.<br \/>\nWas wissen wir \u00fcber die Menschen in unserer N\u00e4he? &#8211; So wenig, dass es unheimlich werden kann. Carsten Tsara denkt \u00fcber das Leben nach und \u00fcber den Tod. Auf einmahl sieht er seine Umwelt mit anderen Augen. Seine Nachbarin bittet ihn um einen kleinen Gefallen. Er betritt in ihrer Abwesenheit ihre Wohnung und macht eine unheimliche Entdeckung&#8230;<\/p>\n","protected":false},"excerpt":{"rendered":"<p>Niveau B1 Carsten Tsara ist Anfang 30 und Privatdetektiv. Er vertraut seiner Intuition und seinem Wahlspruch: Probieren geht \u00fcber Studieren. Was wissen wir \u00fcber die Menschen in unserer N\u00e4he? &#8211; So wenig, dass es unheimlich werden kann. Carsten Tsara denkt&#8230;<\/p>\n","protected":false},"featured_media":111117,"template":"","meta":{"_acf_changed":false,"inline_featured_image":false},"product_brand":[],"product_cat":[851],"product_tag":[],"series":[{"id":2338,"name":"H\u00f6rbuch Krimi","slug":"horbuch-krimi"}],"publisher":[{"id":497,"name":"Hueber Verlag","slug":"hueber-verlag"}],"class_list":{"0":"post-120672","1":"product","2":"type-product","3":"status-publish","4":"has-post-thumbnail","6":"product_cat-lesetexte-deutsch","7":"series-horbuch-krimi","8":"publisher-hueber-verlag","10":"first","11":"instock","12":"taxable","13":"shipping-taxable","14":"purchasable","15":"product-type-simple"},"acf":[],"_links":{"self":[{"href":"https:\/\/exlibris.ee\/en\/wp-json\/wp\/v2\/product\/120672","targetHints":{"allow":["GET"]}}],"collection":[{"href":"https:\/\/exlibris.ee\/en\/wp-json\/wp\/v2\/product"}],"about":[{"href":"https:\/\/exlibris.ee\/en\/wp-json\/wp\/v2\/types\/product"}],"wp:featuredmedia":[{"embeddable":true,"href":"https:\/\/exlibris.ee\/en\/wp-json\/wp\/v2\/media\/111117"}],"wp:attachment":[{"href":"https:\/\/exlibris.ee\/en\/wp-json\/wp\/v2\/media?parent=120672"}],"wp:term":[{"taxonomy":"product_brand","embeddable":true,"href":"https:\/\/exlibris.ee\/en\/wp-json\/wp\/v2\/product_brand?post=120672"},{"taxonomy":"product_cat","embeddable":true,"href":"https:\/\/exlibris.ee\/en\/wp-json\/wp\/v2\/product_cat?post=120672"},{"taxonomy":"product_tag","embeddable":true,"href":"https:\/\/exlibris.ee\/en\/wp-json\/wp\/v2\/product_tag?post=120672"},{"taxonomy":"series","embeddable":true,"href":"https:\/\/exlibris.ee\/en\/wp-json\/wp\/v2\/series?post=120672"},{"taxonomy":"publisher","embeddable":true,"href":"https:\/\/exlibris.ee\/en\/wp-json\/wp\/v2\/publisher?post=120672"}],"curies":[{"name":"wp","href":"https:\/\/api.w.org\/{rel}","templated":true}]}}