{"id":120676,"date":"2024-03-27T02:49:22","date_gmt":"2024-03-27T00:49:22","guid":{"rendered":"https:\/\/exlibris.ee\/toode\/training-zentrale-mittelstufenprufung-band-1-hortexte-3-cds\/"},"modified":"2026-04-13T05:28:23","modified_gmt":"2026-04-13T02:28:23","slug":"training-zentrale-mittelstufenprufung-band-1-hortexte-3-cds","status":"publish","type":"product","link":"https:\/\/exlibris.ee\/en\/product\/training-zentrale-mittelstufenprufung-band-1-hortexte-3-cds\/","title":{"rendered":"Training Zentrale Mittelstufenpr\u00fcfung Band 1 H\u00f6rtexte, 3 CDs"},"content":{"rendered":"<p>Band 1: Leseverstehen und H\u00f6rverstehen<\/p>\n","protected":false},"excerpt":{"rendered":"<p>Band 1: Leseverstehen und H\u00f6rverstehen<\/p>\n","protected":false},"featured_media":120314,"template":"","meta":{"_acf_changed":false,"inline_featured_image":false},"product_brand":[],"product_cat":[470],"product_tag":[],"series":[],"publisher":[{"id":497,"name":"Hueber Verlag","slug":"hueber-verlag"}],"class_list":{"0":"post-120676","1":"product","2":"type-product","3":"status-publish","4":"has-post-thumbnail","6":"product_cat-saksa-keel","7":"publisher-hueber-verlag","9":"first","10":"instock","11":"taxable","12":"shipping-taxable","13":"purchasable","14":"product-type-simple"},"acf":[],"_links":{"self":[{"href":"https:\/\/exlibris.ee\/en\/wp-json\/wp\/v2\/product\/120676","targetHints":{"allow":["GET"]}}],"collection":[{"href":"https:\/\/exlibris.ee\/en\/wp-json\/wp\/v2\/product"}],"about":[{"href":"https:\/\/exlibris.ee\/en\/wp-json\/wp\/v2\/types\/product"}],"wp:featuredmedia":[{"embeddable":true,"href":"https:\/\/exlibris.ee\/en\/wp-json\/wp\/v2\/media\/120314"}],"wp:attachment":[{"href":"https:\/\/exlibris.ee\/en\/wp-json\/wp\/v2\/media?parent=120676"}],"wp:term":[{"taxonomy":"product_brand","embeddable":true,"href":"https:\/\/exlibris.ee\/en\/wp-json\/wp\/v2\/product_brand?post=120676"},{"taxonomy":"product_cat","embeddable":true,"href":"https:\/\/exlibris.ee\/en\/wp-json\/wp\/v2\/product_cat?post=120676"},{"taxonomy":"product_tag","embeddable":true,"href":"https:\/\/exlibris.ee\/en\/wp-json\/wp\/v2\/product_tag?post=120676"},{"taxonomy":"series","embeddable":true,"href":"https:\/\/exlibris.ee\/en\/wp-json\/wp\/v2\/series?post=120676"},{"taxonomy":"publisher","embeddable":true,"href":"https:\/\/exlibris.ee\/en\/wp-json\/wp\/v2\/publisher?post=120676"}],"curies":[{"name":"wp","href":"https:\/\/api.w.org\/{rel}","templated":true}]}}