{"id":120677,"date":"2024-03-27T02:49:22","date_gmt":"2024-03-27T00:49:22","guid":{"rendered":"https:\/\/exlibris.ee\/toode\/ubungsgrammatik-2-cds\/"},"modified":"2026-04-17T15:36:04","modified_gmt":"2026-04-17T12:36:04","slug":"ubungsgrammatik-2-cds","status":"publish","type":"product","link":"https:\/\/exlibris.ee\/en\/product\/ubungsgrammatik-2-cds\/","title":{"rendered":"\u00dcbungsgrammatik 2 CDs"},"content":{"rendered":"<p>F\u00fcr Anf\u00e4nger<br \/>\nTeil 1: Basis\u00fcbungen (Auswahl)<\/p>\n","protected":false},"excerpt":{"rendered":"<p>F\u00fcr Anf\u00e4nger Teil 1: Basis\u00fcbungen (Auswahl)<\/p>\n","protected":false},"featured_media":120317,"template":"","meta":{"_acf_changed":false,"inline_featured_image":false},"product_brand":[],"product_cat":[480],"product_tag":[],"series":[],"publisher":[{"id":497,"name":"Hueber Verlag","slug":"hueber-verlag"}],"class_list":{"0":"post-120677","1":"product","2":"type-product","3":"status-publish","4":"has-post-thumbnail","6":"product_cat-grammatiken","7":"publisher-hueber-verlag","9":"first","10":"instock","11":"taxable","12":"shipping-taxable","13":"purchasable","14":"product-type-simple"},"acf":[],"_links":{"self":[{"href":"https:\/\/exlibris.ee\/en\/wp-json\/wp\/v2\/product\/120677","targetHints":{"allow":["GET"]}}],"collection":[{"href":"https:\/\/exlibris.ee\/en\/wp-json\/wp\/v2\/product"}],"about":[{"href":"https:\/\/exlibris.ee\/en\/wp-json\/wp\/v2\/types\/product"}],"wp:featuredmedia":[{"embeddable":true,"href":"https:\/\/exlibris.ee\/en\/wp-json\/wp\/v2\/media\/120317"}],"wp:attachment":[{"href":"https:\/\/exlibris.ee\/en\/wp-json\/wp\/v2\/media?parent=120677"}],"wp:term":[{"taxonomy":"product_brand","embeddable":true,"href":"https:\/\/exlibris.ee\/en\/wp-json\/wp\/v2\/product_brand?post=120677"},{"taxonomy":"product_cat","embeddable":true,"href":"https:\/\/exlibris.ee\/en\/wp-json\/wp\/v2\/product_cat?post=120677"},{"taxonomy":"product_tag","embeddable":true,"href":"https:\/\/exlibris.ee\/en\/wp-json\/wp\/v2\/product_tag?post=120677"},{"taxonomy":"series","embeddable":true,"href":"https:\/\/exlibris.ee\/en\/wp-json\/wp\/v2\/series?post=120677"},{"taxonomy":"publisher","embeddable":true,"href":"https:\/\/exlibris.ee\/en\/wp-json\/wp\/v2\/publisher?post=120677"}],"curies":[{"name":"wp","href":"https:\/\/api.w.org\/{rel}","templated":true}]}}