{"id":120683,"date":"2024-03-27T02:56:08","date_gmt":"2024-03-27T00:56:08","guid":{"rendered":"https:\/\/exlibris.ee\/toode\/der-ruf-der-tagesfische-und-andere-geschichten-cd-taschenbuch\/"},"modified":"2026-04-13T23:36:54","modified_gmt":"2026-04-13T20:36:54","slug":"der-ruf-der-tagesfische-und-andere-geschichten-cd-taschenbuch","status":"publish","type":"product","link":"https:\/\/exlibris.ee\/en\/product\/der-ruf-der-tagesfische-und-andere-geschichten-cd-taschenbuch\/","title":{"rendered":"Der Ruf der Tagesfische und andere Geschichten CD + Taschenbuch"},"content":{"rendered":"<p>Niveau B2<br \/>\nDer Autor l\u00e4sst Personen wie du und ich lebendig werden, stellt sie mit Sympathie und Verst\u00e4ndnis dar und macht die Lekt\u00fcre und das Zuh\u00f6ren so zu einem unterhaltsamen Vergn\u00fcgen.<br \/>\nDa liegt ein Hauch von liebevollem Am\u00fcsement, manchmal auch von Wehmut \u00fcber den Geschichten, die nicht nur angenehm zu lesen sind, sondern auch zum Nachdenken auffordern.<\/p>\n","protected":false},"excerpt":{"rendered":"<p>Niveau B2 Der Autor l\u00e4sst Personen wie du und ich lebendig werden, stellt sie mit Sympathie und Verst\u00e4ndnis dar und macht die Lekt\u00fcre und das Zuh\u00f6ren so zu einem unterhaltsamen Vergn\u00fcgen. Da liegt ein Hauch von liebevollem Am\u00fcsement, manchmal auch&#8230;<\/p>\n","protected":false},"featured_media":111147,"template":"","meta":{"_acf_changed":false,"inline_featured_image":false},"product_brand":[],"product_cat":[851],"product_tag":[],"series":[{"id":2339,"name":"H\u00f6rbuch Kurzgeschichten","slug":"horbuch-kurzgeschichten"}],"publisher":[{"id":497,"name":"Hueber Verlag","slug":"hueber-verlag"}],"class_list":{"0":"post-120683","1":"product","2":"type-product","3":"status-publish","4":"has-post-thumbnail","6":"product_cat-lesetexte-deutsch","7":"series-horbuch-kurzgeschichten","8":"publisher-hueber-verlag","10":"first","11":"instock","12":"taxable","13":"shipping-taxable","14":"purchasable","15":"product-type-simple"},"acf":[],"_links":{"self":[{"href":"https:\/\/exlibris.ee\/en\/wp-json\/wp\/v2\/product\/120683","targetHints":{"allow":["GET"]}}],"collection":[{"href":"https:\/\/exlibris.ee\/en\/wp-json\/wp\/v2\/product"}],"about":[{"href":"https:\/\/exlibris.ee\/en\/wp-json\/wp\/v2\/types\/product"}],"wp:featuredmedia":[{"embeddable":true,"href":"https:\/\/exlibris.ee\/en\/wp-json\/wp\/v2\/media\/111147"}],"wp:attachment":[{"href":"https:\/\/exlibris.ee\/en\/wp-json\/wp\/v2\/media?parent=120683"}],"wp:term":[{"taxonomy":"product_brand","embeddable":true,"href":"https:\/\/exlibris.ee\/en\/wp-json\/wp\/v2\/product_brand?post=120683"},{"taxonomy":"product_cat","embeddable":true,"href":"https:\/\/exlibris.ee\/en\/wp-json\/wp\/v2\/product_cat?post=120683"},{"taxonomy":"product_tag","embeddable":true,"href":"https:\/\/exlibris.ee\/en\/wp-json\/wp\/v2\/product_tag?post=120683"},{"taxonomy":"series","embeddable":true,"href":"https:\/\/exlibris.ee\/en\/wp-json\/wp\/v2\/series?post=120683"},{"taxonomy":"publisher","embeddable":true,"href":"https:\/\/exlibris.ee\/en\/wp-json\/wp\/v2\/publisher?post=120683"}],"curies":[{"name":"wp","href":"https:\/\/api.w.org\/{rel}","templated":true}]}}