{"id":120688,"date":"2024-03-27T03:48:29","date_gmt":"2024-03-27T01:48:29","guid":{"rendered":"https:\/\/exlibris.ee\/toode\/berlitz-vestmiku-cd-soome-keel\/"},"modified":"2026-04-20T13:39:44","modified_gmt":"2026-04-20T10:39:44","slug":"berlitz-vestmiku-cd-soome-keel","status":"publish","type":"product","link":"https:\/\/exlibris.ee\/en\/product\/berlitz-vestmiku-cd-soome-keel\/","title":{"rendered":"Berlitz vestmiku CD. Soome keel"},"content":{"rendered":"<p>CD on hea ja praktiline abimaterjal elementaarse suhtlemisoskuse omandamiseks ning aitab enne reisi keeleoskust turgutada.<br \/>\n* dialoogides \u00fcle 300 esmat\u00e4htsa v\u00e4ljendi<br \/>\n* mugav \u00fclesehitus aitab kiiresti leida vajaliku teema<br \/>\n* sobib kuulamiseks kodus, autos, reisil.<\/p>\n","protected":false},"excerpt":{"rendered":"<p>CD on hea ja praktiline abimaterjal elementaarse suhtlemisoskuse omandamiseks ning aitab enne reisi keeleoskust turgutada. * dialoogides \u00fcle 300 esmat\u00e4htsa v\u00e4ljendi * mugav \u00fclesehitus aitab kiiresti leida vajaliku teema * sobib kuulamiseks kodus, autos, reisil.<\/p>\n","protected":false},"featured_media":120661,"template":"","meta":{"_acf_changed":false,"inline_featured_image":false},"product_brand":[],"product_cat":[673],"product_tag":[],"series":[{"id":2341,"name":"Berlitz soome keel","slug":"berlitz-soome-keel"}],"publisher":[{"id":692,"name":"TEA","slug":"tea"}],"class_list":{"0":"post-120688","1":"product","2":"type-product","3":"status-publish","4":"has-post-thumbnail","6":"product_cat-soome-keel","7":"series-berlitz-soome-keel","8":"publisher-tea","10":"first","11":"instock","12":"taxable","13":"shipping-taxable","14":"purchasable","15":"product-type-simple"},"acf":[],"_links":{"self":[{"href":"https:\/\/exlibris.ee\/en\/wp-json\/wp\/v2\/product\/120688","targetHints":{"allow":["GET"]}}],"collection":[{"href":"https:\/\/exlibris.ee\/en\/wp-json\/wp\/v2\/product"}],"about":[{"href":"https:\/\/exlibris.ee\/en\/wp-json\/wp\/v2\/types\/product"}],"wp:featuredmedia":[{"embeddable":true,"href":"https:\/\/exlibris.ee\/en\/wp-json\/wp\/v2\/media\/120661"}],"wp:attachment":[{"href":"https:\/\/exlibris.ee\/en\/wp-json\/wp\/v2\/media?parent=120688"}],"wp:term":[{"taxonomy":"product_brand","embeddable":true,"href":"https:\/\/exlibris.ee\/en\/wp-json\/wp\/v2\/product_brand?post=120688"},{"taxonomy":"product_cat","embeddable":true,"href":"https:\/\/exlibris.ee\/en\/wp-json\/wp\/v2\/product_cat?post=120688"},{"taxonomy":"product_tag","embeddable":true,"href":"https:\/\/exlibris.ee\/en\/wp-json\/wp\/v2\/product_tag?post=120688"},{"taxonomy":"series","embeddable":true,"href":"https:\/\/exlibris.ee\/en\/wp-json\/wp\/v2\/series?post=120688"},{"taxonomy":"publisher","embeddable":true,"href":"https:\/\/exlibris.ee\/en\/wp-json\/wp\/v2\/publisher?post=120688"}],"curies":[{"name":"wp","href":"https:\/\/api.w.org\/{rel}","templated":true}]}}