{"id":121525,"date":"2024-04-04T03:19:07","date_gmt":"2024-04-04T00:19:07","guid":{"rendered":"https:\/\/exlibris.ee\/toode\/vaike-inglise-eesti-vene-meditsiinsonastik-tervishoiutootajale\/"},"modified":"2026-04-03T13:24:51","modified_gmt":"2026-04-03T10:24:51","slug":"vaike-inglise-eesti-vene-meditsiinsonastik-tervishoiutootajale","status":"publish","type":"product","link":"https:\/\/exlibris.ee\/en\/product\/vaike-inglise-eesti-vene-meditsiinsonastik-tervishoiutootajale\/","title":{"rendered":"V\u00e4ike inglise-eesti-vene meditsiins\u00f5nastik tervishoiut\u00f6\u00f6tajale"},"content":{"rendered":"<p>&#8220;V\u00e4ike inglise-eesti-vene meditsiinis\u00f5nastik tervishoiut\u00f6\u00f6tajale&#8221; on m\u00f5eldud rakenduslike meditsiini\u00f5ppeasutuste \u00fcli\u00f5pilastele ning tervishoius\u00fcsteemi keskastme meditsiinit\u00f6\u00f6tajatele. S\u00f5nastik on erialase inglise keele omandamise \u00f5ppevahend ja meditsiinit\u00f6\u00f6taja igap\u00e4evane praktiline abivahend. \u201eV\u00e4ike inglise-eesti-vene meditsiinis\u00f5nastik tervishoiut\u00f6\u00f6tajatele\u201d sisaldab \u00fcle 3600 s\u00f5naartikli, m\u00e4rks\u00f5nade valikul on l\u00e4htutud ametialase terminoloogia ja k\u00f5nekeele vajadusest. M\u00e4rks\u00f5nastik sisaldab peamiselt tervishoius\u00fcsteemi keskastme meditsiinit\u00f6\u00f6tajate t\u00f6\u00f6sse puutuvat s\u00f5navara.<\/p>\n","protected":false},"excerpt":{"rendered":"<p>&#8220;V\u00e4ike inglise-eesti-vene meditsiinis\u00f5nastik tervishoiut\u00f6\u00f6tajale&#8221; on m\u00f5eldud rakenduslike meditsiini\u00f5ppeasutuste \u00fcli\u00f5pilastele ning tervishoius\u00fcsteemi keskastme meditsiinit\u00f6\u00f6tajatele. S\u00f5nastik on erialase inglise keele omandamise \u00f5ppevahend ja meditsiinit\u00f6\u00f6taja igap\u00e4evane praktiline abivahend. \u201eV\u00e4ike inglise-eesti-vene meditsiinis\u00f5nastik tervishoiut\u00f6\u00f6tajatele\u201d sisaldab \u00fcle 3600 s\u00f5naartikli, m\u00e4rks\u00f5nade valikul on l\u00e4htutud ametialase terminoloogia ja&#8230;<\/p>\n","protected":false},"featured_media":121505,"template":"","meta":{"_acf_changed":false,"inline_featured_image":false},"product_brand":[],"product_cat":[196],"product_tag":[],"series":[],"publisher":[{"id":692,"name":"TEA","slug":"tea"}],"class_list":{"0":"post-121525","1":"product","2":"type-product","3":"status-publish","4":"has-post-thumbnail","6":"product_cat-professional-and-business-english","7":"publisher-tea","9":"first","10":"instock","11":"taxable","12":"shipping-taxable","13":"purchasable","14":"product-type-simple"},"acf":[],"_links":{"self":[{"href":"https:\/\/exlibris.ee\/en\/wp-json\/wp\/v2\/product\/121525","targetHints":{"allow":["GET"]}}],"collection":[{"href":"https:\/\/exlibris.ee\/en\/wp-json\/wp\/v2\/product"}],"about":[{"href":"https:\/\/exlibris.ee\/en\/wp-json\/wp\/v2\/types\/product"}],"wp:featuredmedia":[{"embeddable":true,"href":"https:\/\/exlibris.ee\/en\/wp-json\/wp\/v2\/media\/121505"}],"wp:attachment":[{"href":"https:\/\/exlibris.ee\/en\/wp-json\/wp\/v2\/media?parent=121525"}],"wp:term":[{"taxonomy":"product_brand","embeddable":true,"href":"https:\/\/exlibris.ee\/en\/wp-json\/wp\/v2\/product_brand?post=121525"},{"taxonomy":"product_cat","embeddable":true,"href":"https:\/\/exlibris.ee\/en\/wp-json\/wp\/v2\/product_cat?post=121525"},{"taxonomy":"product_tag","embeddable":true,"href":"https:\/\/exlibris.ee\/en\/wp-json\/wp\/v2\/product_tag?post=121525"},{"taxonomy":"series","embeddable":true,"href":"https:\/\/exlibris.ee\/en\/wp-json\/wp\/v2\/series?post=121525"},{"taxonomy":"publisher","embeddable":true,"href":"https:\/\/exlibris.ee\/en\/wp-json\/wp\/v2\/publisher?post=121525"}],"curies":[{"name":"wp","href":"https:\/\/api.w.org\/{rel}","templated":true}]}}